{"id":728630,"date":"2025-08-27T20:42:37","date_gmt":"2025-08-27T17:42:37","guid":{"rendered":"https:\/\/roveyayinevi.com.tr\/index.php\/urun\/butun-siirleri-5\/"},"modified":"2026-04-16T02:36:33","modified_gmt":"2026-04-15T23:36:33","slug":"butun-siirleri-5","status":"publish","type":"product","link":"https:\/\/roveyayinevi.com.tr\/index.php\/urun\/butun-siirleri-5\/","title":{"rendered":"B\u00fct\u00fcn \u015eiirleri"},"content":{"rendered":"<p>T\u00fcrk \u015fiirinde t\u00fcm ta\u015flar\u0131 yerinden oynatan ve sadece \u015fiirleriyle de\u011fil, yaz\u0131lar\u0131, hik\u00e2yeleri ve t\u00fcm \u00e7evirileriyle kendinden sonraki T\u00fcrk edebiyat\u0131n\u0131n b\u00fct\u00fcn\u00fcne etki etmi\u015f bir isim Orhan Veli. B\u00fct\u00fcn eserleriyle K\u0131rm\u0131z\u0131 Kedi\u2019de.K\u00fclliyat\u0131n bu cildi B\u00fct\u00fcn \u015eiirleri, Orhan Veli\u2019nin daha \u00f6nce kitaplar\u0131nda yay\u0131mlanan, dergi veya gazetelerde yay\u0131mlan\u0131p kitaplar\u0131na girmeyen ve \u00f6l\u00fcm\u00fcnden sonra yay\u0131mlanan \u015fiirlerinden olu\u015fuyor. Necati Tonga ve Tahsin Y\u0131ld\u0131r\u0131m\u2019\u0131n b\u00fcy\u00fck bir titizlikle \u201cele\u015ftirel bas\u0131m\u201d olarak haz\u0131rlad\u0131\u011f\u0131 kitapta, \u015fairin sa\u011fl\u0131\u011f\u0131nda yay\u0131mlanan \u015fiir kitaplar\u0131na ula\u015f\u0131ld\u0131, \u015fiirlerin yay\u0131mland\u0131\u011f\u0131 dergi ve gazeteler kontrol edildi ve bu sayede bask\u0131lar aras\u0131ndaki farklar ortaya konarak en sa\u011flam n\u00fcshaya ula\u015f\u0131lmaya \u00e7al\u0131\u015f\u0131ld\u0131. Bu kitab\u0131 di\u011ferlerinden farkl\u0131 k\u0131lan y\u00f6nlerinden bir di\u011feri ise Orhan Veli\u2019nin daha \u00f6nce kitaplar\u0131na girmemi\u015f yedi \u015fiirine yer vermesi.Art\u0131k Orhan Veli\u2019yi eksiksiz okuyabileceksiniz.<\/p>\n","protected":false},"excerpt":{"rendered":"<p>T\u00fcrk \u015fiirinde t\u00fcm ta\u015flar\u0131 yerinden oynatan ve sadece \u015fiirleriyle de\u011fil, yaz\u0131lar\u0131, hik\u00e2yeleri ve t\u00fcm \u00e7evirileriyle kendinden sonraki T\u00fcrk edebiyat\u0131n\u0131n b\u00fct\u00fcn\u00fcne etki etmi\u015f bir isim Orhan Veli.<span class=\"excerpt-hellip\"> [\u2026]<\/span><\/p>\n","protected":false},"featured_media":0,"template":"","meta":{"_monsterinsights_skip_tracking":false,"_monsterinsights_sitenote_active":false,"_monsterinsights_sitenote_note":"","_monsterinsights_sitenote_category":0},"product_brand":[],"product_cat":[12291,12509],"product_tag":[],"class_list":{"0":"post-728630","1":"product","2":"type-product","3":"status-publish","5":"product_cat-edebiyat","6":"product_cat-siir","7":"pa_cilt-ciltsiz","8":"pa_tur-kitap","9":"pa_yayinevi-kirmizi-kedi-yayinevi","10":"pa_yazar-orhan-veli-kanik","12":"first","13":"instock","14":"sale","15":"shipping-taxable","16":"purchasable","17":"product-type-simple"},"_links":{"self":[{"href":"https:\/\/roveyayinevi.com.tr\/index.php\/wp-json\/wp\/v2\/product\/728630","targetHints":{"allow":["GET"]}}],"collection":[{"href":"https:\/\/roveyayinevi.com.tr\/index.php\/wp-json\/wp\/v2\/product"}],"about":[{"href":"https:\/\/roveyayinevi.com.tr\/index.php\/wp-json\/wp\/v2\/types\/product"}],"wp:attachment":[{"href":"https:\/\/roveyayinevi.com.tr\/index.php\/wp-json\/wp\/v2\/media?parent=728630"}],"wp:term":[{"taxonomy":"product_brand","embeddable":true,"href":"https:\/\/roveyayinevi.com.tr\/index.php\/wp-json\/wp\/v2\/product_brand?post=728630"},{"taxonomy":"product_cat","embeddable":true,"href":"https:\/\/roveyayinevi.com.tr\/index.php\/wp-json\/wp\/v2\/product_cat?post=728630"},{"taxonomy":"product_tag","embeddable":true,"href":"https:\/\/roveyayinevi.com.tr\/index.php\/wp-json\/wp\/v2\/product_tag?post=728630"}],"curies":[{"name":"wp","href":"https:\/\/api.w.org\/{rel}","templated":true}]}}