{"id":728629,"date":"2025-08-27T20:42:25","date_gmt":"2025-08-27T17:42:25","guid":{"rendered":"https:\/\/roveyayinevi.com.tr\/index.php\/urun\/dolu-botlar\/"},"modified":"2026-04-16T02:36:33","modified_gmt":"2026-04-15T23:36:33","slug":"dolu-botlar","status":"publish","type":"product","link":"https:\/\/roveyayinevi.com.tr\/index.php\/urun\/dolu-botlar\/","title":{"rendered":"Dolu Botlar"},"content":{"rendered":"<p>Ailesi, Can\u2019a yeni bir \u00e7ift bot al\u0131r. Can, ailesinden yeni bir \u00e7ift botun yan\u0131 s\u0131ra bir s\u00fcr\u00fc \u00f6\u011f\u00fct, istek ve kayg\u0131 da al\u0131r. Ancak Can, bu y\u00fckleriyle g\u00fcn\u00fc ge\u00e7irmekte ve oyun oynamakta zorlan\u0131r. Bu kitapta bir \u00e7ocu\u011funun payla\u015farak ve oyun oynayarak \u201cy\u00fcklerinden\u201d kurtulup nas\u0131l \u00f6zg\u00fcrle\u015fti\u011fini okuyacaks\u0131n\u0131z. Neyse ki biraz su birikintisi ve biraz dostlukla Can, bir ku\u015f gibi hafifledi\u2026<\/p>\n","protected":false},"excerpt":{"rendered":"<p>Ailesi, Can\u2019a yeni bir \u00e7ift bot al\u0131r. Can, ailesinden yeni bir \u00e7ift botun yan\u0131 s\u0131ra bir s\u00fcr\u00fc \u00f6\u011f\u00fct, istek ve kayg\u0131 da al\u0131r. Ancak Can, bu<span class=\"excerpt-hellip\"> [\u2026]<\/span><\/p>\n","protected":false},"featured_media":0,"template":"","meta":{"_monsterinsights_skip_tracking":false,"_monsterinsights_sitenote_active":false,"_monsterinsights_sitenote_note":"","_monsterinsights_sitenote_category":0},"product_brand":[],"product_cat":[12274,12523],"product_tag":[],"class_list":{"0":"post-728629","1":"product","2":"type-product","3":"status-publish","5":"product_cat-cocuk-ve-genclik-kitaplari","6":"product_cat-masallar","7":"pa_cilt-ciltsiz","8":"pa_tur-kitap","9":"pa_yayinevi-sincap-kitap","10":"pa_yazar-leila-brient","12":"first","13":"instock","14":"sale","15":"shipping-taxable","16":"purchasable","17":"product-type-simple"},"_links":{"self":[{"href":"https:\/\/roveyayinevi.com.tr\/index.php\/wp-json\/wp\/v2\/product\/728629","targetHints":{"allow":["GET"]}}],"collection":[{"href":"https:\/\/roveyayinevi.com.tr\/index.php\/wp-json\/wp\/v2\/product"}],"about":[{"href":"https:\/\/roveyayinevi.com.tr\/index.php\/wp-json\/wp\/v2\/types\/product"}],"wp:attachment":[{"href":"https:\/\/roveyayinevi.com.tr\/index.php\/wp-json\/wp\/v2\/media?parent=728629"}],"wp:term":[{"taxonomy":"product_brand","embeddable":true,"href":"https:\/\/roveyayinevi.com.tr\/index.php\/wp-json\/wp\/v2\/product_brand?post=728629"},{"taxonomy":"product_cat","embeddable":true,"href":"https:\/\/roveyayinevi.com.tr\/index.php\/wp-json\/wp\/v2\/product_cat?post=728629"},{"taxonomy":"product_tag","embeddable":true,"href":"https:\/\/roveyayinevi.com.tr\/index.php\/wp-json\/wp\/v2\/product_tag?post=728629"}],"curies":[{"name":"wp","href":"https:\/\/api.w.org\/{rel}","templated":true}]}}