{"id":728628,"date":"2025-08-27T20:42:24","date_gmt":"2025-08-27T17:42:24","guid":{"rendered":"https:\/\/roveyayinevi.com.tr\/index.php\/urun\/buyuk-kekeme-ve-cebrailin-yakarisi\/"},"modified":"2026-04-16T02:36:33","modified_gmt":"2026-04-15T23:36:33","slug":"buyuk-kekeme-ve-cebrailin-yakarisi","status":"publish","type":"product","link":"https:\/\/roveyayinevi.com.tr\/index.php\/urun\/buyuk-kekeme-ve-cebrailin-yakarisi\/","title":{"rendered":"B\u00fcy\u00fck Kekeme ve Cebrail\u2019in Yakar\u0131\u015f\u0131"},"content":{"rendered":"<p>O kadar yaln\u0131z, ba\u015f\u0131bo\u015fDola\u015ft\u0131m ki,Dudaklar\u0131m\u00c7atl\u0131yor suskunluktan,S\u00f6yleyecek bir s\u00f6z\u00fcnKalmad\u0131 m\u0131 ey Rabbim?El\u00e7ilerine g\u00f6nderdi\u011finEl\u00e7in, de\u011fil miyim senin,Her s\u00f6yledi\u011fini ilettim,Kelam\u0131n t\u00fckendi mi?<\/p>\n","protected":false},"excerpt":{"rendered":"<p>O kadar yaln\u0131z, ba\u015f\u0131bo\u015fDola\u015ft\u0131m ki,Dudaklar\u0131m\u00c7atl\u0131yor suskunluktan,S\u00f6yleyecek bir s\u00f6z\u00fcnKalmad\u0131 m\u0131 ey Rabbim?El\u00e7ilerine g\u00f6nderdi\u011finEl\u00e7in, de\u011fil miyim senin,Her s\u00f6yledi\u011fini ilettim,Kelam\u0131n t\u00fckendi mi?<\/p>\n","protected":false},"featured_media":0,"template":"","meta":{"_monsterinsights_skip_tracking":false,"_monsterinsights_sitenote_active":false,"_monsterinsights_sitenote_note":"","_monsterinsights_sitenote_category":0},"product_brand":[],"product_cat":[12291,12509],"product_tag":[],"class_list":{"0":"post-728628","1":"product","2":"type-product","3":"status-publish","5":"product_cat-edebiyat","6":"product_cat-siir","7":"pa_cilt-ciltsiz","8":"pa_tur-kitap","9":"pa_yayinevi-everest-yayinlari","10":"pa_yazar-cevdet-karal","12":"first","13":"instock","14":"sale","15":"shipping-taxable","16":"purchasable","17":"product-type-simple"},"_links":{"self":[{"href":"https:\/\/roveyayinevi.com.tr\/index.php\/wp-json\/wp\/v2\/product\/728628","targetHints":{"allow":["GET"]}}],"collection":[{"href":"https:\/\/roveyayinevi.com.tr\/index.php\/wp-json\/wp\/v2\/product"}],"about":[{"href":"https:\/\/roveyayinevi.com.tr\/index.php\/wp-json\/wp\/v2\/types\/product"}],"wp:attachment":[{"href":"https:\/\/roveyayinevi.com.tr\/index.php\/wp-json\/wp\/v2\/media?parent=728628"}],"wp:term":[{"taxonomy":"product_brand","embeddable":true,"href":"https:\/\/roveyayinevi.com.tr\/index.php\/wp-json\/wp\/v2\/product_brand?post=728628"},{"taxonomy":"product_cat","embeddable":true,"href":"https:\/\/roveyayinevi.com.tr\/index.php\/wp-json\/wp\/v2\/product_cat?post=728628"},{"taxonomy":"product_tag","embeddable":true,"href":"https:\/\/roveyayinevi.com.tr\/index.php\/wp-json\/wp\/v2\/product_tag?post=728628"}],"curies":[{"name":"wp","href":"https:\/\/api.w.org\/{rel}","templated":true}]}}