{"id":728627,"date":"2025-08-27T20:42:24","date_gmt":"2025-08-27T17:42:24","guid":{"rendered":"https:\/\/roveyayinevi.com.tr\/index.php\/urun\/onemli-matematikciler\/"},"modified":"2025-11-21T06:33:48","modified_gmt":"2025-11-21T03:33:48","slug":"onemli-matematikciler","status":"publish","type":"product","link":"https:\/\/roveyayinevi.com.tr\/index.php\/urun\/onemli-matematikciler\/","title":{"rendered":"\u00d6nemli Matematik\u00e7iler"},"content":{"rendered":"<p>Bilimin b\u00fct\u00fcn dallar\u0131n\u0131n tarihine bakarsak, \u00e7o\u011fu konuda \u201cart\u0131k bunun yanl\u0131\u015f oldu\u011funu biliyoruz\u201d ya da \u201cbu do\u011fru yoldayd\u0131, ama bug\u00fcnk\u00fc g\u00f6r\u00fc\u015f farkl\u0131d\u0131r\u201d deriz. Aristoteles\u2019in hareketle ilgili fikirleri Galileo ve Newton taraf\u0131ndan ters y\u00fcz edildi. Oysa matematik farkl\u0131d\u0131r; kal\u0131c\u0131d\u0131r. Eski Babilliler d\u00f6rt bin y\u0131l \u00f6nce ikinci dereceden denklemleri \u00e7\u00f6zmeyi \u00f6\u011frendiklerinde bulduklar\u0131 sonu\u00e7 asla ge\u00e7erlili\u011fini yitirmedi. Do\u011fruydu ve nedenini biliyorlard\u0131, bug\u00fcn de h\u00e2l\u00e2 do\u011frudur. Biz sonucu sembollerle ifade ederiz, ama ak\u0131l y\u00fcr\u00fctme ayn\u0131d\u0131r. Babil\u2019den g\u00fcn\u00fcm\u00fcze kadar uzanan kesintisiz bir matematiksel d\u00fc\u015f\u00fcnce \u00e7izgisi vard\u0131r. Matematik insanlar taraf\u0131ndan yarat\u0131l\u0131r. Ar\u015fimet\u2019ten Liu Hui\u2019ya, Muhammed El-Harezmi\u2019den fraktallar\u0131n babas\u0131 Benoit Mandelbrot\u2019ya kadar matematik tarihine damga vurmu\u015f en \u00f6nemli 25 ki\u015fiyi ve \u00e7al\u0131\u015fmalar\u0131n\u0131 bu kitapta bulabilirsiniz.\u201cBu sadece matematik de\u011fil, bilgelikle yo\u011frulmu\u015f ola\u011fan\u00fcst\u00fc bir \u00f6yk\u00fc.\u201d \u2013New Scientist\u201cM\u00d6 250 y\u0131l\u0131ndaki Ar\u015fimet\u2019ten 21.y\u00fczy\u0131l matematik\u00e7isi William Thurston\u2019a kadar 25 matematik \u00f6nc\u00fcs\u00fcn\u00fcn \u00f6yk\u00fclerini aktard\u0131\u011f\u0131 bu son kitab\u0131nda Ian Stewart harika bir matematik tarih\u00e7isi oldu\u011funu kan\u0131tl\u0131yor.\u201d \u2013Keith Devlin, Stanford \u00dcniversitesi, Fibonacci\u2019nin \u0130zinde\u2019nin yazar\u0131\u201cIan Stewart matemati\u011fin d\u00fcnyam\u0131z\u0131 nas\u0131l \u015fekillendirdi\u011fini anlat\u0131yor.\u201d \u2013Steven Strogatz, Matematik Profes\u00f6r\u00fc, Cornell \u00dcniversitesi\u201cStewart\u2019\u0131n bu harika kitab\u0131 matemati\u011fin iki bin y\u0131ll\u0131k \u00f6yk\u00fcs\u00fcn\u00fc aktar\u0131yor.\u201d \u2013J.S. Al-Khalili, OBE, Surrey  \u00dcniversitesi Fizik Profes\u00f6r\u00fc<\/p>\n","protected":false},"excerpt":{"rendered":"<p>Bilimin b\u00fct\u00fcn dallar\u0131n\u0131n tarihine bakarsak, \u00e7o\u011fu konuda \u201cart\u0131k bunun yanl\u0131\u015f oldu\u011funu biliyoruz\u201d ya da \u201cbu do\u011fru yoldayd\u0131, ama bug\u00fcnk\u00fc g\u00f6r\u00fc\u015f farkl\u0131d\u0131r\u201d deriz. Aristoteles\u2019in hareketle ilgili fikirleri<span class=\"excerpt-hellip\"> [\u2026]<\/span><\/p>\n","protected":false},"featured_media":0,"template":"","meta":{"_monsterinsights_skip_tracking":false,"_monsterinsights_sitenote_active":false,"_monsterinsights_sitenote_note":"","_monsterinsights_sitenote_category":0},"product_brand":[],"product_cat":[13005,16724],"product_tag":[],"class_list":{"0":"post-728627","1":"product","2":"type-product","3":"status-publish","5":"product_cat-bilim-muhendislik","6":"product_cat-matematik","7":"pa_cilt-ciltsiz","8":"pa_tur-kitap","9":"pa_yayinevi-alfa-yayinlari","10":"pa_yazar-ian-stewart","12":"first","13":"instock","14":"sale","15":"shipping-taxable","16":"purchasable","17":"product-type-simple"},"_links":{"self":[{"href":"https:\/\/roveyayinevi.com.tr\/index.php\/wp-json\/wp\/v2\/product\/728627","targetHints":{"allow":["GET"]}}],"collection":[{"href":"https:\/\/roveyayinevi.com.tr\/index.php\/wp-json\/wp\/v2\/product"}],"about":[{"href":"https:\/\/roveyayinevi.com.tr\/index.php\/wp-json\/wp\/v2\/types\/product"}],"wp:attachment":[{"href":"https:\/\/roveyayinevi.com.tr\/index.php\/wp-json\/wp\/v2\/media?parent=728627"}],"wp:term":[{"taxonomy":"product_brand","embeddable":true,"href":"https:\/\/roveyayinevi.com.tr\/index.php\/wp-json\/wp\/v2\/product_brand?post=728627"},{"taxonomy":"product_cat","embeddable":true,"href":"https:\/\/roveyayinevi.com.tr\/index.php\/wp-json\/wp\/v2\/product_cat?post=728627"},{"taxonomy":"product_tag","embeddable":true,"href":"https:\/\/roveyayinevi.com.tr\/index.php\/wp-json\/wp\/v2\/product_tag?post=728627"}],"curies":[{"name":"wp","href":"https:\/\/api.w.org\/{rel}","templated":true}]}}