{"id":728626,"date":"2025-08-27T20:42:23","date_gmt":"2025-08-27T17:42:23","guid":{"rendered":"https:\/\/roveyayinevi.com.tr\/index.php\/urun\/pan-turanizm-ve-kafkasya-meselesi\/"},"modified":"2026-04-16T02:36:33","modified_gmt":"2026-04-15T23:36:33","slug":"pan-turanizm-ve-kafkasya-meselesi","status":"publish","type":"product","link":"https:\/\/roveyayinevi.com.tr\/index.php\/urun\/pan-turanizm-ve-kafkasya-meselesi\/","title":{"rendered":"Pan &#8211; Turanizm ve Kafkasya Meselesi"},"content":{"rendered":"<p>Bu eser, 1920\u2019lerin sonunda Avrupa\u2019daki Rus muhacir bas\u0131n\u0131nda Pan-Turanizm konusunda ortaya \u00e7\u0131kan tart\u0131\u015fmalara Azerbaycan\u2019\u0131n liderlerinden, \u00f6nemli fikir insan\u0131 Mehmet Emin Resulzade\u2019nin (1884-1955) verdi\u011fi cevapt\u0131r. Bu tart\u0131\u015fmalar\u0131 alevlendiren, Zaven ve Vartoui Nalbandyan adl\u0131 iki yazar\u0131n Zarevand m\u00fcstear ismiyle yay\u0131nlad\u0131klar\u0131 T\u00fcrkiye ve Pan-Turanizm kitab\u0131 idi. Nalbandyanlar, 1920\u2019lerdeki T\u00fcrkiye\u2019nin entelekt\u00fcel \u00e7evrelerinin Pan-Turanc\u0131 oldu\u011funu ve gen\u00e7 cumhuriyetin de ayn\u0131 politikalar\u0131 izledi\u011fini iddia etmekteydi. Resulzade, bu iddialar\u0131, somut delillere dayanarak k\u0131sa ve \u00f6z bir \u015fekilde \u00e7\u00fcr\u00fctmektedir. Ona g\u00f6re bu iddialar\u0131n amac\u0131, Rus muhacir bas\u0131n\u0131nda \u201cyeni Turanist tehdit\u201d tezini i\u015fleyerek hem Rus hem de Ermeni milliyet\u00e7i muhitini konsolide etmek; ayr\u0131ca Kafkas Konfederasyonu tezi etraf\u0131nda s\u0131k\u0131 i\u015f birli\u011fi sergileyen G\u00fcrc\u00fc, Da\u011fl\u0131 ve Azerbaycanl\u0131 muhacirlerin saflar\u0131n\u0131 b\u00f6lmek ve \u00e7abalar\u0131n\u0131 sekteye u\u011fratmakt\u0131.  Art\u0131k romantik ve siyasi Pan-Turanizm mevcut de\u011fildir, bunun yerine yaln\u0131z reel ve somut mill\u00ee ama\u00e7lar\u0131 takip eden T\u00fcrk\u00e7\u00fcl\u00fck mevcuttur\u2026 Mevcut h\u00e2liyle T\u00fcrk\u00e7\u00fcl\u00fck, Kafkasya i\u00e7in hi\u00e7bir tehdit olu\u015fturmamakta; aksine, Rus emperyalizmi aleyhindeki bir d\u00fc\u015f\u00fcnce olarak Kafkasya\u2019n\u0131n m\u00fcttefiki say\u0131lmaktad\u0131r\u2026 Rusya\u2019n\u0131n boyunduru\u011fundaki t\u00fcm halklar, bilhassa da bizler, Kafkas halklar\u0131, ger\u00e7ek tehlike arz eden ortak d\u00fc\u015fmana kar\u015f\u0131 m\u00fccadele bayra\u011f\u0131 alt\u0131nda birle\u015fmelidir!.. Ba\u011f\u0131ms\u0131z Konfederatif Kafkasya\u2019n\u0131n siyasi birli\u011fi d\u0131\u015f\u0131nda ba\u015fka bir kurtulu\u015f yolu yoktur!<\/p>\n","protected":false},"excerpt":{"rendered":"<p>Bu eser, 1920\u2019lerin sonunda Avrupa\u2019daki Rus muhacir bas\u0131n\u0131nda Pan-Turanizm konusunda ortaya \u00e7\u0131kan tart\u0131\u015fmalara Azerbaycan\u2019\u0131n liderlerinden, \u00f6nemli fikir insan\u0131 Mehmet Emin Resulzade\u2019nin (1884-1955) verdi\u011fi cevapt\u0131r. Bu tart\u0131\u015fmalar\u0131<span class=\"excerpt-hellip\"> [\u2026]<\/span><\/p>\n","protected":false},"featured_media":0,"template":"","meta":{"_monsterinsights_skip_tracking":false,"_monsterinsights_sitenote_active":false,"_monsterinsights_sitenote_note":"","_monsterinsights_sitenote_category":0},"product_brand":[],"product_cat":[12304,13650],"product_tag":[],"class_list":{"0":"post-728626","1":"product","2":"type-product","3":"status-publish","5":"product_cat-tarih","6":"product_cat-turk-tarihi-arastirmalari","7":"pa_cilt-ciltsiz","8":"pa_tur-kitap","9":"pa_yayinevi-otuken-nesriyat","10":"pa_yazar-mehmet-emin-resulzade","12":"first","13":"instock","14":"sale","15":"shipping-taxable","16":"purchasable","17":"product-type-simple"},"_links":{"self":[{"href":"https:\/\/roveyayinevi.com.tr\/index.php\/wp-json\/wp\/v2\/product\/728626","targetHints":{"allow":["GET"]}}],"collection":[{"href":"https:\/\/roveyayinevi.com.tr\/index.php\/wp-json\/wp\/v2\/product"}],"about":[{"href":"https:\/\/roveyayinevi.com.tr\/index.php\/wp-json\/wp\/v2\/types\/product"}],"wp:attachment":[{"href":"https:\/\/roveyayinevi.com.tr\/index.php\/wp-json\/wp\/v2\/media?parent=728626"}],"wp:term":[{"taxonomy":"product_brand","embeddable":true,"href":"https:\/\/roveyayinevi.com.tr\/index.php\/wp-json\/wp\/v2\/product_brand?post=728626"},{"taxonomy":"product_cat","embeddable":true,"href":"https:\/\/roveyayinevi.com.tr\/index.php\/wp-json\/wp\/v2\/product_cat?post=728626"},{"taxonomy":"product_tag","embeddable":true,"href":"https:\/\/roveyayinevi.com.tr\/index.php\/wp-json\/wp\/v2\/product_tag?post=728626"}],"curies":[{"name":"wp","href":"https:\/\/api.w.org\/{rel}","templated":true}]}}