{"id":728623,"date":"2025-08-27T20:42:20","date_gmt":"2025-08-27T17:42:20","guid":{"rendered":"https:\/\/roveyayinevi.com.tr\/index.php\/urun\/deniz-gucu\/"},"modified":"2026-04-16T02:36:33","modified_gmt":"2026-04-15T23:36:33","slug":"deniz-gucu","status":"publish","type":"product","link":"https:\/\/roveyayinevi.com.tr\/index.php\/urun\/deniz-gucu\/","title":{"rendered":"Deniz G\u00fcc\u00fc"},"content":{"rendered":"<p>S\u00fcper g\u00fc\u00e7ler nas\u0131l okyanuslarda do\u011fdu? Okyanuslar\u0131n insanl\u0131k tarihindeki stratejik \u00f6nemi nedir? Deniz g\u00fcc\u00fc bug\u00fcn ya\u015fad\u0131\u011f\u0131m\u0131z ve yar\u0131n ya\u015fayaca\u011f\u0131m\u0131z d\u00fcnyay\u0131 nas\u0131l \u015fekillendirdi? B\u00fcy\u00fck deniz sava\u015flar\u0131 d\u00fcnya tarihini nas\u0131l etkiledi? Okyanuslar nas\u0131l su\u00e7 mahalli h\u00e2line gelir? S\u00f6m\u00fcrgele\u015fme ve ilk deniz sava\u015flar\u0131 hangi sularda ba\u015flad\u0131? Arktik Okyanusu\u2019nun vadettikleri ve tehlikeleri nelerdir? So\u011fuk Sava\u015f\u2019\u0131 ba\u015f\u0131ndan sonuna kadar denizlerde ya\u015fam\u0131\u015f, okyanuslarda Sovyetlerle k\u00f6\u015fe kapmaca oynam\u0131\u015f ve NATO Ortak Kuvvetler Amirali olarak g\u00f6rev alm\u0131\u015f James Stavridis, d\u00fcnyan\u0131n en \u00f6nemli su k\u00fctlelerinde ola\u011fan\u00fcst\u00fc bir yolculuk yaparak insanl\u0131k tarihinin itici g\u00fcc\u00fc ve mevcut jeopolitik yolumuzun \u00e7ok \u00f6nemli bir unsuru olan deniz g\u00fcc\u00fcn\u00fcn hik\u00e2yesini anlat\u0131yor. Stavridis, nesnel g\u00f6zlemleri bireysel tecr\u00fcbeleriyle renklendirerek, Salamis ve \u0130nebaht\u0131 Deniz Muharebelerinden Trafalgar\u2019a, Atlantik Sava\u015f\u0131\u2019na ve So\u011fuk Sava\u015f\u2019\u0131n denizalt\u0131 \u00e7at\u0131\u015fmalar\u0131na kadar b\u00fcy\u00fck deniz sava\u015flar\u0131 hakk\u0131nda verdi\u011fi bilgilerle Deniz G\u00fcc\u00fc\u2019n\u00fc s\u0131radan bir siyaset ve strateji kitab\u0131 olmaktan \u00e7\u0131kar\u0131yor. \u201cOkyanuslar\u0131n \u00f6nemini ve g\u00fcn\u00fcm\u00fcz g\u00fcvenli\u011fi \u00fczerindeki etkisini hi\u00e7 kimse Amiral James Stavridis\u2019ten daha iyi anlayamaz. Kendisi her y\u00f6n\u00fcyle \u00f6ne \u00e7\u0131km\u0131\u015f bir lider ve denizcidir. Mutlaka okunmas\u0131 gereken bir kitap!\u201d Senat\u00f6r John McCain \u201cAmiral Stavridis yaln\u0131zca k\u0131rk y\u0131l\u0131n\u0131 okyanuslara vermi\u015f usta bir denizci ve asker de\u011fil, ayn\u0131 zamanda k\u00fcresel strateji ve jeopolitika konular\u0131nda ad\u0131n\u0131 duyurmu\u015f bir entelekt\u00fcel. Deniz G\u00fcc\u00fc kitab\u0131nda bu iki niteli\u011fini ustaca birle\u015ftirerek d\u00fcnyan\u0131n 21. y\u00fczy\u0131lda kar\u015f\u0131la\u015faca\u011f\u0131 meselelere ciddi ilgi duyan herkes i\u00e7in mutlak okunmas\u0131 gereken bir eser ortaya koymu\u015f.\u201d E. Amiral William McRaven \u201cAmiral James Stavridis d\u00fcnyadaki okyanuslara a\u00e7\u0131lm\u0131\u015f ve bu seyahatlerini, denizcilik sahas\u0131ndaki k\u00fcresel meselelerin \u00e7arp\u0131c\u0131 bir \u015fekilde incelendi\u011fi jeopolitik bir yakla\u015f\u0131m i\u00e7inde bi\u00e7imlendirmi\u015ftir. Bu kitap, \u00e7alkant\u0131l\u0131 denizcilik d\u00fcnyas\u0131na bir denizcinin g\u00f6z\u00fcnden bakmak gibi ve \u00e7\u0131kmaya de\u011fer bir yolculuk.\u201d E. Amiral Mike Mullen  \u201cEmekli amiral Stavridis, denizcilik rutininin nas\u0131l i\u015fledi\u011fine dair bir kavray\u0131\u015f olu\u015fturmak amac\u0131yla okuyucuya, bir harek\u00e2t komutan\u0131 olarak kapsaml\u0131 kariyerinde edindi\u011fi bilgi birikiminin bir derlemesini sunuyor. Ayd\u0131nlat\u0131c\u0131 ve k\u0131\u015fk\u0131rt\u0131c\u0131 bir eser. Okyanuslar evcille\u015ftirilmi\u015f gibi g\u00f6r\u00fclse de bunun asl\u0131nda yaln\u0131zca g\u00f6r\u00fcn\u00fc\u015fte do\u011fru oldu\u011funa dair yerinde bir uyar\u0131.\u201d Publishers Weekly   \u201cStavridis teorik ve ki\u015fisel tecr\u00fcbe aras\u0131nda m\u00fckemmel bir denge yakal\u0131yor; denizcilik tarihine konu olmu\u015f olaylar\u0131 okumu\u015f, ayn\u0131 zamanda s\u00f6z konusu tarihin yaz\u0131ld\u0131\u011f\u0131 y\u0131llara bizzat \u015fahitlik etmi\u015ftir. Deniz G\u00fcc\u00fc, modern denizcilikte kar\u015f\u0131la\u015f\u0131lan tehlikeler hakk\u0131nda yaz\u0131lm\u0131\u015f yerinde bir kitapt\u0131r, ama bir yandan da ilk sayfadan son sayfaya kadar i\u00e7inde bir \u00fcmit t\u0131n\u0131s\u0131n\u0131 da bar\u0131nd\u0131r\u0131r. Ancak \u00fcmit ya da tehlike fark etmiyor ve kitap bir noktada Okyanuslar\u0131n, bu d\u00fcnya \u00fczerindeki denizlerin \u00e7ok kritik unsurlar\u0131 olmaya devam etti\u011fi ger\u00e7e\u011fini ortaya koyuyor.\u201d                                                            Christian Science Monitor <\/p>\n","protected":false},"excerpt":{"rendered":"<p>S\u00fcper g\u00fc\u00e7ler nas\u0131l okyanuslarda do\u011fdu? Okyanuslar\u0131n insanl\u0131k tarihindeki stratejik \u00f6nemi nedir? Deniz g\u00fcc\u00fc bug\u00fcn ya\u015fad\u0131\u011f\u0131m\u0131z ve yar\u0131n ya\u015fayaca\u011f\u0131m\u0131z d\u00fcnyay\u0131 nas\u0131l \u015fekillendirdi? B\u00fcy\u00fck deniz sava\u015flar\u0131 d\u00fcnya tarihini<span class=\"excerpt-hellip\"> [\u2026]<\/span><\/p>\n","protected":false},"featured_media":0,"template":"","meta":{"_monsterinsights_skip_tracking":false,"_monsterinsights_sitenote_active":false,"_monsterinsights_sitenote_note":"","_monsterinsights_sitenote_category":0},"product_brand":[],"product_cat":[13072,12291],"product_tag":[],"class_list":{"0":"post-728623","1":"product","2":"type-product","3":"status-publish","5":"product_cat-arastirma-inceleme-referans","6":"product_cat-edebiyat","7":"pa_cilt-ciltsiz","8":"pa_tur-kitap","9":"pa_yayinevi-epsilon-yayinlari","10":"pa_yazar-amiral-james-stavridis","12":"first","13":"instock","14":"sale","15":"shipping-taxable","16":"purchasable","17":"product-type-simple"},"_links":{"self":[{"href":"https:\/\/roveyayinevi.com.tr\/index.php\/wp-json\/wp\/v2\/product\/728623","targetHints":{"allow":["GET"]}}],"collection":[{"href":"https:\/\/roveyayinevi.com.tr\/index.php\/wp-json\/wp\/v2\/product"}],"about":[{"href":"https:\/\/roveyayinevi.com.tr\/index.php\/wp-json\/wp\/v2\/types\/product"}],"wp:attachment":[{"href":"https:\/\/roveyayinevi.com.tr\/index.php\/wp-json\/wp\/v2\/media?parent=728623"}],"wp:term":[{"taxonomy":"product_brand","embeddable":true,"href":"https:\/\/roveyayinevi.com.tr\/index.php\/wp-json\/wp\/v2\/product_brand?post=728623"},{"taxonomy":"product_cat","embeddable":true,"href":"https:\/\/roveyayinevi.com.tr\/index.php\/wp-json\/wp\/v2\/product_cat?post=728623"},{"taxonomy":"product_tag","embeddable":true,"href":"https:\/\/roveyayinevi.com.tr\/index.php\/wp-json\/wp\/v2\/product_tag?post=728623"}],"curies":[{"name":"wp","href":"https:\/\/api.w.org\/{rel}","templated":true}]}}