{"id":728622,"date":"2025-08-27T20:42:19","date_gmt":"2025-08-27T17:42:19","guid":{"rendered":"https:\/\/roveyayinevi.com.tr\/index.php\/urun\/baglama-metodu-uzun-sap-ve-turk-halk-muzigi-nazariyati\/"},"modified":"2026-04-16T02:36:33","modified_gmt":"2026-04-15T23:36:33","slug":"baglama-metodu-uzun-sap-ve-turk-halk-muzigi-nazariyati","status":"publish","type":"product","link":"https:\/\/roveyayinevi.com.tr\/index.php\/urun\/baglama-metodu-uzun-sap-ve-turk-halk-muzigi-nazariyati\/","title":{"rendered":"Ba\u011flama Metodu (Uzun Sap) ve T\u00fcrk Halk M\u00fczi\u011fi Nazariyat\u0131"},"content":{"rendered":"<p>T\u00fcrk Halk M\u00fczi\u011fi, kulaktan kula\u011fa, ge\u00e7mi\u015ften g\u00fcn\u00fcm\u00fcze, \u00f6zelikle ba\u011flama e\u015fli\u011finde aktar\u0131larak varl\u0131\u011f\u0131n\u0131 s\u00fcrd\u00fcrm\u00fc\u015ft\u00fcr. Bu aktar\u0131m s\u00fcrecinde ba\u011flama, halk m\u00fczi\u011finin en \u00f6nemli icra arac\u0131 olmu\u015f, ge\u00e7mi\u015ften g\u00fcn\u00fcm\u00fcze kadar \u00e7o\u011funlukla usta \u00e7\u0131rak ili\u015fkisi i\u00e7erisinde \u00f6\u011fretilmi\u015ftir. G\u00fcn\u00fcm\u00fcz\u00fcn ya\u015fam ko\u015fullar\u0131 bu aktar\u0131m \u015feklini de\u011fi\u015ftirmi\u015f, art\u0131k geni\u015f kitlelerin ba\u011flamaya ilgisi artt\u0131\u011f\u0131ndan, ba\u011flama e\u011fitiminin metot ile \u00f6\u011fretilmesi ka\u00e7\u0131n\u0131lmaz olmu\u015ftur. \u00d6zelikle de Konservatuarlar\u0131n ve ba\u011flama kurslar\u0131n\u0131n a\u00e7\u0131lmas\u0131; ba\u011flama da farkl\u0131 akort sistemleri bar\u0131nd\u0131ran, \u00e7al\u0131m teknikleri b\u00fcy\u00fck zenginlik bar\u0131nd\u0131ran k\u0131sa veya uzun sap ba\u011flaman\u0131n metot i\u00e7erisinde \u00f6\u011fretilmesini gerekli k\u0131lm\u0131\u015ft\u0131r.Bu kitapta; uzun sap ba\u011flama e\u011fitim metodu, uzman bir e\u011fitmen e\u015fli\u011finde \u00f6\u011fretilecek ya da belli bir seviyede olan \u00f6\u011frencilerin kendi kendilerini geli\u015ftirece\u011fi \u015fekilde basitten ba\u015flay\u0131p zora do\u011fru, bir s\u0131ra halinde verilmi\u015ftir. \u0130lk b\u00f6l\u00fcmlerde parmak al\u0131\u015ft\u0131rmalar\u0131 ilgili \u00f6rnekler, ba\u011flama e\u011fitimi s\u00fcrecinde bilinmesi gereken kavramlar ve i\u015faretler, ikinci b\u00f6l\u00fcmde ise ba\u011flamada en \u00e7ok kullan\u0131lan pozisyonlar, t\u00fcrk\u00fc dizileri, t\u00fcrk\u00fc \u00f6rnekleriyle yer almaktad\u0131r. \u00dc\u00e7\u00fcnc\u00fc b\u00f6l\u00fcmde ise; ana usuller, birle\u015fik usuller, karma usuller birbiri ard\u0131na s\u0131ralanm\u0131\u015ft\u0131r. Bu s\u0131ralama, \u00f6\u011frencinin konuyu \u00e7abuk kavrayabilece\u011fi bir d\u00fczen i\u00e7inde verilmi\u015ftir. Kitab\u0131n son b\u00f6l\u00fcm\u00fc ise, zorluk derecesi biraz y\u00fcksek olan de\u011fi\u015fik usul ve makamlardan olu\u015fan eserleri i\u00e7ermektedir.<\/p>\n","protected":false},"excerpt":{"rendered":"<p>T\u00fcrk Halk M\u00fczi\u011fi, kulaktan kula\u011fa, ge\u00e7mi\u015ften g\u00fcn\u00fcm\u00fcze, \u00f6zelikle ba\u011flama e\u015fli\u011finde aktar\u0131larak varl\u0131\u011f\u0131n\u0131 s\u00fcrd\u00fcrm\u00fc\u015ft\u00fcr. Bu aktar\u0131m s\u00fcrecinde ba\u011flama, halk m\u00fczi\u011finin en \u00f6nemli icra arac\u0131 olmu\u015f, ge\u00e7mi\u015ften g\u00fcn\u00fcm\u00fcze<span class=\"excerpt-hellip\"> [\u2026]<\/span><\/p>\n","protected":false},"featured_media":0,"template":"","meta":{"_monsterinsights_skip_tracking":false,"_monsterinsights_sitenote_active":false,"_monsterinsights_sitenote_note":"","_monsterinsights_sitenote_category":0},"product_brand":[],"product_cat":[14556,20810],"product_tag":[],"class_list":{"0":"post-728622","1":"product","2":"type-product","3":"status-publish","5":"product_cat-muzik","6":"product_cat-ogrenim-kitaplari","7":"pa_cilt-ciltsiz","8":"pa_tur-kitap","9":"pa_yayinevi-otuken-nesriyat","10":"pa_yazar-bulent-kilicaslan","12":"first","13":"instock","14":"sale","15":"shipping-taxable","16":"purchasable","17":"product-type-simple"},"_links":{"self":[{"href":"https:\/\/roveyayinevi.com.tr\/index.php\/wp-json\/wp\/v2\/product\/728622","targetHints":{"allow":["GET"]}}],"collection":[{"href":"https:\/\/roveyayinevi.com.tr\/index.php\/wp-json\/wp\/v2\/product"}],"about":[{"href":"https:\/\/roveyayinevi.com.tr\/index.php\/wp-json\/wp\/v2\/types\/product"}],"wp:attachment":[{"href":"https:\/\/roveyayinevi.com.tr\/index.php\/wp-json\/wp\/v2\/media?parent=728622"}],"wp:term":[{"taxonomy":"product_brand","embeddable":true,"href":"https:\/\/roveyayinevi.com.tr\/index.php\/wp-json\/wp\/v2\/product_brand?post=728622"},{"taxonomy":"product_cat","embeddable":true,"href":"https:\/\/roveyayinevi.com.tr\/index.php\/wp-json\/wp\/v2\/product_cat?post=728622"},{"taxonomy":"product_tag","embeddable":true,"href":"https:\/\/roveyayinevi.com.tr\/index.php\/wp-json\/wp\/v2\/product_tag?post=728622"}],"curies":[{"name":"wp","href":"https:\/\/api.w.org\/{rel}","templated":true}]}}