{"id":728621,"date":"2025-08-27T20:42:19","date_gmt":"2025-08-27T17:42:19","guid":{"rendered":"https:\/\/roveyayinevi.com.tr\/index.php\/urun\/sogut-turk-edebiyati-dergisi-sayi-06-kasim-aralik-2020\/"},"modified":"2026-04-16T02:36:33","modified_gmt":"2026-04-15T23:36:33","slug":"sogut-turk-edebiyati-dergisi-sayi-06-kasim-aralik-2020","status":"publish","type":"product","link":"https:\/\/roveyayinevi.com.tr\/index.php\/urun\/sogut-turk-edebiyati-dergisi-sayi-06-kasim-aralik-2020\/","title":{"rendered":"S\u00f6\u011f\u00fct &#8211; T\u00fcrk Edebiyat\u0131 Dergisi Say\u0131 06 Kas\u0131m &#8211; Aral\u0131k 2020"},"content":{"rendered":"<p>DosyaMilli ve Yerli Bir D\u00fc\u015f\u00fcnce Adam\u0131: \u00d6mer L\u00fctfi Mete \/ Hasan H\u00fcseyin G\u00f6kBabam \u00d6mer L\u00fctfi Mete \/ Fatma Berra MeteMert Y\u00fcrek: \u00d6mer L\u00fctfi Mete \/ Belk\u0131s \u0130brahimhakk\u0131o\u011flu\u0130sa Kocakaplan\u2019la \u00d6mer L\u00fctfi Mete\u2019ye Dair \/ Tu\u011f\u00e7e Me\u00e7L\u00fctfi \u015eehsuvaro\u011flu \u0130le \u00d6mer L\u00fctfi Mete \u00dczerine \/ Cengizhan Orak\u00e7\u0131Bilgeli\u011fin Sadeli\u011fi: \u00d6mer L\u00fctfi Mete \/ Fatma Aksu\u00d6mer L\u00fctfi Mete\u2019ye Mektup \/ \u0130smail G\u00fcne\u015fBu D\u00fcnyadan Bir \u00d6mer L\u00fctfi Mete Ge\u00e7ti \/ Mete Aksoy\u00d6mer L\u00fctfi Mete\u2019nin Asker \u0130le Cemre\u2019si \/ Funda \u00d6zsoy E.\u00d6mer L\u00fctfi Mete\u2019nin Asker \u0130le Cemre Roman\u0131nda Dindar Ki\u015filik Ve Din Alg\u0131s\u0131 \/ Yunus Emre Yaylac\u0131H\u0131rkan\u0131n Alt\u0131ndaki Put \/ Mehmet Bilal Yamak\u00d6mer L\u00fctfi Mete Senaryosu \/ \u0130smail G\u00fcne\u015f DenemeK\u00f6k &#8211; Ekin \/ S\u00fcleyman \u00c7obano\u011fluDa\u011flar Da\u011f\u0131md\u0131r Benim \/ Mehmet Ali Kalkan\u0130tin Hat\u0131r\u0131 Olmaz; \u0130ssinin Hat\u0131r\u0131 Olur \/ Mustafa Sar\u0131Alman Romantizminin S\u0131f\u0131r Noktas\u0131: Athen\u00e4um \/ Deniz Depe\u00c7a\u011flayan Ve Durulan Zamanda \u0130nsandan \u015eehre Kalan \/ Tekin \u015eenerC\u00f6nk Yaz\u0131lar\u0131 &#8211; 4 Tasarlama \/ Ali DuymazYazma Ziyareti \/ Ersin BayramBin Be\u015f Y\u00fcz Kilometre Mi Yoksa Bin Y\u0131l M\u0131? T\u00fcrkan A\u015fireti Ve K\u00fc\u00e7\u00fck Binnaz \/ Metin Sava\u015fBizim Yunus\u2019un Sar\u0131 \u00c7i\u00e7e\u011fi \u0130le Bir Dem Tefekk\u00fcr \/ Cansu Co\u015fkun\u00c7a\u011f\u0131rmak \/ Rabia KaranfilZevk-\u0130 Tahattur \/ Elif Sab\u0131r\u015eiirin Par\u00e7as\u0131, \u015eairin Ruhu \/ Mustafa U\u00e7urum Hik\u00e2yeKuklalar Tema\u015fa Eder \/ Feyza AyG\u00f6kdelen Sevdas\u0131 \/ Mustafa EverdiAyd\u0131n Ve \u0130dealist Bir Kerk\u00fck \u00c7oban\u0131 \/ Abd\u00fclhekim Mustafa RejiMerdiven Bo\u015flu\u011fu \/ Ay\u015fenur \u00dcnalR\u0131zk\u0131 Veren Allah \/ Elif Arpac\u0131Sen B\u00f6yle De\u011fildin! \/ Y\u0131ld\u0131r\u0131m T\u00fcrkTulum Peyniri Yiyen Adamlar \/ M. Sadi KarademirMilletin Vekili \/ Enver Aykol \u0130ncelemeD\u00f6ng\u00fcy\u00fc Kaydetmek &#8211; D\u00f6ng\u00fcy\u00fc Seyretmek \/ Mehmet Ayc\u0131Ali G\u00fcnvar\u2019\u0131n \u015eiiri \/ Can Habip T\u00fcrkerMah\u015fer Peyami Safa \/ Can Habip T\u00fcrkerK\u00e2\u011f\u0131ttan Bir D\u00fcnya \/ Mustafa KurtYumurtadan \u00c7\u0131kan Mankurtlar \/ Sevim \u00c7obanK\u0131r\u0131m Hasretiyle \u00d6len B\u00fcy\u00fck Romanc\u0131 \/ Hayrettin Durmu\u015fFelgu: S\u0131rlar Ve Kehanetler Kitab\u0131 \/ Elif Arpac\u0131 \u015eiirSabah: Sa\u00e7\u0131 A\u011farm\u0131\u015f \/ Emirhan EderHafifleyen D\u00fcnya \/ Cengizhan Orak\u00e7\u0131\u0130srafil\u2019in Suruyla Atba\u015f\u0131 Gidilir Mi? \/ Hakan \u0130lhan KurtGergin Kabristan \/ Fatih Ak\u00e7aMan\u015finel \/ Tu\u011frul \u00c7olakAvu\u00e7lar\u0131 Yananlar \u0130\u00e7in \/ Fatma AksuTers K\u0131vr\u0131m \/ Neslihan Magunac\u0131Tek Hece Avla\u011f\u0131 \/ \u0130brahim Da\u015fR\u00fczg\u00e2r Yelken Ve Rota \/ Mehmet \u015eamilSabah I\u015f\u0131\u011f\u0131 \/ \u0130smail Orhan S\u00f6nmezTan\u0131t\u0131m Yaz\u0131s\u0131 \/ Abdulhekim Mustafa Rejio\u011flu &#8211; Suphi Saat\u00e7\u0131 PolemikSa\u00e7ma Toplama Sanat\u0131 \/ Mehmet Ayc\u0131<\/p>\n","protected":false},"excerpt":{"rendered":"<p>DosyaMilli ve Yerli Bir D\u00fc\u015f\u00fcnce Adam\u0131: \u00d6mer L\u00fctfi Mete \/ Hasan H\u00fcseyin G\u00f6kBabam \u00d6mer L\u00fctfi Mete \/ Fatma Berra MeteMert Y\u00fcrek: \u00d6mer L\u00fctfi Mete \/ Belk\u0131s<span class=\"excerpt-hellip\"> [\u2026]<\/span><\/p>\n","protected":false},"featured_media":0,"template":"","meta":{"_monsterinsights_skip_tracking":false,"_monsterinsights_sitenote_active":false,"_monsterinsights_sitenote_note":"","_monsterinsights_sitenote_category":0},"product_brand":[],"product_cat":[13527],"product_tag":[],"class_list":{"0":"post-728621","1":"product","2":"type-product","3":"status-publish","5":"product_cat-sureli-yayinlar","6":"pa_cilt-ciltsiz","7":"pa_tur-dergi","8":"pa_yayinevi-otuken-nesriyat","9":"pa_yazar-otuken-nesriyat-kolektif","11":"first","12":"instock","13":"sale","14":"shipping-taxable","15":"purchasable","16":"product-type-simple"},"_links":{"self":[{"href":"https:\/\/roveyayinevi.com.tr\/index.php\/wp-json\/wp\/v2\/product\/728621","targetHints":{"allow":["GET"]}}],"collection":[{"href":"https:\/\/roveyayinevi.com.tr\/index.php\/wp-json\/wp\/v2\/product"}],"about":[{"href":"https:\/\/roveyayinevi.com.tr\/index.php\/wp-json\/wp\/v2\/types\/product"}],"wp:attachment":[{"href":"https:\/\/roveyayinevi.com.tr\/index.php\/wp-json\/wp\/v2\/media?parent=728621"}],"wp:term":[{"taxonomy":"product_brand","embeddable":true,"href":"https:\/\/roveyayinevi.com.tr\/index.php\/wp-json\/wp\/v2\/product_brand?post=728621"},{"taxonomy":"product_cat","embeddable":true,"href":"https:\/\/roveyayinevi.com.tr\/index.php\/wp-json\/wp\/v2\/product_cat?post=728621"},{"taxonomy":"product_tag","embeddable":true,"href":"https:\/\/roveyayinevi.com.tr\/index.php\/wp-json\/wp\/v2\/product_tag?post=728621"}],"curies":[{"name":"wp","href":"https:\/\/api.w.org\/{rel}","templated":true}]}}