{"id":728618,"date":"2025-08-27T20:42:16","date_gmt":"2025-08-27T17:42:16","guid":{"rendered":"https:\/\/roveyayinevi.com.tr\/index.php\/urun\/hayatinin-anlami-kaybettigin-yerde\/"},"modified":"2026-04-16T02:36:33","modified_gmt":"2026-04-15T23:36:33","slug":"hayatinin-anlami-kaybettigin-yerde","status":"publish","type":"product","link":"https:\/\/roveyayinevi.com.tr\/index.php\/urun\/hayatinin-anlami-kaybettigin-yerde\/","title":{"rendered":"Hayat\u0131n\u0131n Anlam\u0131 Kaybetti\u011fin Yerde"},"content":{"rendered":"<p>Meslek hayat\u0131m boyunca insanlar\u0131n mutsuzluk hissine ve depresyonuna iyi gelebilecek anlamlar arad\u0131m. Sonunda fark ettim ki aray\u0131p durdu\u011fumuz anlam, onu kaybetti\u011fimiz yerde \u00f6ylece beklemeye devam ediyor. Yepyeni bir kavramla tarif etti\u011fim bu kay\u0131p anlam\u0131 yakalamalar\u0131na yard\u0131mc\u0131 oldu\u011fum insanlar\u0131n g\u00f6zlerinin i\u00e7i par\u0131ld\u0131yor art\u0131k. Onlar asl\u0131nda mutsuz de\u011fillerdi, mutlusuzlard\u0131. D\u00fcnya genelinde \u00e7o\u011funlu\u011fun i\u00e7ine d\u00fc\u015ft\u00fc\u011f\u00fc bir his olmas\u0131na ra\u011fmen h\u00e2l\u00e2 ad\u0131 koyulamam\u0131\u015f bir deneyim bu&#8230; Mutlusuzluk! Anlam\u0131: Mutluluk yoksunlu\u011fu&#8230; Mutsuzluktan \u00e7ok farkl\u0131 ama \u00e7a\u011f\u0131m\u0131z\u0131n en b\u00fcy\u00fck psikolojik vir\u00fcs\u00fc&#8230; Mutsuzluk, de\u011fer verip sahip oldu\u011funuz bir \u015feyi kaybetti\u011finizde ortaya \u00e7\u0131kan i\u015flevsel ve iyile\u015ftirici bir duyguyken, mutlusuzluk ise arzu etti\u011finiz \u015feye sahip olamad\u0131\u011f\u0131n\u0131zda ortaya \u00e7\u0131kan ars\u0131z, i\u015flevsiz ve patolojik bir duygu&#8230; Mutlusuzlukla ba\u015f etti\u011fimiz an, her \u015fey farkl\u0131 g\u00f6r\u00fcnecek. Bunun tek yolu hayata y\u00fckledi\u011fimiz hatal\u0131 anlamlar\u0131 g\u00f6zden ge\u00e7irmek. Anlamlar\u0131 yeniden anlamland\u0131raca\u011f\u0131m\u0131z bu yolculu\u011fa benimle \u00e7\u0131kmaya ne dersiniz? <\/p>\n","protected":false},"excerpt":{"rendered":"<p>Meslek hayat\u0131m boyunca insanlar\u0131n mutsuzluk hissine ve depresyonuna iyi gelebilecek anlamlar arad\u0131m. Sonunda fark ettim ki aray\u0131p durdu\u011fumuz anlam, onu kaybetti\u011fimiz yerde \u00f6ylece beklemeye devam ediyor.<span class=\"excerpt-hellip\"> [\u2026]<\/span><\/p>\n","protected":false},"featured_media":0,"template":"","meta":{"_monsterinsights_skip_tracking":false,"_monsterinsights_sitenote_active":false,"_monsterinsights_sitenote_note":"","_monsterinsights_sitenote_category":0},"product_brand":[],"product_cat":[12358,12357],"product_tag":[],"class_list":{"0":"post-728618","1":"product","2":"type-product","3":"status-publish","5":"product_cat-genel-psikoloji","6":"product_cat-psikoloji","7":"pa_cilt-ciltsiz","8":"pa_tur-kitap","9":"pa_yayinevi-destek-yayinlari","10":"pa_yazar-mehmet-sakiroglu","12":"first","13":"instock","14":"sale","15":"shipping-taxable","16":"purchasable","17":"product-type-simple"},"_links":{"self":[{"href":"https:\/\/roveyayinevi.com.tr\/index.php\/wp-json\/wp\/v2\/product\/728618","targetHints":{"allow":["GET"]}}],"collection":[{"href":"https:\/\/roveyayinevi.com.tr\/index.php\/wp-json\/wp\/v2\/product"}],"about":[{"href":"https:\/\/roveyayinevi.com.tr\/index.php\/wp-json\/wp\/v2\/types\/product"}],"wp:attachment":[{"href":"https:\/\/roveyayinevi.com.tr\/index.php\/wp-json\/wp\/v2\/media?parent=728618"}],"wp:term":[{"taxonomy":"product_brand","embeddable":true,"href":"https:\/\/roveyayinevi.com.tr\/index.php\/wp-json\/wp\/v2\/product_brand?post=728618"},{"taxonomy":"product_cat","embeddable":true,"href":"https:\/\/roveyayinevi.com.tr\/index.php\/wp-json\/wp\/v2\/product_cat?post=728618"},{"taxonomy":"product_tag","embeddable":true,"href":"https:\/\/roveyayinevi.com.tr\/index.php\/wp-json\/wp\/v2\/product_tag?post=728618"}],"curies":[{"name":"wp","href":"https:\/\/api.w.org\/{rel}","templated":true}]}}