{"id":728617,"date":"2025-08-27T20:42:15","date_gmt":"2025-08-27T17:42:15","guid":{"rendered":"https:\/\/roveyayinevi.com.tr\/index.php\/urun\/hayvan-ciftligi-bez-ciltli\/"},"modified":"2026-04-16T02:36:33","modified_gmt":"2026-04-15T23:36:33","slug":"hayvan-ciftligi-bez-ciltli","status":"publish","type":"product","link":"https:\/\/roveyayinevi.com.tr\/index.php\/urun\/hayvan-ciftligi-bez-ciltli\/","title":{"rendered":"Hayvan \u00c7iftli\u011fi (Bez Ciltli)"},"content":{"rendered":"<p>Konak \u00c7iftli\u011fi\u2019nin hayvanlar\u0131, kendilerini ezen ve s\u00f6m\u00fcren efendileri Bay Jones&#8217;u devirip \u00e7iftli\u011fi ele ge\u00e7irdiklerinde t\u00fcm hayvanlar\u0131n \u00f6zg\u00fcr ve e\u015fit olaca\u011f\u0131 yeni bir d\u00fcnya yaratabileceklerini d\u00fc\u015f\u00fcn\u00fcrler. Fakat \u00e7ok ge\u00e7meden kurnaz domuz Napoleon \u00f6nderli\u011finde, devirdikleri tiranl\u0131\u011f\u0131n yerini bir ba\u015fka zalim y\u00f6netim al\u0131r.\u00dcnl\u00fc \u0130ngiliz yazar George Orwell, 1917 Rus Devrimi ve sonras\u0131nda ya\u015fanan olaylara ele\u015ftirel bir bak\u0131\u015f a\u00e7\u0131s\u0131 getirdi\u011fi alegorik roman\u0131 Hayvan \u00c7iftli\u011fi\u2019ni 1943 y\u0131l\u0131 sonlar\u0131na do\u011fru tamamlar ancak d\u00f6rt yay\u0131nevi taraf\u0131ndan reddedilen bu ba\u015fyap\u0131t iki y\u0131l sonra, 17 A\u011fustos 1945\u2019te yay\u0131mlan\u0131r.G\u00fcc\u00fcn yozla\u015ft\u0131r\u0131c\u0131 etkisini \u00e7arp\u0131c\u0131 bir \u015fekilde ortaya koyan, Orwell\u2019in kendi deyimiyle \u2018yanl\u0131\u015f giden bir devrimin tarihi\u2019 olan bu eseri Asl\u0131 Bi\u00e7en\u2019in \u00f6zenli \u00e7evirisiyle sunuyoruz.<\/p>\n","protected":false},"excerpt":{"rendered":"<p>Konak \u00c7iftli\u011fi\u2019nin hayvanlar\u0131, kendilerini ezen ve s\u00f6m\u00fcren efendileri Bay Jones&#8217;u devirip \u00e7iftli\u011fi ele ge\u00e7irdiklerinde t\u00fcm hayvanlar\u0131n \u00f6zg\u00fcr ve e\u015fit olaca\u011f\u0131 yeni bir d\u00fcnya yaratabileceklerini d\u00fc\u015f\u00fcn\u00fcrler. Fakat<span class=\"excerpt-hellip\"> [\u2026]<\/span><\/p>\n","protected":false},"featured_media":0,"template":"","meta":{"_monsterinsights_skip_tracking":false,"_monsterinsights_sitenote_active":false,"_monsterinsights_sitenote_note":"","_monsterinsights_sitenote_category":0},"product_brand":[],"product_cat":[12291,12711],"product_tag":[],"class_list":{"0":"post-728617","1":"product","2":"type-product","3":"status-publish","5":"product_cat-edebiyat","6":"product_cat-roman-oyku","7":"pa_cilt-ciltli","8":"pa_tur-kitap","9":"pa_yayinevi-koridor-yayincilik","10":"pa_yazar-george-orwell","12":"first","13":"instock","14":"sale","15":"shipping-taxable","16":"purchasable","17":"product-type-simple"},"_links":{"self":[{"href":"https:\/\/roveyayinevi.com.tr\/index.php\/wp-json\/wp\/v2\/product\/728617","targetHints":{"allow":["GET"]}}],"collection":[{"href":"https:\/\/roveyayinevi.com.tr\/index.php\/wp-json\/wp\/v2\/product"}],"about":[{"href":"https:\/\/roveyayinevi.com.tr\/index.php\/wp-json\/wp\/v2\/types\/product"}],"wp:attachment":[{"href":"https:\/\/roveyayinevi.com.tr\/index.php\/wp-json\/wp\/v2\/media?parent=728617"}],"wp:term":[{"taxonomy":"product_brand","embeddable":true,"href":"https:\/\/roveyayinevi.com.tr\/index.php\/wp-json\/wp\/v2\/product_brand?post=728617"},{"taxonomy":"product_cat","embeddable":true,"href":"https:\/\/roveyayinevi.com.tr\/index.php\/wp-json\/wp\/v2\/product_cat?post=728617"},{"taxonomy":"product_tag","embeddable":true,"href":"https:\/\/roveyayinevi.com.tr\/index.php\/wp-json\/wp\/v2\/product_tag?post=728617"}],"curies":[{"name":"wp","href":"https:\/\/api.w.org\/{rel}","templated":true}]}}