{"id":728615,"date":"2025-08-27T20:42:13","date_gmt":"2025-08-27T17:42:13","guid":{"rendered":"https:\/\/roveyayinevi.com.tr\/index.php\/urun\/cumra-1965\/"},"modified":"2026-04-16T02:36:33","modified_gmt":"2026-04-15T23:36:33","slug":"cumra-1965","status":"publish","type":"product","link":"https:\/\/roveyayinevi.com.tr\/index.php\/urun\/cumra-1965\/","title":{"rendered":"\u00c7umra 1965"},"content":{"rendered":"<p>Mutfakta bir ceset. Evin i\u00e7ine g\u00f6m\u00fclm\u00fc\u015f. Cenin pozisyonunda ve yere dik. \u00c7atalh\u00f6y\u00fckl\u00fcler \u00f6l\u00fclerini \u00f6yle defnedermi\u015f. Ama bu so\u011fuk, hareketsiz cenin \u00c7atalh\u00f6y\u00fck Antik Kenti\u2019nde de\u011fil. Oran\u0131n biraz \u00f6tesinde, \u00c7umra kasabas\u0131nda bulunan s\u0131radan bir hanede\u2026 Sene 1965. On bin y\u0131ll\u0131k \u00f6l\u00fclerin yan\u0131na durmadan yenileri ekleniyor. Bu batakl\u0131k kasaba insanlar\u0131 yutmaya doymuyor. U\u011fursuz bir sessizlik \u00f6rt\u00fcyor her \u015feyi, olanlar kimsenin dikkatini \u00e7ekmiyor. Ta ki \u00c7atalh\u00f6y\u00fck kaz\u0131s\u0131nda \u00e7al\u0131\u015fan \u00fc\u00e7 Alman arkeolo\u011fun kaybolu\u015funa kadar. Olay \u00fczerine \u00c7umra kasabas\u0131na atanan yeni emniyet amiri Ali Kemal, kendini b\u00fcy\u00fck bir muamman\u0131n i\u00e7inde buluyor: tuhaf k\u00f6y halk\u0131, ger\u00e7ek y\u00fczlerini maskeleyen kaz\u0131 \u00e7al\u0131\u015fanlar\u0131, ortadan yok olan insanlar, kay\u0131p hazineler ve topra\u011f\u0131n do\u011furdu\u011fu \u00f6l\u00fcler\u2026 \u201cTabut gibidir bu kasaba. Herkesin \u00f6mr\u00fc o tabuttan \u00e7\u0131kmak i\u00e7in etraf\u0131 t\u0131rmalamakla ge\u00e7er de fark etmez hi\u00e7biri.\u201d Sevin\u00e7 Yavuz bu romanda, 1965 y\u0131l\u0131nda Konya\u2019n\u0131n 10 bin n\u00fcfuslu kasabas\u0131 \u00c7umra\u2019da 15 ki\u015fiyi \u00f6ld\u00fcr\u00fcp par\u00e7alayarak evinin mutfa\u011f\u0131na ya da bah\u00e7esine g\u00f6men bir seri katilin ger\u00e7ek hik\u00e2yesini okurlar\u0131yla payla\u015f\u0131yor. Tekinsiz sat\u0131rlarda dola\u015fmay\u0131 sevenler i\u00e7in\u2026 <\/p>\n","protected":false},"excerpt":{"rendered":"<p>Mutfakta bir ceset. Evin i\u00e7ine g\u00f6m\u00fclm\u00fc\u015f. Cenin pozisyonunda ve yere dik. \u00c7atalh\u00f6y\u00fckl\u00fcler \u00f6l\u00fclerini \u00f6yle defnedermi\u015f. Ama bu so\u011fuk, hareketsiz cenin \u00c7atalh\u00f6y\u00fck Antik Kenti\u2019nde de\u011fil. Oran\u0131n biraz<span class=\"excerpt-hellip\"> [\u2026]<\/span><\/p>\n","protected":false},"featured_media":0,"template":"","meta":{"_monsterinsights_skip_tracking":false,"_monsterinsights_sitenote_active":false,"_monsterinsights_sitenote_note":"","_monsterinsights_sitenote_category":0},"product_brand":[],"product_cat":[12291,17033],"product_tag":[],"class_list":{"0":"post-728615","1":"product","2":"type-product","3":"status-publish","5":"product_cat-edebiyat","6":"product_cat-korku-gerilim","7":"pa_cilt-ciltsiz","8":"pa_tur-kitap","9":"pa_yayinevi-profil-kitap","10":"pa_yazar-sevinc-yavuz","12":"first","13":"instock","14":"sale","15":"shipping-taxable","16":"purchasable","17":"product-type-simple"},"_links":{"self":[{"href":"https:\/\/roveyayinevi.com.tr\/index.php\/wp-json\/wp\/v2\/product\/728615","targetHints":{"allow":["GET"]}}],"collection":[{"href":"https:\/\/roveyayinevi.com.tr\/index.php\/wp-json\/wp\/v2\/product"}],"about":[{"href":"https:\/\/roveyayinevi.com.tr\/index.php\/wp-json\/wp\/v2\/types\/product"}],"wp:attachment":[{"href":"https:\/\/roveyayinevi.com.tr\/index.php\/wp-json\/wp\/v2\/media?parent=728615"}],"wp:term":[{"taxonomy":"product_brand","embeddable":true,"href":"https:\/\/roveyayinevi.com.tr\/index.php\/wp-json\/wp\/v2\/product_brand?post=728615"},{"taxonomy":"product_cat","embeddable":true,"href":"https:\/\/roveyayinevi.com.tr\/index.php\/wp-json\/wp\/v2\/product_cat?post=728615"},{"taxonomy":"product_tag","embeddable":true,"href":"https:\/\/roveyayinevi.com.tr\/index.php\/wp-json\/wp\/v2\/product_tag?post=728615"}],"curies":[{"name":"wp","href":"https:\/\/api.w.org\/{rel}","templated":true}]}}