{"id":728612,"date":"2025-08-27T20:42:10","date_gmt":"2025-08-27T17:42:10","guid":{"rendered":"https:\/\/roveyayinevi.com.tr\/index.php\/urun\/daima-susan\/"},"modified":"2026-04-16T02:36:33","modified_gmt":"2026-04-15T23:36:33","slug":"daima-susan","status":"publish","type":"product","link":"https:\/\/roveyayinevi.com.tr\/index.php\/urun\/daima-susan\/","title":{"rendered":"Daima Susan"},"content":{"rendered":"<p>Umut vadeden gen\u00e7 bir yazar olan Sigrid Nunez onunla tan\u0131\u015ft\u0131\u011f\u0131nda Sontag tart\u0131\u015fmal\u0131 denemeleri, keskin zek\u00e2s\u0131 ve sivri ki\u015fili\u011fiyle efsanevi bir fig\u00fcrd\u00fc. Sontag\u2019\u0131n asistanl\u0131\u011f\u0131n\u0131 yapan Nunez bir s\u00fcre sonra yazar\u0131n o\u011flu David\u2019le sevgili oldu ve \u00fc\u00e7\u00fc s\u0131rad\u0131\u015f\u0131 bir yak\u0131nl\u0131k kurarak ayn\u0131 evde ya\u015famaya ba\u015flad\u0131lar. \u0130nsanlara bir \u015feyler \u00f6\u011fretmekten \u00e7ok keyif alan ve hatta bunu ahlaki bir g\u00f6rev olarak benimseyen Sontag, k\u00fclt\u00fcrel ve entelekt\u00fcel tutkular\u0131yla etraf\u0131ndakilerde derin izler b\u0131rakan bir ustayd\u0131. Kimi zaman \u00e7evresindekilere ac\u0131 veren zorlu karakteri ve ona yazarl\u0131\u011fa dair \u00f6\u011frettikleriyle, daha sonra ba\u015far\u0131l\u0131 bir romanc\u0131 olacak Nunez\u2019in \u00fczerindeki etkisi de b\u00fcy\u00fckt\u00fc. Amerika\u2019n\u0131n en sayg\u0131n ve hayranl\u0131k uyand\u0131ran entelekt\u00fcellerinden biri olan Sontag\u2019\u0131n \u00f6l\u00fcm\u00fcnden alt\u0131 y\u0131l sonra yay\u0131mlanan bu dokunakl\u0131 kitap, kal\u0131plara s\u0131\u011fmayan bir ruhun ve g\u00f6z al\u0131c\u0131 parlakl\u0131kta bir zek\u00e2n\u0131n son derece a\u00e7\u0131ks\u00f6zl\u00fc bir portesini \u00e7iziyor. <\/p>\n","protected":false},"excerpt":{"rendered":"<p>Umut vadeden gen\u00e7 bir yazar olan Sigrid Nunez onunla tan\u0131\u015ft\u0131\u011f\u0131nda Sontag tart\u0131\u015fmal\u0131 denemeleri, keskin zek\u00e2s\u0131 ve sivri ki\u015fili\u011fiyle efsanevi bir fig\u00fcrd\u00fc. Sontag\u2019\u0131n asistanl\u0131\u011f\u0131n\u0131 yapan Nunez bir<span class=\"excerpt-hellip\"> [\u2026]<\/span><\/p>\n","protected":false},"featured_media":0,"template":"","meta":{"_monsterinsights_skip_tracking":false,"_monsterinsights_sitenote_active":false,"_monsterinsights_sitenote_note":"","_monsterinsights_sitenote_category":0},"product_brand":[],"product_cat":[14009,12291],"product_tag":[],"class_list":{"0":"post-728612","1":"product","2":"type-product","3":"status-publish","5":"product_cat-biyografi-otobiyografi-edebiyat","6":"product_cat-edebiyat","7":"pa_cilt-ciltsiz","8":"pa_tur-kitap","9":"pa_yayinevi-kafka-yayinevi","10":"pa_yazar-sigrid-nunez","12":"first","13":"instock","14":"sale","15":"shipping-taxable","16":"purchasable","17":"product-type-simple"},"_links":{"self":[{"href":"https:\/\/roveyayinevi.com.tr\/index.php\/wp-json\/wp\/v2\/product\/728612","targetHints":{"allow":["GET"]}}],"collection":[{"href":"https:\/\/roveyayinevi.com.tr\/index.php\/wp-json\/wp\/v2\/product"}],"about":[{"href":"https:\/\/roveyayinevi.com.tr\/index.php\/wp-json\/wp\/v2\/types\/product"}],"wp:attachment":[{"href":"https:\/\/roveyayinevi.com.tr\/index.php\/wp-json\/wp\/v2\/media?parent=728612"}],"wp:term":[{"taxonomy":"product_brand","embeddable":true,"href":"https:\/\/roveyayinevi.com.tr\/index.php\/wp-json\/wp\/v2\/product_brand?post=728612"},{"taxonomy":"product_cat","embeddable":true,"href":"https:\/\/roveyayinevi.com.tr\/index.php\/wp-json\/wp\/v2\/product_cat?post=728612"},{"taxonomy":"product_tag","embeddable":true,"href":"https:\/\/roveyayinevi.com.tr\/index.php\/wp-json\/wp\/v2\/product_tag?post=728612"}],"curies":[{"name":"wp","href":"https:\/\/api.w.org\/{rel}","templated":true}]}}