{"id":728610,"date":"2025-08-27T20:42:09","date_gmt":"2025-08-27T17:42:09","guid":{"rendered":"https:\/\/roveyayinevi.com.tr\/index.php\/urun\/kadinlar-sifadir\/"},"modified":"2026-04-11T02:44:58","modified_gmt":"2026-04-10T23:44:58","slug":"kadinlar-sifadir","status":"publish","type":"product","link":"https:\/\/roveyayinevi.com.tr\/index.php\/urun\/kadinlar-sifadir\/","title":{"rendered":"Kad\u0131nlar \u015eifad\u0131r"},"content":{"rendered":"<p>Bir kad\u0131n i\u00e7sel g\u00fcc\u00fcn\u00fc nas\u0131l ke\u015ffeder? Kad\u0131n olma, insan olma yolculu\u011funda, bir labirente benzeyen erginlenme e\u015fiklerinden nas\u0131l ge\u00e7er? Bedeniyle nas\u0131l bar\u0131\u015f\u0131r? Ruhunun i\u00e7 sesiyle nas\u0131l tan\u0131\u015f\u0131r? Bildi\u011fimiz d\u00fcnyan\u0131n h\u0131zla \u015fekil de\u011fi\u015ftirdi\u011fi ve pek \u00e7ok krizle kar\u015f\u0131 kar\u015f\u0131ya oldu\u011fumuz bu d\u00f6nemde, insan\u0131n uyan\u0131\u015f\u0131nda kad\u0131nlar\u0131n \u00e7ok \u00f6nemli bir rol\u00fc var: Do\u011fan\u0131n, yery\u00fcz\u00fcn\u00fcn \u00e7a\u011fr\u0131s\u0131na bedenlerindeki di\u015fi bilgeli\u011fin ve yarat\u0131c\u0131 g\u00fcc\u00fcn \u015fifas\u0131yla yan\u0131t vermek. Bug\u00fcn e\u015fi\u011finde oldu\u011fumuz d\u00f6n\u00fc\u015f\u00fcm\u00fcn itici g\u00fcc\u00fc ve liderleri kendi g\u00fc\u00e7lerine uyanm\u0131\u015f kad\u0131nlar olacak. \u201cKad\u0131n \u00e7emberleri\u201d denince T\u00fcrkiye\u2019de akla gelen ilk isim Filiz Telek\u2019ten t\u00fcm kad\u0131nlar i\u00e7in d\u00f6n\u00fc\u015ft\u00fcr\u00fcc\u00fc bir g\u00fcce sahip e\u015fsiz bir kitap\u2026 Bu kitap senin i\u00e7in yaz\u0131ld\u0131. Senin i\u00e7in, ya\u015fam\u0131n pe\u015finden tutkuyla ve muhabbetle giden t\u00fcm kad\u0131nlar i\u00e7in. Hepimizin i\u00e7inde ke\u015ffedilmeyi bekleyen bir \u015fifa, bir g\u00fc\u00e7, bir A\u015fk var.  Bu kitap o \u015fifay\u0131, o g\u00fcc\u00fc, o A\u015fk\u2019\u0131 bulman\u0131n hik\u00e2yesi. Uyanmak istiyorsan, iyile\u015fmek istiyorsan, canlanmak istiyorsan, hat\u0131rlamak istiyorsan, ya\u015fama hizmet etmek istiyorsan: Hisset | Nefes Al | Bedenini Hisset Yery\u00fcz\u00fcn\u00fc Hisset | Dans Et \u015earki S\u00f6yle | Ruhunun Sesini Dinle Bedenini Sev | Yery\u00fcz\u00fcndeki K\u00f6klerini Besle Bedenini Besle | Ellerini \u00c7ali\u015ftir Topra\u011fa Dokun | Topra\u011fi Besle Kal\u00e7alarini Uyandir | Dua Et Hayal Et | Yarat | A\u015fkini \u0130lan Et Yasini \u0130fade Et | G\u00f6zya\u015flarina \u0130zin Ver \u00d6l\u00fcm\u00fcn G\u00f6zlerinin \u0130\u00e7ine Bak Bir Do\u011fuma Taniklik Et B\u00fcy\u00fcklerini Bul | Atalarini Hatirla \u015e\u00fckret <\/p>\n","protected":false},"excerpt":{"rendered":"<p>Bir kad\u0131n i\u00e7sel g\u00fcc\u00fcn\u00fc nas\u0131l ke\u015ffeder? Kad\u0131n olma, insan olma yolculu\u011funda, bir labirente benzeyen erginlenme e\u015fiklerinden nas\u0131l ge\u00e7er? Bedeniyle nas\u0131l bar\u0131\u015f\u0131r? Ruhunun i\u00e7 sesiyle nas\u0131l tan\u0131\u015f\u0131r?<span class=\"excerpt-hellip\"> [\u2026]<\/span><\/p>\n","protected":false},"featured_media":0,"template":"","meta":{"_monsterinsights_skip_tracking":false,"_monsterinsights_sitenote_active":false,"_monsterinsights_sitenote_note":"","_monsterinsights_sitenote_category":0},"product_brand":[],"product_cat":[12364,12376],"product_tag":[],"class_list":{"0":"post-728610","1":"product","2":"type-product","3":"status-publish","5":"product_cat-genel-konular","6":"product_cat-kisisel-gelisim","7":"pa_cilt-ciltsiz","8":"pa_tur-kitap","9":"pa_yayinevi-dogan-novus","10":"pa_yazar-filiz-telek","12":"first","13":"instock","14":"sale","15":"shipping-taxable","16":"purchasable","17":"product-type-simple"},"_links":{"self":[{"href":"https:\/\/roveyayinevi.com.tr\/index.php\/wp-json\/wp\/v2\/product\/728610","targetHints":{"allow":["GET"]}}],"collection":[{"href":"https:\/\/roveyayinevi.com.tr\/index.php\/wp-json\/wp\/v2\/product"}],"about":[{"href":"https:\/\/roveyayinevi.com.tr\/index.php\/wp-json\/wp\/v2\/types\/product"}],"wp:attachment":[{"href":"https:\/\/roveyayinevi.com.tr\/index.php\/wp-json\/wp\/v2\/media?parent=728610"}],"wp:term":[{"taxonomy":"product_brand","embeddable":true,"href":"https:\/\/roveyayinevi.com.tr\/index.php\/wp-json\/wp\/v2\/product_brand?post=728610"},{"taxonomy":"product_cat","embeddable":true,"href":"https:\/\/roveyayinevi.com.tr\/index.php\/wp-json\/wp\/v2\/product_cat?post=728610"},{"taxonomy":"product_tag","embeddable":true,"href":"https:\/\/roveyayinevi.com.tr\/index.php\/wp-json\/wp\/v2\/product_tag?post=728610"}],"curies":[{"name":"wp","href":"https:\/\/api.w.org\/{rel}","templated":true}]}}