{"id":728609,"date":"2025-08-27T20:42:08","date_gmt":"2025-08-27T17:42:08","guid":{"rendered":"https:\/\/roveyayinevi.com.tr\/index.php\/urun\/zurafa-sozu\/"},"modified":"2026-04-16T02:36:33","modified_gmt":"2026-04-15T23:36:33","slug":"zurafa-sozu","status":"publish","type":"product","link":"https:\/\/roveyayinevi.com.tr\/index.php\/urun\/zurafa-sozu\/","title":{"rendered":"Z\u00fcrafa S\u00f6z\u00fc"},"content":{"rendered":"<p>G\u00fcne\u015fin do\u011fu\u015funda ve bat\u0131\u015f\u0131nda birbirini selamlayan z\u00fcrafalar&#8230; Dedemle ben de i\u015fte \u00f6yle selamla\u015f\u0131yor ve z\u00fcrafa s\u00f6z\u00fc veriyorduk birbirimize&#8230; Do\u011fa foto\u011fraf\u00e7\u0131s\u0131 bir dede&#8230; Turuncu adl\u0131 bir karavan&#8230; Ve ya\u015fam\u0131n renklerinin pe\u015finde bir \u00e7ocuk: Toprak. Toprak, dedesinin ona dokuz ya\u015f\u0131nda hediye etti\u011fi foto\u011fraf makinesiyle hem ge\u00e7mi\u015fin duygusal anlar\u0131nda geziyor hem de gelece\u011fi d\u00f6n\u00fc\u015ft\u00fcrmek i\u00e7in harekete ge\u00e7iyor. \u00c7ocuk kitaplar\u0131n\u0131n sevilen yazar\u0131 An\u0131l Bas\u0131l\u0131\u2019n\u0131n kaleminden samimi bir anlat\u0131m ve Mavisu Demira\u011f\u2019\u0131n \u00f6zg\u00fcn desenleri e\u015fli\u011finde aile, do\u011fa, b\u00fcy\u00fcmek ve foto\u011fraf sanat\u0131 \u00fczerine kalpleri \u0131s\u0131tan, e\u015fsiz bir \u00f6yk\u00fc. <\/p>\n","protected":false},"excerpt":{"rendered":"<p>G\u00fcne\u015fin do\u011fu\u015funda ve bat\u0131\u015f\u0131nda birbirini selamlayan z\u00fcrafalar&#8230; Dedemle ben de i\u015fte \u00f6yle selamla\u015f\u0131yor ve z\u00fcrafa s\u00f6z\u00fc veriyorduk birbirimize&#8230; Do\u011fa foto\u011fraf\u00e7\u0131s\u0131 bir dede&#8230; Turuncu adl\u0131 bir karavan&#8230;<span class=\"excerpt-hellip\"> [\u2026]<\/span><\/p>\n","protected":false},"featured_media":0,"template":"","meta":{"_monsterinsights_skip_tracking":false,"_monsterinsights_sitenote_active":false,"_monsterinsights_sitenote_note":"","_monsterinsights_sitenote_category":0},"product_brand":[],"product_cat":[12275,12274],"product_tag":[],"class_list":{"0":"post-728609","1":"product","2":"type-product","3":"status-publish","5":"product_cat-6-12-yas-kitaplari","6":"product_cat-cocuk-ve-genclik-kitaplari","7":"pa_cilt-ciltsiz","8":"pa_tur-kitap","9":"pa_yayinevi-dogan-egmont-yayincilik","10":"pa_yazar-anil-basili","12":"first","13":"instock","14":"sale","15":"shipping-taxable","16":"purchasable","17":"product-type-simple"},"_links":{"self":[{"href":"https:\/\/roveyayinevi.com.tr\/index.php\/wp-json\/wp\/v2\/product\/728609","targetHints":{"allow":["GET"]}}],"collection":[{"href":"https:\/\/roveyayinevi.com.tr\/index.php\/wp-json\/wp\/v2\/product"}],"about":[{"href":"https:\/\/roveyayinevi.com.tr\/index.php\/wp-json\/wp\/v2\/types\/product"}],"wp:attachment":[{"href":"https:\/\/roveyayinevi.com.tr\/index.php\/wp-json\/wp\/v2\/media?parent=728609"}],"wp:term":[{"taxonomy":"product_brand","embeddable":true,"href":"https:\/\/roveyayinevi.com.tr\/index.php\/wp-json\/wp\/v2\/product_brand?post=728609"},{"taxonomy":"product_cat","embeddable":true,"href":"https:\/\/roveyayinevi.com.tr\/index.php\/wp-json\/wp\/v2\/product_cat?post=728609"},{"taxonomy":"product_tag","embeddable":true,"href":"https:\/\/roveyayinevi.com.tr\/index.php\/wp-json\/wp\/v2\/product_tag?post=728609"}],"curies":[{"name":"wp","href":"https:\/\/api.w.org\/{rel}","templated":true}]}}