{"id":728608,"date":"2025-08-27T20:42:07","date_gmt":"2025-08-27T17:42:07","guid":{"rendered":"https:\/\/roveyayinevi.com.tr\/index.php\/urun\/gaudinin-gizemini-cozen-iki-kafadar\/"},"modified":"2026-04-16T02:36:33","modified_gmt":"2026-04-15T23:36:33","slug":"gaudinin-gizemini-cozen-iki-kafadar","status":"publish","type":"product","link":"https:\/\/roveyayinevi.com.tr\/index.php\/urun\/gaudinin-gizemini-cozen-iki-kafadar\/","title":{"rendered":"Gaudi\u2019nin Gizemini \u00c7\u00f6zen \u0130ki Kafadar"},"content":{"rendered":"<p>Barcelona, \u0130spanya\u2019n\u0131n Katalan B\u00f6lgesi\u2019nin ba\u015fkenti, ayn\u0131 zamanda b\u00fct\u00fcn d\u00fcnyan\u0131n g\u00f6z bebe\u011fidir. Akdeniz\u2019in k\u0131y\u0131s\u0131na uzanan bu \u00e7ok eski \u015fehir, her y\u0131l milyonlarca merakl\u0131y\u0131 kendine \u00e7eker. \u0130\u015fte bu \u00fcnl\u00fc kentin, d\u00fcnyan\u0131n b\u00fct\u00fcn mimarlar\u0131na ilham veren me\u015fhur bir mimar\u0131 vard\u0131r: Antoni Gaudi. Eserlerinde k\u00f6\u015feler yoktur; k\u0131vr\u0131ml\u0131, yuvarlak \u015fekilleriyle g\u00f6renleri hayran b\u0131rakan bir dehad\u0131r Antoni Gaudi. \u00dcnl\u00fc mimar\u0131m\u0131z erken ya\u015fta \u00f6l\u00fcnce arkas\u0131nda \u00e7e\u015fitli s\u0131rlar ve \u00e7\u00f6z\u00fclmeyi bekleyen mimari gizemler b\u0131rakm\u0131\u015ft\u0131r. Bizim iki kafadar\u0131m\u0131z, bu s\u0131rlardan birini rastlant\u0131 sonucu \u00f6\u011frenir ve m\u00fcthi\u015f bir aksiyon ba\u015flar. Bitmemi\u015f eseri Sagrada Familia\u2019n\u0131n i\u00e7ine saklanan hazineyi, h\u0131rs\u0131zlardan \u00f6nce bulmalar\u0131 ve onu hak etti\u011fi yere ula\u015ft\u0131rmay\u0131 ba\u015farmalar\u0131 gerekecektir. Bu maceraya d\u00fcnyan\u0131n b\u00fct\u00fcn \u00e7ocuklar\u0131yla birlikte kat\u0131lmak ister misin? <\/p>\n","protected":false},"excerpt":{"rendered":"<p>Barcelona, \u0130spanya\u2019n\u0131n Katalan B\u00f6lgesi\u2019nin ba\u015fkenti, ayn\u0131 zamanda b\u00fct\u00fcn d\u00fcnyan\u0131n g\u00f6z bebe\u011fidir. Akdeniz\u2019in k\u0131y\u0131s\u0131na uzanan bu \u00e7ok eski \u015fehir, her y\u0131l milyonlarca merakl\u0131y\u0131 kendine \u00e7eker. \u0130\u015fte bu<span class=\"excerpt-hellip\"> [\u2026]<\/span><\/p>\n","protected":false},"featured_media":0,"template":"","meta":{"_monsterinsights_skip_tracking":false,"_monsterinsights_sitenote_active":false,"_monsterinsights_sitenote_note":"","_monsterinsights_sitenote_category":0},"product_brand":[],"product_cat":[12274,12284],"product_tag":[],"class_list":{"0":"post-728608","1":"product","2":"type-product","3":"status-publish","5":"product_cat-cocuk-ve-genclik-kitaplari","6":"product_cat-hikayeler","7":"pa_cilt-ciltsiz","8":"pa_tur-kitap","9":"pa_yayinevi-yeni-insan-yayinlari","10":"pa_yazar-salvador-comelles","12":"first","13":"instock","14":"sale","15":"shipping-taxable","16":"purchasable","17":"product-type-simple"},"_links":{"self":[{"href":"https:\/\/roveyayinevi.com.tr\/index.php\/wp-json\/wp\/v2\/product\/728608","targetHints":{"allow":["GET"]}}],"collection":[{"href":"https:\/\/roveyayinevi.com.tr\/index.php\/wp-json\/wp\/v2\/product"}],"about":[{"href":"https:\/\/roveyayinevi.com.tr\/index.php\/wp-json\/wp\/v2\/types\/product"}],"wp:attachment":[{"href":"https:\/\/roveyayinevi.com.tr\/index.php\/wp-json\/wp\/v2\/media?parent=728608"}],"wp:term":[{"taxonomy":"product_brand","embeddable":true,"href":"https:\/\/roveyayinevi.com.tr\/index.php\/wp-json\/wp\/v2\/product_brand?post=728608"},{"taxonomy":"product_cat","embeddable":true,"href":"https:\/\/roveyayinevi.com.tr\/index.php\/wp-json\/wp\/v2\/product_cat?post=728608"},{"taxonomy":"product_tag","embeddable":true,"href":"https:\/\/roveyayinevi.com.tr\/index.php\/wp-json\/wp\/v2\/product_tag?post=728608"}],"curies":[{"name":"wp","href":"https:\/\/api.w.org\/{rel}","templated":true}]}}