{"id":728607,"date":"2025-08-27T20:42:06","date_gmt":"2025-08-27T17:42:06","guid":{"rendered":"https:\/\/roveyayinevi.com.tr\/index.php\/urun\/ahmet-midhat-efendi-ve-musiki\/"},"modified":"2026-04-16T02:36:33","modified_gmt":"2026-04-15T23:36:33","slug":"ahmet-midhat-efendi-ve-musiki","status":"publish","type":"product","link":"https:\/\/roveyayinevi.com.tr\/index.php\/urun\/ahmet-midhat-efendi-ve-musiki\/","title":{"rendered":"Ahmet Midhat Efendi ve Musiki"},"content":{"rendered":"<p>Ahmet Midhat Efendi, Tanzimat sonras\u0131 k\u00fclt\u00fcr ve edebiyat tarihimizin \u201ck\u0131rk ambar\u201d yazarlar\u0131ndan biridir. Gazeteci, romanc\u0131, tiyatro ve hik\u00e2ye yazar\u0131, m\u00fctercim, tarih\u00e7i vs. s\u0131fatlar\u0131 onun \u00e7ok y\u00f6nl\u00fc ki\u015fili\u011fini g\u00f6sterir. Ahmet Midhat Efendi kadar nesilleri etkileyen, yazd\u0131klar\u0131 ve yapt\u0131klar\u0131yla kendisinden sonraki ku\u015faklar \u00fczerinde iz b\u0131rakan \u00e7ok az yazar vard\u0131r. Fazl\u0131 Arslan\u2019\u0131n elinizde tuttu\u011funuz bu \u00e7al\u0131\u015fmas\u0131, Ahmet Midhat Efendi\u2019nin az bilinen bir y\u00f6n\u00fcn\u00fc, m\u00fbsik\u00ee cephesini ele al\u0131yor. Yazar\u0131n, d\u00f6nemin mecmua sayfalar\u0131nda kalm\u0131\u015f m\u00fbsik\u00ee ile ilgili yaz\u0131lar\u0131n\u0131 yeni dile aktar\u0131yor. Rauf Yekta, Salih Zeki, Nuri \u015eeyda Beyler gibi devrin m\u00fbsik\u00ee alan\u0131nda \u00f6nde gelen \u00fcstatlar\u0131yla yaz\u0131\u015fmalar\u0131 da ilk defa g\u00fcn y\u00fcz\u00fcne \u00e7\u0131k\u0131yor. Bu metinlerin ayn\u0131 zamanda edebiyat ve sosyoloji \u00fczerine ara\u015ft\u0131rma yapanlar\u0131n da ilgisini \u00e7ekece\u011fini umuyoruz. Bu \u00e7al\u0131\u015fma ile birlikte, \u00e7ok y\u00f6nl\u00fc bir yazar olarak bildi\u011fimiz Ahmet Midhat Efendi\u2019nin bilinmeyen bir y\u00f6n\u00fcn\u00fc daha ke\u015ffetmi\u015f olaca\u011f\u0131z. <\/p>\n","protected":false},"excerpt":{"rendered":"<p>Ahmet Midhat Efendi, Tanzimat sonras\u0131 k\u00fclt\u00fcr ve edebiyat tarihimizin \u201ck\u0131rk ambar\u201d yazarlar\u0131ndan biridir. Gazeteci, romanc\u0131, tiyatro ve hik\u00e2ye yazar\u0131, m\u00fctercim, tarih\u00e7i vs. s\u0131fatlar\u0131 onun \u00e7ok y\u00f6nl\u00fc<span class=\"excerpt-hellip\"> [\u2026]<\/span><\/p>\n","protected":false},"featured_media":0,"template":"","meta":{"_monsterinsights_skip_tracking":false,"_monsterinsights_sitenote_active":false,"_monsterinsights_sitenote_note":"","_monsterinsights_sitenote_category":0},"product_brand":[],"product_cat":[44608,12408],"product_tag":[],"class_list":{"0":"post-728607","1":"product","2":"type-product","3":"status-publish","5":"product_cat-diger-sanat","6":"product_cat-sanat","7":"pa_cilt-ciltsiz","8":"pa_tur-kitap","9":"pa_yayinevi-vakifbank-kultur-yayinlari","10":"pa_yazar-fazli-arslan","12":"first","13":"instock","14":"sale","15":"shipping-taxable","16":"purchasable","17":"product-type-simple"},"_links":{"self":[{"href":"https:\/\/roveyayinevi.com.tr\/index.php\/wp-json\/wp\/v2\/product\/728607","targetHints":{"allow":["GET"]}}],"collection":[{"href":"https:\/\/roveyayinevi.com.tr\/index.php\/wp-json\/wp\/v2\/product"}],"about":[{"href":"https:\/\/roveyayinevi.com.tr\/index.php\/wp-json\/wp\/v2\/types\/product"}],"wp:attachment":[{"href":"https:\/\/roveyayinevi.com.tr\/index.php\/wp-json\/wp\/v2\/media?parent=728607"}],"wp:term":[{"taxonomy":"product_brand","embeddable":true,"href":"https:\/\/roveyayinevi.com.tr\/index.php\/wp-json\/wp\/v2\/product_brand?post=728607"},{"taxonomy":"product_cat","embeddable":true,"href":"https:\/\/roveyayinevi.com.tr\/index.php\/wp-json\/wp\/v2\/product_cat?post=728607"},{"taxonomy":"product_tag","embeddable":true,"href":"https:\/\/roveyayinevi.com.tr\/index.php\/wp-json\/wp\/v2\/product_tag?post=728607"}],"curies":[{"name":"wp","href":"https:\/\/api.w.org\/{rel}","templated":true}]}}