{"id":728606,"date":"2025-08-27T20:42:05","date_gmt":"2025-08-27T17:42:05","guid":{"rendered":"https:\/\/roveyayinevi.com.tr\/index.php\/urun\/buyuklerle-yeniden-nasrettin-hoca\/"},"modified":"2026-04-16T02:36:33","modified_gmt":"2026-04-15T23:36:33","slug":"buyuklerle-yeniden-nasrettin-hoca","status":"publish","type":"product","link":"https:\/\/roveyayinevi.com.tr\/index.php\/urun\/buyuklerle-yeniden-nasrettin-hoca\/","title":{"rendered":"B\u00fcy\u00fcklerle Yeniden Nasrettin Hoca"},"content":{"rendered":"<p>\u201cYaz alaz\u0131 ge\u00e7ip ince ince\/ve gece g\u00fcnd\u00fcz dinmeyen g\u00fcrb\u00fcz ya\u011fmuru,\/aya\u011f\u0131n\u0131n \u00e7amuruyla \u00e7\u0131k\u0131p gelin ce g\u00fcz,\/k\u0131rk y\u0131ld\u0131r ellenmeyen k\u0131r\u0131k kiremitler\/aras\u0131ndan dola\u015f\u0131p, \u015f\u0131p \u015f\u0131p damlay\u0131nca su tavan dan,\/Van G\u00f6l\u00fc\u2019ne d\u00f6n\u00fcnce ev ve k\u00fc\u00e7\u00fck o\u011flu\/giderek kendini ger\u00e7ek bir \u00f6rdek,\/kalan ahali ise birer inci kefali sanmaya ba\u015flay\u0131nca\/ancak ayaklanm\u0131\u015f Hoca ve do\u011fruca dama\/\u00e7\u0131km\u0131\u015f, kiremit sa\u00e7ak aktaracak.\u201d (Damdan D\u00fc\u015fen) B\u00f6yle diyor Nazmi A\u011f\u0131l, b\u00fcy\u00fcklere Nasrettin Hocan\u0131n f\u0131kralar\u0131n\u0131 anlatt\u0131\u011f\u0131 \u015fiirlerinden birinde. Bu tarz\u0131n \u00f6ncesi de var: Orhan Veli, Nasrettin Hoca hik\u00e2yelerini 1949 y\u0131l\u0131nda ilk defa \u015fiirle\u015ftirdi\u011finde olduk\u00e7a ses getirmi\u015fti. O tarihten bu yana halk zek\u00e2s\u0131n\u0131n \u00fcr\u00fcn\u00fc olan Hocan\u0131n f\u0131kralar\u0131 \u015fiir diliyle bir\u00e7ok kez yaz\u0131ld\u0131. \u00dcnl\u00fc bilgemizin ku\u015faktan ku\u015fa\u011fa aktar\u0131lagelen maceralar\u0131n\u0131 bir kez de \u015fair Nazmi A\u011f\u0131l b\u00fcy\u00fckler i\u00e7in kaleme ald\u0131. Y\u00fczy\u0131llard\u0131r insan\u0131m\u0131z\u0131 g\u00fcl\u00fcmseten f\u0131kralar\u0131n tad\u0131, engin bir hayal g\u00fcc\u00fc ve g\u00fcn\u00fcm\u00fcze yap\u0131lan g\u00f6ndermelerle katmerleniyor. Ses tekrarlar\u0131, i\u00e7 kafiyeler ve al\u0131\u015f\u0131lmad\u0131k benzetmelerle T\u00fcrk\u00e7emizin anlat\u0131m zenginli\u011fini c\u00f6mert\u00e7e sergileyen bu \u015fiirleri ister yaln\u0131z ba\u015f\u0131na, ister ailenizle, ama \u00f6zellikle y\u00fcksek sesle okuman\u0131z\u0131 \u00f6neriyoruz. <\/p>\n","protected":false},"excerpt":{"rendered":"<p>\u201cYaz alaz\u0131 ge\u00e7ip ince ince\/ve gece g\u00fcnd\u00fcz dinmeyen g\u00fcrb\u00fcz ya\u011fmuru,\/aya\u011f\u0131n\u0131n \u00e7amuruyla \u00e7\u0131k\u0131p gelin ce g\u00fcz,\/k\u0131rk y\u0131ld\u0131r ellenmeyen k\u0131r\u0131k kiremitler\/aras\u0131ndan dola\u015f\u0131p, \u015f\u0131p \u015f\u0131p damlay\u0131nca su tavan dan,\/Van<span class=\"excerpt-hellip\"> [\u2026]<\/span><\/p>\n","protected":false},"featured_media":0,"template":"","meta":{"_monsterinsights_skip_tracking":false,"_monsterinsights_sitenote_active":false,"_monsterinsights_sitenote_note":"","_monsterinsights_sitenote_category":0},"product_brand":[],"product_cat":[12291,12509],"product_tag":[],"class_list":{"0":"post-728606","1":"product","2":"type-product","3":"status-publish","5":"product_cat-edebiyat","6":"product_cat-siir","7":"pa_cilt-ciltsiz","8":"pa_tur-kitap","9":"pa_yayinevi-vakifbank-kultur-yayinlari","10":"pa_yazar-nazmi-agil","12":"first","13":"instock","14":"sale","15":"shipping-taxable","16":"purchasable","17":"product-type-simple"},"_links":{"self":[{"href":"https:\/\/roveyayinevi.com.tr\/index.php\/wp-json\/wp\/v2\/product\/728606","targetHints":{"allow":["GET"]}}],"collection":[{"href":"https:\/\/roveyayinevi.com.tr\/index.php\/wp-json\/wp\/v2\/product"}],"about":[{"href":"https:\/\/roveyayinevi.com.tr\/index.php\/wp-json\/wp\/v2\/types\/product"}],"wp:attachment":[{"href":"https:\/\/roveyayinevi.com.tr\/index.php\/wp-json\/wp\/v2\/media?parent=728606"}],"wp:term":[{"taxonomy":"product_brand","embeddable":true,"href":"https:\/\/roveyayinevi.com.tr\/index.php\/wp-json\/wp\/v2\/product_brand?post=728606"},{"taxonomy":"product_cat","embeddable":true,"href":"https:\/\/roveyayinevi.com.tr\/index.php\/wp-json\/wp\/v2\/product_cat?post=728606"},{"taxonomy":"product_tag","embeddable":true,"href":"https:\/\/roveyayinevi.com.tr\/index.php\/wp-json\/wp\/v2\/product_tag?post=728606"}],"curies":[{"name":"wp","href":"https:\/\/api.w.org\/{rel}","templated":true}]}}