{"id":728604,"date":"2025-08-27T20:42:04","date_gmt":"2025-08-27T17:42:04","guid":{"rendered":"https:\/\/roveyayinevi.com.tr\/index.php\/urun\/hititli\/"},"modified":"2026-04-16T02:36:33","modified_gmt":"2026-04-15T23:36:33","slug":"hititli","status":"publish","type":"product","link":"https:\/\/roveyayinevi.com.tr\/index.php\/urun\/hititli\/","title":{"rendered":"Hititli"},"content":{"rendered":"<p>\u0130simsiz bir kahraman\u0131n anlat\u0131lmam\u0131\u015f hik\u00e2yesi: Kurnaz Odysseus i\u00e7in Truva At\u0131\u2019n\u0131 in\u015fa eden, \u0130srailo\u011fullar\u0131 i\u00e7in Eriha\u2019n\u0131n surlar\u0131n\u0131 y\u0131kan, g\u00fczel y\u00fcz\u00fc u\u011fruna bin gemi kald\u0131r\u0131lan Helen\u2019i hem yak\u0131\u015f\u0131kl\u0131 Paris\u2019ten hem de ma\u011frur Meneleos\u2019tan \u00e7alan adam\u0131n hik\u00e2yesi.   Hititli asker Lukka, Asurlulara kar\u015f\u0131 yapt\u0131klar\u0131 uzun ve ac\u0131mas\u0131z seferden \u00fclkesine d\u00f6nd\u00fc\u011f\u00fcnde, bir zamanlar\u0131n g\u00f6rkemli Hatti \u0130mparatorlu\u011fu\u2019nu ke\u015fmeke\u015f i\u00e7inde bulur; ba\u015fkent alevlere ve deh\u015fet sa\u00e7an ya\u011fmac\u0131 \u00e7etelere teslim olmu\u015ftur. Fakat Lukka daha beterini hen\u00fcz g\u00f6rmemi\u015ftir: Babas\u0131 katledilmi\u015f, kar\u0131s\u0131 ve iki k\u00fc\u00e7\u00fck o\u011flu k\u00f6le tacirleri taraf\u0131ndan ka\u00e7\u0131r\u0131lm\u0131\u015ft\u0131r.   Lukka, k\u00f6le tacirlerini Yunan topraklar\u0131 boyunca takip edip sava\u015f\u0131n kas\u0131p kavurdu\u011fu Troya\u2019ya var\u0131r. Vaktiyle muhte\u015fem bir \u015fehir olan Troya da insanlar\u0131n musibetleriyle harap haldedir. Lukka, Troya\u2019da soylu Hektor ve \u00e7evik Akhilleus ile ayn\u0131 d\u00fczeyde bir sava\u015f\u00e7\u0131 oldu\u011funu kan\u0131tlar.   Ben Bova, antik Troya efsanesine heyecan verici ve \u015fa\u015f\u0131rt\u0131c\u0131 yeni bir bak\u0131\u015f a\u00e7\u0131s\u0131 getiren Hititli roman\u0131yla klasik bir hik\u00e2yeye yeni bir soluk getiriyor. <\/p>\n","protected":false},"excerpt":{"rendered":"<p>\u0130simsiz bir kahraman\u0131n anlat\u0131lmam\u0131\u015f hik\u00e2yesi: Kurnaz Odysseus i\u00e7in Truva At\u0131\u2019n\u0131 in\u015fa eden, \u0130srailo\u011fullar\u0131 i\u00e7in Eriha\u2019n\u0131n surlar\u0131n\u0131 y\u0131kan, g\u00fczel y\u00fcz\u00fc u\u011fruna bin gemi kald\u0131r\u0131lan Helen\u2019i hem yak\u0131\u015f\u0131kl\u0131<span class=\"excerpt-hellip\"> [\u2026]<\/span><\/p>\n","protected":false},"featured_media":0,"template":"","meta":{"_monsterinsights_skip_tracking":false,"_monsterinsights_sitenote_active":false,"_monsterinsights_sitenote_note":"","_monsterinsights_sitenote_category":0},"product_brand":[],"product_cat":[12291,12711],"product_tag":[],"class_list":{"0":"post-728604","1":"product","2":"type-product","3":"status-publish","5":"product_cat-edebiyat","6":"product_cat-roman-oyku","7":"pa_cilt-ciltsiz","8":"pa_tur-kitap","9":"pa_yayinevi-sumer-yayin","10":"pa_yazar-ben-bova","12":"first","13":"instock","14":"sale","15":"shipping-taxable","16":"purchasable","17":"product-type-simple"},"_links":{"self":[{"href":"https:\/\/roveyayinevi.com.tr\/index.php\/wp-json\/wp\/v2\/product\/728604","targetHints":{"allow":["GET"]}}],"collection":[{"href":"https:\/\/roveyayinevi.com.tr\/index.php\/wp-json\/wp\/v2\/product"}],"about":[{"href":"https:\/\/roveyayinevi.com.tr\/index.php\/wp-json\/wp\/v2\/types\/product"}],"wp:attachment":[{"href":"https:\/\/roveyayinevi.com.tr\/index.php\/wp-json\/wp\/v2\/media?parent=728604"}],"wp:term":[{"taxonomy":"product_brand","embeddable":true,"href":"https:\/\/roveyayinevi.com.tr\/index.php\/wp-json\/wp\/v2\/product_brand?post=728604"},{"taxonomy":"product_cat","embeddable":true,"href":"https:\/\/roveyayinevi.com.tr\/index.php\/wp-json\/wp\/v2\/product_cat?post=728604"},{"taxonomy":"product_tag","embeddable":true,"href":"https:\/\/roveyayinevi.com.tr\/index.php\/wp-json\/wp\/v2\/product_tag?post=728604"}],"curies":[{"name":"wp","href":"https:\/\/api.w.org\/{rel}","templated":true}]}}