{"id":728603,"date":"2025-08-27T20:42:03","date_gmt":"2025-08-27T17:42:03","guid":{"rendered":"https:\/\/roveyayinevi.com.tr\/index.php\/urun\/anarsizm-marksizm-ve-solun-gelecegi\/"},"modified":"2026-04-16T02:36:33","modified_gmt":"2026-04-15T23:36:33","slug":"anarsizm-marksizm-ve-solun-gelecegi","status":"publish","type":"product","link":"https:\/\/roveyayinevi.com.tr\/index.php\/urun\/anarsizm-marksizm-ve-solun-gelecegi\/","title":{"rendered":"Anar\u015fizm Marksizm ve Solun Gelece\u011fi"},"content":{"rendered":"<p>Murray Bookchin, gen\u00e7ken New York City\u2019deki sosyalist kalabal\u0131\u011f\u0131n \u00f6n\u00fcnde konu\u015ftu\u011fu ve \u0130spanyol \u0130\u00e7 Sava\u015f\u0131\u2019nda Franco\u2019yla sava\u015fanlar i\u00e7in destek \u00e7al\u0131\u015fmalar\u0131na ba\u015flad\u0131\u011f\u0131 1930&#8217;lardan beri dinamik bir devrimci propagandac\u0131d\u0131r. \u015eimdi, kitap bi\u00e7iminde ilk kez bu cilt, sosyal ekolojinin kurucusuyla bir dizi heyecan verici ve ilgi \u00e7ekici r\u00f6portaj ve ondan makaleler sunuyor. Bu geni\u015f koleksiyon, Bookchin\u2019in B\u00fcy\u00fck Buhran s\u0131ras\u0131nda gen\u00e7 bir Kom\u00fcnist olarak gen\u00e7lik y\u0131llar\u0131, 1960\u2019lardaki deneyimleri ve bu on y\u0131l\u0131n dersleri \u00fczerine d\u00fc\u015f\u00fcnceleri, \u00f6zg\u00fcrl\u00fck\u00e7\u00fc kom\u00fcnist toplum vizyonu, \u00f6zg\u00fcrl\u00fck\u00e7\u00fc siyaset, anar\u015fizm ve teori ile prati\u011fin birli\u011fi ekseninde Solun gelece\u011finin ele al\u0131nd\u0131\u011f\u0131 bir \u00e7al\u0131\u015fmad\u0131r. Bug\u00fcn radikalizmin krizini de\u011ferlendirmeye devam ediyor ve devrimci bir Solun gereklili\u011fini savunuyor. Son olarak, b\u00f6yle bir Solun in\u015fas\u0131nda hem anar\u015fizmde hem de Marksizmde neye de\u011fer verilmesi gerekti\u011fini belirtir ve yeni bir devrimci toplumsal hareket olu\u015fturmak i\u00e7in k\u0131lavuzlar sunar. <\/p>\n","protected":false},"excerpt":{"rendered":"<p>Murray Bookchin, gen\u00e7ken New York City\u2019deki sosyalist kalabal\u0131\u011f\u0131n \u00f6n\u00fcnde konu\u015ftu\u011fu ve \u0130spanyol \u0130\u00e7 Sava\u015f\u0131\u2019nda Franco\u2019yla sava\u015fanlar i\u00e7in destek \u00e7al\u0131\u015fmalar\u0131na ba\u015flad\u0131\u011f\u0131 1930&#8217;lardan beri dinamik bir devrimci propagandac\u0131d\u0131r.<span class=\"excerpt-hellip\"> [\u2026]<\/span><\/p>\n","protected":false},"featured_media":0,"template":"","meta":{"_monsterinsights_skip_tracking":false,"_monsterinsights_sitenote_active":false,"_monsterinsights_sitenote_note":"","_monsterinsights_sitenote_category":0},"product_brand":[],"product_cat":[16038,12388],"product_tag":[],"class_list":{"0":"post-728603","1":"product","2":"type-product","3":"status-publish","5":"product_cat-arastirma-inceleme-referans-felsefe","6":"product_cat-felsefe","7":"pa_cilt-ciltsiz","8":"pa_tur-kitap","9":"pa_yayinevi-sumer-yayin","10":"pa_yazar-murray-bookchin","12":"first","13":"instock","14":"sale","15":"shipping-taxable","16":"purchasable","17":"product-type-simple"},"_links":{"self":[{"href":"https:\/\/roveyayinevi.com.tr\/index.php\/wp-json\/wp\/v2\/product\/728603","targetHints":{"allow":["GET"]}}],"collection":[{"href":"https:\/\/roveyayinevi.com.tr\/index.php\/wp-json\/wp\/v2\/product"}],"about":[{"href":"https:\/\/roveyayinevi.com.tr\/index.php\/wp-json\/wp\/v2\/types\/product"}],"wp:attachment":[{"href":"https:\/\/roveyayinevi.com.tr\/index.php\/wp-json\/wp\/v2\/media?parent=728603"}],"wp:term":[{"taxonomy":"product_brand","embeddable":true,"href":"https:\/\/roveyayinevi.com.tr\/index.php\/wp-json\/wp\/v2\/product_brand?post=728603"},{"taxonomy":"product_cat","embeddable":true,"href":"https:\/\/roveyayinevi.com.tr\/index.php\/wp-json\/wp\/v2\/product_cat?post=728603"},{"taxonomy":"product_tag","embeddable":true,"href":"https:\/\/roveyayinevi.com.tr\/index.php\/wp-json\/wp\/v2\/product_tag?post=728603"}],"curies":[{"name":"wp","href":"https:\/\/api.w.org\/{rel}","templated":true}]}}