{"id":728599,"date":"2025-08-27T20:42:00","date_gmt":"2025-08-27T17:42:00","guid":{"rendered":"https:\/\/roveyayinevi.com.tr\/index.php\/urun\/adini-arayan-cocuk-ikinci-kitap\/"},"modified":"2026-04-16T02:36:33","modified_gmt":"2026-04-15T23:36:33","slug":"adini-arayan-cocuk-ikinci-kitap","status":"publish","type":"product","link":"https:\/\/roveyayinevi.com.tr\/index.php\/urun\/adini-arayan-cocuk-ikinci-kitap\/","title":{"rendered":"Ad\u0131n\u0131 Arayan \u00c7ocuk &#8211; \u0130kinci Kitap"},"content":{"rendered":"<p>Serra Menekay, ilk \u00e7ocuk kitab\u0131 &#8220;Ad\u0131n\u0131 Arayan \u00c7ocuk\u201d ile adlar\u0131n\u0131n anlamlar\u0131n\u0131 arayan alt\u0131 \u00e7ocu\u011fun fantastik \u00f6yk\u00fcs\u00fcn\u00fc okuyucularla payla\u015fm\u0131\u015f ve kitap k\u0131sa s\u00fcrede iki bask\u0131 yaparak b\u00fcy\u00fck ilgi g\u00f6rm\u00fc\u015ft\u00fc. \u015eimdi ikinci kitapla yeni macera okuyucularla bulu\u015fuyor, heyecan katlanarak devam ediyor.  \u201cAd\u0131n\u0131 Arayan \u00c7ocuk- \u0130kinci Kitap\u201dta, bilen \u00e7ocuklar\u0131n, bulan \u00e7ocuklarla birlikte K\u0131rm\u0131z\u0131 Gezegeni kurtar\u0131rken adlar\u0131n\u0131n anlamlar\u0131n\u0131 bulmalar\u0131n\u0131n s\u0131ra d\u0131\u015f\u0131 \u00f6yk\u00fcs\u00fc anlat\u0131l\u0131yor. Ak\u0131lla \u00e7\u00f6z\u00fclmesi gereken bilmecelerle dolu olan bu \u00f6yk\u00fc do\u011fay\u0131, \u00e7evreyi, sevgiyi ve iyili\u011fi koruyanlar i\u00e7in yaz\u0131lm\u0131\u015ft\u0131r\u2026 Ya\u015fl\u0131 d\u00fcnyam\u0131z\u0131 kurtaracak gen\u00e7 nesillere, iyi okumalar dileklerimizle\u2026 <\/p>\n","protected":false},"excerpt":{"rendered":"<p>Serra Menekay, ilk \u00e7ocuk kitab\u0131 &#8220;Ad\u0131n\u0131 Arayan \u00c7ocuk\u201d ile adlar\u0131n\u0131n anlamlar\u0131n\u0131 arayan alt\u0131 \u00e7ocu\u011fun fantastik \u00f6yk\u00fcs\u00fcn\u00fc okuyucularla payla\u015fm\u0131\u015f ve kitap k\u0131sa s\u00fcrede iki bask\u0131 yaparak b\u00fcy\u00fck<span class=\"excerpt-hellip\"> [\u2026]<\/span><\/p>\n","protected":false},"featured_media":0,"template":"","meta":{"_monsterinsights_skip_tracking":false,"_monsterinsights_sitenote_active":false,"_monsterinsights_sitenote_note":"","_monsterinsights_sitenote_category":0},"product_brand":[],"product_cat":[12275,12274],"product_tag":[],"class_list":{"0":"post-728599","1":"product","2":"type-product","3":"status-publish","5":"product_cat-6-12-yas-kitaplari","6":"product_cat-cocuk-ve-genclik-kitaplari","7":"pa_cilt-ciltsiz","8":"pa_tur-kitap","9":"pa_yayinevi-galeati-yayincilik","10":"pa_yazar-serra-menekay","12":"first","13":"instock","14":"sale","15":"shipping-taxable","16":"purchasable","17":"product-type-simple"},"_links":{"self":[{"href":"https:\/\/roveyayinevi.com.tr\/index.php\/wp-json\/wp\/v2\/product\/728599","targetHints":{"allow":["GET"]}}],"collection":[{"href":"https:\/\/roveyayinevi.com.tr\/index.php\/wp-json\/wp\/v2\/product"}],"about":[{"href":"https:\/\/roveyayinevi.com.tr\/index.php\/wp-json\/wp\/v2\/types\/product"}],"wp:attachment":[{"href":"https:\/\/roveyayinevi.com.tr\/index.php\/wp-json\/wp\/v2\/media?parent=728599"}],"wp:term":[{"taxonomy":"product_brand","embeddable":true,"href":"https:\/\/roveyayinevi.com.tr\/index.php\/wp-json\/wp\/v2\/product_brand?post=728599"},{"taxonomy":"product_cat","embeddable":true,"href":"https:\/\/roveyayinevi.com.tr\/index.php\/wp-json\/wp\/v2\/product_cat?post=728599"},{"taxonomy":"product_tag","embeddable":true,"href":"https:\/\/roveyayinevi.com.tr\/index.php\/wp-json\/wp\/v2\/product_tag?post=728599"}],"curies":[{"name":"wp","href":"https:\/\/api.w.org\/{rel}","templated":true}]}}