{"id":728598,"date":"2025-08-27T20:41:59","date_gmt":"2025-08-27T17:41:59","guid":{"rendered":"https:\/\/roveyayinevi.com.tr\/index.php\/urun\/alevi-inanc-kirimi\/"},"modified":"2026-04-16T02:36:33","modified_gmt":"2026-04-15T23:36:33","slug":"alevi-inanc-kirimi","status":"publish","type":"product","link":"https:\/\/roveyayinevi.com.tr\/index.php\/urun\/alevi-inanc-kirimi\/","title":{"rendered":"Alevi \u0130nan\u00e7 K\u0131r\u0131m\u0131"},"content":{"rendered":"<p>Aleviler, son zamanlarda kendi i\u00e7lerindeki \u201ck\u0131nal\u0131 keklikler\u201d kullan\u0131larak inanc\u0131 i\u00e7eriden sinsice ku\u015fatan ciddi bir \u015eii ablukas\u0131 alt\u0131ndad\u0131r. Bu anlamda Alevili\u011fin inan\u00e7 k\u0131r\u0131m\u0131 niteli\u011findeki en can al\u0131c\u0131 asimilasyon tehlikesi, Alevi inanc\u0131n\u0131n h\u00fcmanist-ayd\u0131nlanmac\u0131 eksenini tamamen kayd\u0131racak bir minvalde ilerlemektedir. Bu, a\u011flar\u0131na d\u00fc\u015f\u00fcrd\u00fckleri inan\u00e7 hizmeti y\u00fcr\u00fcten baz\u0131 ki\u015filer ve \u0130slamc\u0131 Alevi kurumlar\u0131 arac\u0131l\u0131\u011f\u0131yla, d\u00f6n\u00fc\u015f\u00fcm\u00fc do\u011frudan Alevilerin inan\u00e7 mabedinde ger\u00e7ekle\u015ftiren \u015eii ku\u015fatmas\u0131d\u0131r. Alevilikte bir i\u00e7 asimilasyonun dinami\u011fi olan \u015eiili\u011fin ge\u00e7mi\u015ften g\u00fcn\u00fcm\u00fcze etkilerinin irdelendi\u011fi bu kitapta, \u015eia\u2019n\u0131n iki farkl\u0131 d\u00f6nemde Alevi asimilasyonunda kulland\u0131\u011f\u0131 \u00e7e\u015fitli taktikler, ge\u00e7i\u015f a\u015famas\u0131ndaki dolayl\u0131 \u015eiac\u0131lar\u0131n Alevili\u011fi \u0130slamile\u015ftirme \u00e7abalar\u0131, \u015eia\u2019n\u0131n Cemevlerindeki misyonerlik \u00e7al\u0131\u015fmalar\u0131, baz\u0131 mikro milliyet\u00e7i gruplar ve kimi sol hareketlere kadar yay\u0131lmalar\u0131, son zamanlardaki stratejik m\u00fcttefik Diyanetle olan i\u015fbirli\u011finin yan\u0131 s\u0131ra, Alevilik ile \u015eiili\u011fin benzemezli\u011fi ve Alevilikteki mitolojik Ali ile \u015eiilikteki tarihsel Ali\u2019nin farkl\u0131l\u0131klar\u0131 da ele al\u0131nmaktad\u0131r. <\/p>\n","protected":false},"excerpt":{"rendered":"<p>Aleviler, son zamanlarda kendi i\u00e7lerindeki \u201ck\u0131nal\u0131 keklikler\u201d kullan\u0131larak inanc\u0131 i\u00e7eriden sinsice ku\u015fatan ciddi bir \u015eii ablukas\u0131 alt\u0131ndad\u0131r. Bu anlamda Alevili\u011fin inan\u00e7 k\u0131r\u0131m\u0131 niteli\u011findeki en can al\u0131c\u0131<span class=\"excerpt-hellip\"> [\u2026]<\/span><\/p>\n","protected":false},"featured_media":0,"template":"","meta":{"_monsterinsights_skip_tracking":false,"_monsterinsights_sitenote_active":false,"_monsterinsights_sitenote_note":"","_monsterinsights_sitenote_category":0},"product_brand":[],"product_cat":[13575,12718,12719],"product_tag":[],"class_list":{"0":"post-728598","1":"product","2":"type-product","3":"status-publish","5":"product_cat-alevilik-bektasilik","6":"product_cat-din","7":"product_cat-islam","8":"pa_cilt-ciltsiz","9":"pa_tur-kitap","10":"pa_yayinevi-nika-yayinevi","11":"pa_yazar-ozcan-ogut","13":"first","14":"instock","15":"sale","16":"shipping-taxable","17":"purchasable","18":"product-type-simple"},"_links":{"self":[{"href":"https:\/\/roveyayinevi.com.tr\/index.php\/wp-json\/wp\/v2\/product\/728598","targetHints":{"allow":["GET"]}}],"collection":[{"href":"https:\/\/roveyayinevi.com.tr\/index.php\/wp-json\/wp\/v2\/product"}],"about":[{"href":"https:\/\/roveyayinevi.com.tr\/index.php\/wp-json\/wp\/v2\/types\/product"}],"wp:attachment":[{"href":"https:\/\/roveyayinevi.com.tr\/index.php\/wp-json\/wp\/v2\/media?parent=728598"}],"wp:term":[{"taxonomy":"product_brand","embeddable":true,"href":"https:\/\/roveyayinevi.com.tr\/index.php\/wp-json\/wp\/v2\/product_brand?post=728598"},{"taxonomy":"product_cat","embeddable":true,"href":"https:\/\/roveyayinevi.com.tr\/index.php\/wp-json\/wp\/v2\/product_cat?post=728598"},{"taxonomy":"product_tag","embeddable":true,"href":"https:\/\/roveyayinevi.com.tr\/index.php\/wp-json\/wp\/v2\/product_tag?post=728598"}],"curies":[{"name":"wp","href":"https:\/\/api.w.org\/{rel}","templated":true}]}}