{"id":728596,"date":"2025-08-27T20:41:58","date_gmt":"2025-08-27T17:41:58","guid":{"rendered":"https:\/\/roveyayinevi.com.tr\/index.php\/urun\/mustafa-suphi-ve-yoldaslarini-kim-oldurdu\/"},"modified":"2026-04-16T02:36:33","modified_gmt":"2026-04-15T23:36:33","slug":"mustafa-suphi-ve-yoldaslarini-kim-oldurdu","status":"publish","type":"product","link":"https:\/\/roveyayinevi.com.tr\/index.php\/urun\/mustafa-suphi-ve-yoldaslarini-kim-oldurdu\/","title":{"rendered":"Mustafa Suphi ve Yolda\u015flar\u0131n\u0131 Kim \u00d6ld\u00fcrd\u00fc?"},"content":{"rendered":"<p>Kimisi Berlin\u2019den, Petrograd\u2019dan, Kazan\u2019dan, Ufa\u2019dan, Ta\u015fkent\u2019ten, Bah\u00e7esaray\u2019dan,   Kimisi ise \u0130stanbul\u2019dan, Zonguldak\u2019dan, Konya\u2019dan ve Anadolu\u2019nun daha bir\u00e7ok yerinden \u00e7\u0131k\u0131p geldi.   Evvela 1917 Bol\u015fevik devriminin sesini Asya\u2019ya ta\u015f\u0131mak i\u00e7in Bak\u00fc\u2019de, Do\u011fu Halklar\u0131 Kongresi\u2019nde topland\u0131lar. Sonra&#8230;   Devrimci co\u015fkuyla 10 Eyl\u00fcl 1920\u2019de, T\u00fcrkiye\u2019nin amele ve ren\u00e7berlerinin \u00f6nc\u00fc m\u00fcfrezesini, Kom\u00fcnist Partisi\u2019ni kurmak i\u00e7in bir araya geldiler&#8230;   Yabanc\u0131 i\u015fgali ve i\u00e7 sava\u015f\u0131n kas\u0131p kavurdu\u011fu Anadolu\u2019ya d\u00f6nme karar\u0131 ald\u0131lar.   D\u00f6rt ay i\u00e7inde haz\u0131rlan\u0131p, yola \u00e7\u0131kt\u0131lar&#8230;   19 Aral\u0131k 1920\u2019de Bak\u00fc\u2019de ba\u015flay\u0131p, 28\/29 Ocak 1921\u2019de Trabzon\u2019da bitecek kanl\u0131 bir seyahatin kap\u0131s\u0131n\u0131 aralad\u0131lar.   \u0130lkin sahte g\u00fcl\u00fcc\u00fcklerle, \u00e2l\u00e2yu vala ile Kars\u2019ta kar\u015f\u0131land\u0131lar&#8230;   Sonra Erzurum \u00fczerinden G\u00fcm\u00fc\u015fhane\u2019ye, Bayburt\u2019tan Ma\u00e7ka\u2019ya kadar adeta s\u00fcrek av\u0131 misali kovaland\u0131lar&#8230;   Trabzon\u2019a vard\u0131klar\u0131nda De\u011firmendere\u2019de valisi, kumandan\u0131, kalpakl\u0131s\u0131, sar\u0131kl\u0131s\u0131, \u00e7etecisi, ka\u00e7ak\u00e7\u0131s\u0131 onlar\u0131 bekliyordu.   Can pazar\u0131n\u0131n ortas\u0131na d\u00fc\u015fen kom\u00fcnistler ad\u0131na Mustafa Suphi seslendi:    \u201cMustafa Kemal Pa\u015fa\u2019ya ba\u011fl\u0131l\u0131\u011f\u0131m\u0131z\u0131 belirtmek i\u00e7in geldik. L\u00fctfen m\u00fcsaade ediniz. Muhabere edelim\u201d dedi.   Ancak pa\u015falar \u00f6l\u00fcm ferman\u0131n\u0131 \u00e7oktan vermi\u015flerdi.   Emrah Cilasun, onbe\u015flerin katledilmelerinin y\u00fcz\u00fcnc\u00fc y\u0131l\u0131nda, ar\u015fiv belgelerine dayanan kapsaml\u0131 ara\u015ft\u0131rmas\u0131 ile Mustafa Suphi ve Yolda\u015flar\u0131n\u0131 Kim \u00d6ld\u00fcrd\u00fc? sorusuna ve bu konuda ileri s\u00fcr\u00fclen tezlere cevap veriyor. <\/p>\n","protected":false},"excerpt":{"rendered":"<p>Kimisi Berlin\u2019den, Petrograd\u2019dan, Kazan\u2019dan, Ufa\u2019dan, Ta\u015fkent\u2019ten, Bah\u00e7esaray\u2019dan, Kimisi ise \u0130stanbul\u2019dan, Zonguldak\u2019dan, Konya\u2019dan ve Anadolu\u2019nun daha bir\u00e7ok yerinden \u00e7\u0131k\u0131p geldi. Evvela 1917 Bol\u015fevik devriminin sesini Asya\u2019ya ta\u015f\u0131mak<span class=\"excerpt-hellip\"> [\u2026]<\/span><\/p>\n","protected":false},"featured_media":0,"template":"","meta":{"_monsterinsights_skip_tracking":false,"_monsterinsights_sitenote_active":false,"_monsterinsights_sitenote_note":"","_monsterinsights_sitenote_category":0},"product_brand":[],"product_cat":[13590,12337],"product_tag":[],"class_list":{"0":"post-728596","1":"product","2":"type-product","3":"status-publish","5":"product_cat-arastirma-inceleme-politika-siyaset","6":"product_cat-politika-siyaset","7":"pa_cilt-ciltsiz","8":"pa_tur-kitap","9":"pa_yayinevi-tekin-yayinevi","10":"pa_yazar-emrah-cilasun","12":"first","13":"instock","14":"sale","15":"shipping-taxable","16":"purchasable","17":"product-type-simple"},"_links":{"self":[{"href":"https:\/\/roveyayinevi.com.tr\/index.php\/wp-json\/wp\/v2\/product\/728596","targetHints":{"allow":["GET"]}}],"collection":[{"href":"https:\/\/roveyayinevi.com.tr\/index.php\/wp-json\/wp\/v2\/product"}],"about":[{"href":"https:\/\/roveyayinevi.com.tr\/index.php\/wp-json\/wp\/v2\/types\/product"}],"wp:attachment":[{"href":"https:\/\/roveyayinevi.com.tr\/index.php\/wp-json\/wp\/v2\/media?parent=728596"}],"wp:term":[{"taxonomy":"product_brand","embeddable":true,"href":"https:\/\/roveyayinevi.com.tr\/index.php\/wp-json\/wp\/v2\/product_brand?post=728596"},{"taxonomy":"product_cat","embeddable":true,"href":"https:\/\/roveyayinevi.com.tr\/index.php\/wp-json\/wp\/v2\/product_cat?post=728596"},{"taxonomy":"product_tag","embeddable":true,"href":"https:\/\/roveyayinevi.com.tr\/index.php\/wp-json\/wp\/v2\/product_tag?post=728596"}],"curies":[{"name":"wp","href":"https:\/\/api.w.org\/{rel}","templated":true}]}}