{"id":728595,"date":"2025-08-27T20:41:57","date_gmt":"2025-08-27T17:41:57","guid":{"rendered":"https:\/\/roveyayinevi.com.tr\/index.php\/urun\/sol-evin-reddi\/"},"modified":"2026-04-16T02:36:33","modified_gmt":"2026-04-15T23:36:33","slug":"sol-evin-reddi","status":"publish","type":"product","link":"https:\/\/roveyayinevi.com.tr\/index.php\/urun\/sol-evin-reddi\/","title":{"rendered":"Sol &#8211; Evin Reddi"},"content":{"rendered":"<p>Tuncay Birkan\u2019\u0131n yirmi iki y\u0131ll\u0131k bir d\u00f6nem i\u00e7inde sol, k\u00fclt\u00fcr, felsefe, bilim, yay\u0131nc\u0131l\u0131k ve \u00e7eviri gibi alanlarda s\u00f6z ald\u0131\u011f\u0131 yaz\u0131lar\u0131n biraz g\u00fcncellenmi\u015f hallerini i\u00e7eren bir se\u00e7ki Sol: Evin Reddi. Yerlicilikten solun akademikle\u015fmesi tehlikesine, entelekt\u00fcelin konumundan \u201cTanr\u0131\u2019n\u0131n \u00d6l\u00fcm\u00fc\u201dne, tahlil gere\u011finden eylem gere\u011fine, geleceksizlik hissinden kurtulma imk\u00e2n\u0131ndan farkl\u0131 bir k\u0131r-kent tasavvuru geli\u015ftirme ihtiyac\u0131na alttan alta birbiriyle ba\u011flant\u0131l\u0131 temalar etraf\u0131nda \u00f6r\u00fclen yaz\u0131lar bunlar. Sol ad\u0131n\u0131 verdi\u011fi \u015feyin tam da \u201cev\u201din akla getirdi\u011fi, konfor hissi veren zihinsel al\u0131\u015fkanl\u0131klar\u0131, d\u00fc\u015f\u00fcnmeden verilen otomatik tepkileri reddetme duru\u015fu oldu\u011funu belirten Birkan, bu yaz\u0131larda \u201chayalg\u00fcc\u00fcm\u00fcze koydu\u011fumuz ketlemeleri b\u00fct\u00fcn\u00fcyle kald\u0131r\u0131p prati\u011fe y\u00f6nelik fikir ve hayal geli\u015ftirmeye, s\u00f6z de\u011fil eylem \u00fcretmeye, m\u00fccadele olan\/olmas\u0131 gereken her yerde, s\u00f6m\u00fcr\u00fc ve tahakk\u00fcm ma\u011fduru herkesle yan yana durmaya\u201d \u00e7a\u011f\u0131r\u0131yor bizi.  <\/p>\n","protected":false},"excerpt":{"rendered":"<p>Tuncay Birkan\u2019\u0131n yirmi iki y\u0131ll\u0131k bir d\u00f6nem i\u00e7inde sol, k\u00fclt\u00fcr, felsefe, bilim, yay\u0131nc\u0131l\u0131k ve \u00e7eviri gibi alanlarda s\u00f6z ald\u0131\u011f\u0131 yaz\u0131lar\u0131n biraz g\u00fcncellenmi\u015f hallerini i\u00e7eren bir se\u00e7ki<span class=\"excerpt-hellip\"> [\u2026]<\/span><\/p>\n","protected":false},"featured_media":0,"template":"","meta":{"_monsterinsights_skip_tracking":false,"_monsterinsights_sitenote_active":false,"_monsterinsights_sitenote_note":"","_monsterinsights_sitenote_category":0},"product_brand":[],"product_cat":[12337,14706],"product_tag":[],"class_list":{"0":"post-728595","1":"product","2":"type-product","3":"status-publish","5":"product_cat-politika-siyaset","6":"product_cat-siyaset-bilimi","7":"pa_cilt-ciltsiz","8":"pa_tur-kitap","9":"pa_yayinevi-metis-yayinlari","10":"pa_yazar-tuncay-birkan","12":"first","13":"instock","14":"sale","15":"shipping-taxable","16":"purchasable","17":"product-type-simple"},"_links":{"self":[{"href":"https:\/\/roveyayinevi.com.tr\/index.php\/wp-json\/wp\/v2\/product\/728595","targetHints":{"allow":["GET"]}}],"collection":[{"href":"https:\/\/roveyayinevi.com.tr\/index.php\/wp-json\/wp\/v2\/product"}],"about":[{"href":"https:\/\/roveyayinevi.com.tr\/index.php\/wp-json\/wp\/v2\/types\/product"}],"wp:attachment":[{"href":"https:\/\/roveyayinevi.com.tr\/index.php\/wp-json\/wp\/v2\/media?parent=728595"}],"wp:term":[{"taxonomy":"product_brand","embeddable":true,"href":"https:\/\/roveyayinevi.com.tr\/index.php\/wp-json\/wp\/v2\/product_brand?post=728595"},{"taxonomy":"product_cat","embeddable":true,"href":"https:\/\/roveyayinevi.com.tr\/index.php\/wp-json\/wp\/v2\/product_cat?post=728595"},{"taxonomy":"product_tag","embeddable":true,"href":"https:\/\/roveyayinevi.com.tr\/index.php\/wp-json\/wp\/v2\/product_tag?post=728595"}],"curies":[{"name":"wp","href":"https:\/\/api.w.org\/{rel}","templated":true}]}}