{"id":728593,"date":"2025-08-27T20:41:56","date_gmt":"2025-08-27T17:41:56","guid":{"rendered":"https:\/\/roveyayinevi.com.tr\/index.php\/urun\/kutsal-kuresellik\/"},"modified":"2026-04-16T02:36:33","modified_gmt":"2026-04-15T23:36:33","slug":"kutsal-kuresellik","status":"publish","type":"product","link":"https:\/\/roveyayinevi.com.tr\/index.php\/urun\/kutsal-kuresellik\/","title":{"rendered":"Kutsal K\u00fcresellik"},"content":{"rendered":"<p>Kutsal k\u00fcreselli\u011fe giden s\u00fcreci h\u0131zland\u0131rmak ve bu s\u00fcrede d\u00fcnya kaynaklar\u0131na sahip olmak arzusu, Evanjelizm merkezli k\u00fcresel kapitalizmi kam\u00e7\u0131lamaktad\u0131r. Yeni bir d\u00fcnya d\u00fczenini hedefleyen siyasal kurgu i\u00e7erisinde; Evanjelizm, Siyonizm, \u0130lluminati gibi egzotik yap\u0131lar tamamen i\u00e7 i\u00e7e ge\u00e7mi\u015f durumdad\u0131r. \u00d6n plana \u00e7\u0131km\u0131\u015f isim ve kurulu\u015flar, bu egzotik gruplar i\u00e7erisinde yine birlikte yer almaktad\u0131r. Yenid\u00fcnya d\u00fczenini kutsal bir krall\u0131k atmosferinde sunmak ve payla\u015fmak i\u015flerine gelmektedir. Evanjelizm ve Siyonizm maskeli bu yenid\u00fcnya siyaseti ile dindarl\u0131k zemininde taraftar toplamak, \u00e7ok daha kolay bir yol olarak g\u00f6r\u00fclmektedir. \u0130tina ile kurgulanan bu senaryolar\u0131n ortak hedeflerinin, yeni bir d\u00fcnya d\u00fczeninin kurulmas\u0131 oldu\u011fu art\u0131k bilinmektedir. Par\u00e7alar bir araya getirildi\u011finde bu gruplar ve senaryolar aras\u0131nda sa\u011flam bir illiyet ba\u011f\u0131 kurulabilmektedir. K\u00fcreselle\u015fme kurgusu ile haz\u0131rlanan ve dini motiflerle desteklenen bu fantastik senaryolar, ulusal s\u0131n\u0131rlar\u0131n kald\u0131r\u0131ld\u0131\u011f\u0131 tek bir d\u00fcnya devletini \u00f6ng\u00f6rmektedir. Bu d\u00fcnya devletinin tek bir dini ve sanal bir ekonomik sisteminin olmas\u0131 d\u00fc\u015f\u00fcn\u00fclmektedir. Kutsal k\u00fcreselli\u011fe ula\u015fabilmek ad\u0131na, teolojik eksenli ve evrensel de\u011ferler ile maskelenmi\u015f kirli politikalar \u00fcretilmektedir. Vek\u00e2let sava\u015flar\u0131, \u0130leti\u015fim teknolojileri, sinema ve bas\u0131n, g\u0131da kontrol\u00fc, genetik ayarlamalar, salg\u0131n hastal\u0131klar ve ila\u00e7 piyasas\u0131 \u00fczerinden psikolojik bir sava\u015f y\u00fcr\u00fct\u00fclmektedir. <\/p>\n","protected":false},"excerpt":{"rendered":"<p>Kutsal k\u00fcreselli\u011fe giden s\u00fcreci h\u0131zland\u0131rmak ve bu s\u00fcrede d\u00fcnya kaynaklar\u0131na sahip olmak arzusu, Evanjelizm merkezli k\u00fcresel kapitalizmi kam\u00e7\u0131lamaktad\u0131r. Yeni bir d\u00fcnya d\u00fczenini hedefleyen siyasal kurgu i\u00e7erisinde;<span class=\"excerpt-hellip\"> [\u2026]<\/span><\/p>\n","protected":false},"featured_media":0,"template":"","meta":{"_monsterinsights_skip_tracking":false,"_monsterinsights_sitenote_active":false,"_monsterinsights_sitenote_note":"","_monsterinsights_sitenote_category":0},"product_brand":[],"product_cat":[16098,12337],"product_tag":[],"class_list":{"0":"post-728593","1":"product","2":"type-product","3":"status-publish","5":"product_cat-politik-akimlar-hareketler","6":"product_cat-politika-siyaset","7":"pa_cilt-ciltsiz","8":"pa_tur-kitap","9":"pa_yayinevi-la-kitap-yayinlari","10":"pa_yazar-celal-celik","12":"first","13":"instock","14":"sale","15":"shipping-taxable","16":"purchasable","17":"product-type-simple"},"_links":{"self":[{"href":"https:\/\/roveyayinevi.com.tr\/index.php\/wp-json\/wp\/v2\/product\/728593","targetHints":{"allow":["GET"]}}],"collection":[{"href":"https:\/\/roveyayinevi.com.tr\/index.php\/wp-json\/wp\/v2\/product"}],"about":[{"href":"https:\/\/roveyayinevi.com.tr\/index.php\/wp-json\/wp\/v2\/types\/product"}],"wp:attachment":[{"href":"https:\/\/roveyayinevi.com.tr\/index.php\/wp-json\/wp\/v2\/media?parent=728593"}],"wp:term":[{"taxonomy":"product_brand","embeddable":true,"href":"https:\/\/roveyayinevi.com.tr\/index.php\/wp-json\/wp\/v2\/product_brand?post=728593"},{"taxonomy":"product_cat","embeddable":true,"href":"https:\/\/roveyayinevi.com.tr\/index.php\/wp-json\/wp\/v2\/product_cat?post=728593"},{"taxonomy":"product_tag","embeddable":true,"href":"https:\/\/roveyayinevi.com.tr\/index.php\/wp-json\/wp\/v2\/product_tag?post=728593"}],"curies":[{"name":"wp","href":"https:\/\/api.w.org\/{rel}","templated":true}]}}