{"id":728592,"date":"2025-08-27T20:41:55","date_gmt":"2025-08-27T17:41:55","guid":{"rendered":"https:\/\/roveyayinevi.com.tr\/index.php\/urun\/dunyayi-degistiren-yedi-element\/"},"modified":"2026-04-16T02:36:33","modified_gmt":"2026-04-15T23:36:33","slug":"dunyayi-degistiren-yedi-element","status":"publish","type":"product","link":"https:\/\/roveyayinevi.com.tr\/index.php\/urun\/dunyayi-degistiren-yedi-element\/","title":{"rendered":"D\u00fcnyay\u0131 De\u011fi\u015ftiren Yedi Element"},"content":{"rendered":"<p>John Browne, modern ya\u015fam\u0131n temel ta\u015flar\u0131n\u0131 yeni, \u00f6zg\u00fcn ve ilgi \u00e7ekici bir \u015fekilde g\u00f6rmemizi sa\u011flayan heyecanl\u0131 bir hik\u00e2ye anlat\u0131yor.                                                          DANIEL YERGIN   D\u00fcnyan\u0131n mineral kaynaklar\u0131n\u0131 kullan\u0131m \u015feklimiz  gelece\u011fimize y\u00f6n verir. DEM\u0130R, KARBON, ALTIN, G\u00dcM\u00dc\u015e, URANYUM, T\u0130TANYUM ve S\u0130L\u0130SYUM. D\u00fcnyay\u0131 de\u011fi\u015ftiren bu elementler hem yap\u0131c\u0131 hem de y\u0131k\u0131c\u0131 g\u00fc\u00e7lerdir. Kanl\u0131 sava\u015f silahlar\u0131 da olabilirler, ekonomik bar\u0131\u015f\u0131n arac\u0131 da. \u00d6rne\u011fin b\u00fcy\u00fcleyici alt\u0131na olan arzumuz k\u00fcresel ticaretin temelini olu\u015fturur, ancak ayn\u0131 zamanda milyonlar\u0131n \u00f6l\u00fcm\u00fcne de yol a\u00e7m\u0131\u015ft\u0131r. On iki y\u0131l boyunca BP\u2019nin CEO\u2019lu\u011funu yapan John Browne, bu yedi elementin hayatlar\u0131m\u0131z\u0131 hem iyi hem de k\u00f6t\u00fc y\u00f6nde nas\u0131l \u015fekillendirdi\u011fini anlat\u0131yor. Tarihi, bilimi ve siyaseti birle\u015ftiren D\u00fcnyay\u0131 De\u011fi\u015ftiren Yedi Element insan h\u0131rs\u0131na ve yarat\u0131c\u0131l\u0131\u011f\u0131na, yazar\u0131n kendi an\u0131lar\u0131yla destekledi\u011fi d\u00fcr\u00fcst bir bak\u0131\u015f a\u00e7\u0131s\u0131 sunuyor. <\/p>\n","protected":false},"excerpt":{"rendered":"<p>John Browne, modern ya\u015fam\u0131n temel ta\u015flar\u0131n\u0131 yeni, \u00f6zg\u00fcn ve ilgi \u00e7ekici bir \u015fekilde g\u00f6rmemizi sa\u011flayan heyecanl\u0131 bir hik\u00e2ye anlat\u0131yor. DANIEL YERGIN D\u00fcnyan\u0131n mineral kaynaklar\u0131n\u0131 kullan\u0131m \u015feklimiz<span class=\"excerpt-hellip\"> [\u2026]<\/span><\/p>\n","protected":false},"featured_media":0,"template":"","meta":{"_monsterinsights_skip_tracking":false,"_monsterinsights_sitenote_active":false,"_monsterinsights_sitenote_note":"","_monsterinsights_sitenote_category":0},"product_brand":[],"product_cat":[13005,13006],"product_tag":[],"class_list":{"0":"post-728592","1":"product","2":"type-product","3":"status-publish","5":"product_cat-bilim-muhendislik","6":"product_cat-populer-bilim","7":"pa_cilt-ciltsiz","8":"pa_tur-kitap","9":"pa_yayinevi-nemesis-kitap","10":"pa_yazar-john-browne","12":"first","13":"instock","14":"sale","15":"shipping-taxable","16":"purchasable","17":"product-type-simple"},"_links":{"self":[{"href":"https:\/\/roveyayinevi.com.tr\/index.php\/wp-json\/wp\/v2\/product\/728592","targetHints":{"allow":["GET"]}}],"collection":[{"href":"https:\/\/roveyayinevi.com.tr\/index.php\/wp-json\/wp\/v2\/product"}],"about":[{"href":"https:\/\/roveyayinevi.com.tr\/index.php\/wp-json\/wp\/v2\/types\/product"}],"wp:attachment":[{"href":"https:\/\/roveyayinevi.com.tr\/index.php\/wp-json\/wp\/v2\/media?parent=728592"}],"wp:term":[{"taxonomy":"product_brand","embeddable":true,"href":"https:\/\/roveyayinevi.com.tr\/index.php\/wp-json\/wp\/v2\/product_brand?post=728592"},{"taxonomy":"product_cat","embeddable":true,"href":"https:\/\/roveyayinevi.com.tr\/index.php\/wp-json\/wp\/v2\/product_cat?post=728592"},{"taxonomy":"product_tag","embeddable":true,"href":"https:\/\/roveyayinevi.com.tr\/index.php\/wp-json\/wp\/v2\/product_tag?post=728592"}],"curies":[{"name":"wp","href":"https:\/\/api.w.org\/{rel}","templated":true}]}}