{"id":728591,"date":"2025-08-27T20:41:54","date_gmt":"2025-08-27T17:41:54","guid":{"rendered":"https:\/\/roveyayinevi.com.tr\/index.php\/urun\/ciftci-mini-hikayeler-2\/"},"modified":"2026-04-16T02:36:33","modified_gmt":"2026-04-15T23:36:33","slug":"ciftci-mini-hikayeler-2","status":"publish","type":"product","link":"https:\/\/roveyayinevi.com.tr\/index.php\/urun\/ciftci-mini-hikayeler-2\/","title":{"rendered":"\u00c7ift\u00e7i &#8211; Mini Hikayeler 2"},"content":{"rendered":"<p>Deste\u011fe ihtiya\u00e7lar\u0131 oldu\u011funda \u00e7ift\u00e7i her zaman dostlar\u0131n\u0131n yan\u0131ndad\u0131r. Herkes gider ama baz\u0131lar\u0131 kald\u0131\u011f\u0131nda mutludur. <\/p>\n","protected":false},"excerpt":{"rendered":"<p>Deste\u011fe ihtiya\u00e7lar\u0131 oldu\u011funda \u00e7ift\u00e7i her zaman dostlar\u0131n\u0131n yan\u0131ndad\u0131r. Herkes gider ama baz\u0131lar\u0131 kald\u0131\u011f\u0131nda mutludur.<\/p>\n","protected":false},"featured_media":0,"template":"","meta":{"_monsterinsights_skip_tracking":false,"_monsterinsights_sitenote_active":false,"_monsterinsights_sitenote_note":"","_monsterinsights_sitenote_category":0},"product_brand":[],"product_cat":[12274,12284],"product_tag":[],"class_list":{"0":"post-728591","1":"product","2":"type-product","3":"status-publish","5":"product_cat-cocuk-ve-genclik-kitaplari","6":"product_cat-hikayeler","7":"pa_cilt-ciltsiz","8":"pa_tur-kitap","9":"pa_yayinevi-masalperest","10":"pa_yazar-aysun-altindag","12":"first","13":"instock","14":"sale","15":"shipping-taxable","16":"purchasable","17":"product-type-simple"},"_links":{"self":[{"href":"https:\/\/roveyayinevi.com.tr\/index.php\/wp-json\/wp\/v2\/product\/728591","targetHints":{"allow":["GET"]}}],"collection":[{"href":"https:\/\/roveyayinevi.com.tr\/index.php\/wp-json\/wp\/v2\/product"}],"about":[{"href":"https:\/\/roveyayinevi.com.tr\/index.php\/wp-json\/wp\/v2\/types\/product"}],"wp:attachment":[{"href":"https:\/\/roveyayinevi.com.tr\/index.php\/wp-json\/wp\/v2\/media?parent=728591"}],"wp:term":[{"taxonomy":"product_brand","embeddable":true,"href":"https:\/\/roveyayinevi.com.tr\/index.php\/wp-json\/wp\/v2\/product_brand?post=728591"},{"taxonomy":"product_cat","embeddable":true,"href":"https:\/\/roveyayinevi.com.tr\/index.php\/wp-json\/wp\/v2\/product_cat?post=728591"},{"taxonomy":"product_tag","embeddable":true,"href":"https:\/\/roveyayinevi.com.tr\/index.php\/wp-json\/wp\/v2\/product_tag?post=728591"}],"curies":[{"name":"wp","href":"https:\/\/api.w.org\/{rel}","templated":true}]}}