{"id":728590,"date":"2025-08-27T20:41:53","date_gmt":"2025-08-27T17:41:53","guid":{"rendered":"https:\/\/roveyayinevi.com.tr\/index.php\/urun\/kendine-guvenmek\/"},"modified":"2026-04-12T02:43:46","modified_gmt":"2026-04-11T23:43:46","slug":"kendine-guvenmek","status":"publish","type":"product","link":"https:\/\/roveyayinevi.com.tr\/index.php\/urun\/kendine-guvenmek\/","title":{"rendered":"Kendine G\u00fcvenmek"},"content":{"rendered":"<p>\u0130nsan\u0131, tabiat\u0131n yaratt\u0131\u011f\u0131 en zay\u0131f varl\u0131k olarak tan\u0131mlayabiliriz; yaza k\u0131\u015fa, s\u0131ca\u011fa so\u011fu\u011fa, k\u00fc\u00e7\u00fck bir ser\u00e7e kadar bile dayan\u0131kl\u0131 de\u011fildir. Bununla birlikte \u201ctabiat\u0131n yaratt\u0131\u011f\u0131 en muhte\u015fem mucizedir\u201d de diyebiliriz. \u0130nsan, k\u00fc\u00e7\u00fck bir \u00f6rne\u011fi oldu\u011fu k\u00e2inat ve i\u00e7inde ya\u015fad\u0131\u011f\u0131 tabiat kar\u015f\u0131s\u0131nda acizdir ama akl\u0131 sayesinde ke\u015fif yapma yetisine de sahiptir. D\u0131\u015f\u0131ndaki tabiat\u0131 oldu\u011fu kadar i\u00e7indeki tabiat\u0131 da ke\u015ffetti\u011fi \u00f6l\u00e7\u00fcde g\u00fc\u00e7lenir; bu g\u00fcc\u00fc kullanarak d\u00fcnyas\u0131n\u0131 de\u011fi\u015ftirebilir, d\u00f6n\u00fc\u015ft\u00fcrebilir, kendini yeniden yaratabilir. \u0130nsan, kendi i\u00e7ine yapt\u0131\u011f\u0131 yolculukta vicdan\u0131na ula\u015f\u0131r; sevmeyi, \u015fefkati, payla\u015fmay\u0131, g\u00fclmeyi, erdemleri \u00e7o\u011falt\u0131p b\u00fcy\u00fcterek mutlu olmay\u0131 ke\u015ffeder, bunlar\u0131n g\u00fcc\u00fcne sahip olur ve bu g\u00fcc\u00fc kullan\u0131r. As\u0131l elde edilmesi gereken g\u00fc\u00e7 budur; bu g\u00fcce ula\u015fan insan kendini sevmeyi \u00f6\u011frenir, kendine olan g\u00fcvenini art\u0131r\u0131r. \u0130nsan ayn\u0131 zamanda sosyal bir varl\u0131kt\u0131r; tek ba\u015f\u0131na a\u011flayabilir ancak tek ba\u015f\u0131na g\u00fclerek mutlu olamaz. G\u00fclmekse kendini sevmekle, kendine g\u00fcvenmekle ortaya \u00e7\u0131kan bir eylemdir. Kendinizi ke\u015ffetmeniz, sevmeniz; kendinize g\u00fcvenmeniz ve i\u00e7ten gelerek a\u011f\u0131z dolusu g\u00fclmeniz dile\u011fiyle\u2026 <\/p>\n","protected":false},"excerpt":{"rendered":"<p>\u0130nsan\u0131, tabiat\u0131n yaratt\u0131\u011f\u0131 en zay\u0131f varl\u0131k olarak tan\u0131mlayabiliriz; yaza k\u0131\u015fa, s\u0131ca\u011fa so\u011fu\u011fa, k\u00fc\u00e7\u00fck bir ser\u00e7e kadar bile dayan\u0131kl\u0131 de\u011fildir. Bununla birlikte \u201ctabiat\u0131n yaratt\u0131\u011f\u0131 en muhte\u015fem mucizedir\u201d<span class=\"excerpt-hellip\"> [\u2026]<\/span><\/p>\n","protected":false},"featured_media":0,"template":"","meta":{"_monsterinsights_skip_tracking":false,"_monsterinsights_sitenote_active":false,"_monsterinsights_sitenote_note":"","_monsterinsights_sitenote_category":0},"product_brand":[],"product_cat":[12364,12376],"product_tag":[],"class_list":{"0":"post-728590","1":"product","2":"type-product","3":"status-publish","5":"product_cat-genel-konular","6":"product_cat-kisisel-gelisim","7":"pa_cilt-ciltsiz","8":"pa_tur-kitap","9":"pa_yayinevi-la-kitap-yayinlari","10":"pa_yazar-haydar-ersoz","12":"first","13":"instock","14":"sale","15":"shipping-taxable","16":"purchasable","17":"product-type-simple"},"_links":{"self":[{"href":"https:\/\/roveyayinevi.com.tr\/index.php\/wp-json\/wp\/v2\/product\/728590","targetHints":{"allow":["GET"]}}],"collection":[{"href":"https:\/\/roveyayinevi.com.tr\/index.php\/wp-json\/wp\/v2\/product"}],"about":[{"href":"https:\/\/roveyayinevi.com.tr\/index.php\/wp-json\/wp\/v2\/types\/product"}],"wp:attachment":[{"href":"https:\/\/roveyayinevi.com.tr\/index.php\/wp-json\/wp\/v2\/media?parent=728590"}],"wp:term":[{"taxonomy":"product_brand","embeddable":true,"href":"https:\/\/roveyayinevi.com.tr\/index.php\/wp-json\/wp\/v2\/product_brand?post=728590"},{"taxonomy":"product_cat","embeddable":true,"href":"https:\/\/roveyayinevi.com.tr\/index.php\/wp-json\/wp\/v2\/product_cat?post=728590"},{"taxonomy":"product_tag","embeddable":true,"href":"https:\/\/roveyayinevi.com.tr\/index.php\/wp-json\/wp\/v2\/product_tag?post=728590"}],"curies":[{"name":"wp","href":"https:\/\/api.w.org\/{rel}","templated":true}]}}