{"id":728588,"date":"2025-08-27T20:41:52","date_gmt":"2025-08-27T17:41:52","guid":{"rendered":"https:\/\/roveyayinevi.com.tr\/index.php\/urun\/ottoloyo-truva-ati-doludizgin-1-kitap\/"},"modified":"2026-04-16T02:36:32","modified_gmt":"2026-04-15T23:36:32","slug":"ottoloyo-truva-ati-doludizgin-1-kitap","status":"publish","type":"product","link":"https:\/\/roveyayinevi.com.tr\/index.php\/urun\/ottoloyo-truva-ati-doludizgin-1-kitap\/","title":{"rendered":"Ottoloyo &#8211; Truva At\u0131 Doludizgin (1. Kitap)"},"content":{"rendered":"<p>Sakin ba\u015flayan bir yaz tatili\u2026 OttoDON gezegeninden D\u00fcnya\u2019ya \u0131\u015f\u0131nlanan Ottolar\u2026 Gizli bir kap\u0131y\u0131 a\u00e7malar\u0131yla ba\u015flayan gizemlerle dolu bir macera! Kay\u0131p liderleri Uluotto\u2019nun b\u0131rakt\u0131\u011f\u0131 her ipucu  bir sonrakine g\u00f6t\u00fcr\u00fcyor.<\/p>\n","protected":false},"excerpt":{"rendered":"<p>Sakin ba\u015flayan bir yaz tatili\u2026 OttoDON gezegeninden D\u00fcnya\u2019ya \u0131\u015f\u0131nlanan Ottolar\u2026 Gizli bir kap\u0131y\u0131 a\u00e7malar\u0131yla ba\u015flayan gizemlerle dolu bir macera! Kay\u0131p liderleri Uluotto\u2019nun b\u0131rakt\u0131\u011f\u0131 her ipucu bir<span class=\"excerpt-hellip\"> [\u2026]<\/span><\/p>\n","protected":false},"featured_media":0,"template":"","meta":{"_monsterinsights_skip_tracking":false,"_monsterinsights_sitenote_active":false,"_monsterinsights_sitenote_note":"","_monsterinsights_sitenote_category":0},"product_brand":[],"product_cat":[12275,12274],"product_tag":[],"class_list":{"0":"post-728588","1":"product","2":"type-product","3":"status-publish","5":"product_cat-6-12-yas-kitaplari","6":"product_cat-cocuk-ve-genclik-kitaplari","7":"pa_cilt-ciltsiz","8":"pa_tur-kitap","9":"pa_yayinevi-masalperest-ozel-urun","10":"pa_yazar-mine-cakir-esra-aylin-akalin","12":"first","13":"instock","14":"sale","15":"shipping-taxable","16":"purchasable","17":"product-type-simple"},"_links":{"self":[{"href":"https:\/\/roveyayinevi.com.tr\/index.php\/wp-json\/wp\/v2\/product\/728588","targetHints":{"allow":["GET"]}}],"collection":[{"href":"https:\/\/roveyayinevi.com.tr\/index.php\/wp-json\/wp\/v2\/product"}],"about":[{"href":"https:\/\/roveyayinevi.com.tr\/index.php\/wp-json\/wp\/v2\/types\/product"}],"wp:attachment":[{"href":"https:\/\/roveyayinevi.com.tr\/index.php\/wp-json\/wp\/v2\/media?parent=728588"}],"wp:term":[{"taxonomy":"product_brand","embeddable":true,"href":"https:\/\/roveyayinevi.com.tr\/index.php\/wp-json\/wp\/v2\/product_brand?post=728588"},{"taxonomy":"product_cat","embeddable":true,"href":"https:\/\/roveyayinevi.com.tr\/index.php\/wp-json\/wp\/v2\/product_cat?post=728588"},{"taxonomy":"product_tag","embeddable":true,"href":"https:\/\/roveyayinevi.com.tr\/index.php\/wp-json\/wp\/v2\/product_tag?post=728588"}],"curies":[{"name":"wp","href":"https:\/\/api.w.org\/{rel}","templated":true}]}}