{"id":728587,"date":"2025-08-27T20:41:51","date_gmt":"2025-08-27T17:41:51","guid":{"rendered":"https:\/\/roveyayinevi.com.tr\/index.php\/urun\/ottoloyo-bandirma-vapuru-demir-aldi-2-kitap\/"},"modified":"2026-04-16T02:36:32","modified_gmt":"2026-04-15T23:36:32","slug":"ottoloyo-bandirma-vapuru-demir-aldi-2-kitap","status":"publish","type":"product","link":"https:\/\/roveyayinevi.com.tr\/index.php\/urun\/ottoloyo-bandirma-vapuru-demir-aldi-2-kitap\/","title":{"rendered":"Ottoloyo &#8211; Band\u0131rma Vapuru Demir Ald\u0131 (2. Kitap)"},"content":{"rendered":"<p>Bizim Kafadarlar ve Ottolar kaybolan T\u0131rsotto\u2019yu bulmaya \u00e7al\u0131\u015f\u0131rken Uluotto, Fesatto\u2019dan sonsuzluk iksirinin  form\u00fcl\u00fcn\u00fc saklamaya \u00e7al\u0131\u015f\u0131yor. Sonunda T\u0131rsotto\u2019ya kavu\u015fabilecekler mi? Fesatto amac\u0131na ula\u015fabilecek mi? Yoksa Bizim Kafadarlar annelerine mi yakalan\u0131yorlar?<\/p>\n","protected":false},"excerpt":{"rendered":"<p>Bizim Kafadarlar ve Ottolar kaybolan T\u0131rsotto\u2019yu bulmaya \u00e7al\u0131\u015f\u0131rken Uluotto, Fesatto\u2019dan sonsuzluk iksirinin form\u00fcl\u00fcn\u00fc saklamaya \u00e7al\u0131\u015f\u0131yor. Sonunda T\u0131rsotto\u2019ya kavu\u015fabilecekler mi? Fesatto amac\u0131na ula\u015fabilecek mi? Yoksa Bizim Kafadarlar<span class=\"excerpt-hellip\"> [\u2026]<\/span><\/p>\n","protected":false},"featured_media":0,"template":"","meta":{"_monsterinsights_skip_tracking":false,"_monsterinsights_sitenote_active":false,"_monsterinsights_sitenote_note":"","_monsterinsights_sitenote_category":0},"product_brand":[],"product_cat":[12275,12274],"product_tag":[],"class_list":{"0":"post-728587","1":"product","2":"type-product","3":"status-publish","5":"product_cat-6-12-yas-kitaplari","6":"product_cat-cocuk-ve-genclik-kitaplari","7":"pa_cilt-ciltsiz","8":"pa_tur-kitap","9":"pa_yayinevi-masalperest-ozel-urun","10":"pa_yazar-mine-cakir-esra-aylin-akalin","12":"first","13":"instock","14":"sale","15":"shipping-taxable","16":"purchasable","17":"product-type-simple"},"_links":{"self":[{"href":"https:\/\/roveyayinevi.com.tr\/index.php\/wp-json\/wp\/v2\/product\/728587","targetHints":{"allow":["GET"]}}],"collection":[{"href":"https:\/\/roveyayinevi.com.tr\/index.php\/wp-json\/wp\/v2\/product"}],"about":[{"href":"https:\/\/roveyayinevi.com.tr\/index.php\/wp-json\/wp\/v2\/types\/product"}],"wp:attachment":[{"href":"https:\/\/roveyayinevi.com.tr\/index.php\/wp-json\/wp\/v2\/media?parent=728587"}],"wp:term":[{"taxonomy":"product_brand","embeddable":true,"href":"https:\/\/roveyayinevi.com.tr\/index.php\/wp-json\/wp\/v2\/product_brand?post=728587"},{"taxonomy":"product_cat","embeddable":true,"href":"https:\/\/roveyayinevi.com.tr\/index.php\/wp-json\/wp\/v2\/product_cat?post=728587"},{"taxonomy":"product_tag","embeddable":true,"href":"https:\/\/roveyayinevi.com.tr\/index.php\/wp-json\/wp\/v2\/product_tag?post=728587"}],"curies":[{"name":"wp","href":"https:\/\/api.w.org\/{rel}","templated":true}]}}