{"id":728581,"date":"2025-08-27T20:41:45","date_gmt":"2025-08-27T17:41:45","guid":{"rendered":"https:\/\/roveyayinevi.com.tr\/index.php\/urun\/dagilmalar\/"},"modified":"2026-04-03T02:44:00","modified_gmt":"2026-04-02T23:44:00","slug":"dagilmalar","status":"publish","type":"product","link":"https:\/\/roveyayinevi.com.tr\/index.php\/urun\/dagilmalar\/","title":{"rendered":"Da\u011f\u0131lmalar"},"content":{"rendered":"<p>\u201c\u0130nan\u00e7s\u0131z biri de\u011fildim; inanc\u0131 kaybolmaya ba\u015flayan biriydim. Beni \u00f6ne su\u0308rmu\u0308\u015f \u00e7ocuklu\u011fum vard\u0131. Bir kentim yoktu. Kenti olmayan insan ne yazabilirdi ki? Son cu\u0308mlesinin ru\u0308zg\u00e2r\u0131n sesi oldu\u011funu bildi\u011fim kitab\u0131m\u0131n \u00f6nceki cu\u0308mlelerinin ne oldu\u011funu bilmiyordum. Annem hakl\u0131yd\u0131: Yazamayacakt\u0131m. \u00dczerinden silginin ac\u0131mas\u0131zca ge\u00e7ti\u011fi u\u0308\u00e7 harfli bir kelimeydim: Ben.\u201d Mahsum Ece, Da\u011f\u0131lmalar\u2019da yer alan \u00f6yku\u0308lerinde \u015fimdiki zaman\u0131 ve ge\u00e7mi\u015fi birbirinden ay\u0131ran \u00e7izgiyi yok ediyor, b\u00f6ylece karakterlerinin haf\u0131zalar\u0131, labirentlerle dolu ve \u00e7ok renkli bir du\u0308nyaya d\u00f6nu\u0308\u015fu\u0308yor. Masals\u0131 gu\u0308nleri k\u00f6y yollar\u0131n\u0131n \u00e7amuruna bulananlar, bakt\u0131klar\u0131 her yerde kendilerini g\u00f6rmek isteyen politikac\u0131lar, bu\u0308yu\u0308k\u015fehirlerde vakitlerini birbirlerinin u\u0308stu\u0308ne y\u0131\u011fan modern zaman insanlar\u0131, du\u0308nyan\u0131n bir k\u00f6\u015fesinde unutulmay\u0131 hayat sananlar, hayat nedir bilmeyenler&#8230; Mahsum Ece, ilk kitab\u0131nda \u00f6zgu\u0308n bir ses yarat\u0131yor. Da\u011f\u0131lmalar, hi\u00e7 bitmeyen du\u0308\u015flere, hi\u00e7 bitmeyecek bir ek..<\/p>\n","protected":false},"excerpt":{"rendered":"<p>\u201c\u0130nan\u00e7s\u0131z biri de\u011fildim; inanc\u0131 kaybolmaya ba\u015flayan biriydim. Beni \u00f6ne su\u0308rmu\u0308\u015f \u00e7ocuklu\u011fum vard\u0131. Bir kentim yoktu. Kenti olmayan insan ne yazabilirdi ki? Son cu\u0308mlesinin ru\u0308zg\u00e2r\u0131n sesi oldu\u011funu<span class=\"excerpt-hellip\"> [\u2026]<\/span><\/p>\n","protected":false},"featured_media":0,"template":"","meta":{"_monsterinsights_skip_tracking":false,"_monsterinsights_sitenote_active":false,"_monsterinsights_sitenote_note":"","_monsterinsights_sitenote_category":0},"product_brand":[],"product_cat":[12291,12711],"product_tag":[],"class_list":{"0":"post-728581","1":"product","2":"type-product","3":"status-publish","5":"product_cat-edebiyat","6":"product_cat-roman-oyku","7":"pa_cilt-ciltsiz","8":"pa_tur-kitap","9":"pa_yayinevi-iletisim-yayinlari","10":"pa_yazar-mahsum-ece","12":"first","13":"instock","14":"sale","15":"shipping-taxable","16":"purchasable","17":"product-type-simple"},"_links":{"self":[{"href":"https:\/\/roveyayinevi.com.tr\/index.php\/wp-json\/wp\/v2\/product\/728581","targetHints":{"allow":["GET"]}}],"collection":[{"href":"https:\/\/roveyayinevi.com.tr\/index.php\/wp-json\/wp\/v2\/product"}],"about":[{"href":"https:\/\/roveyayinevi.com.tr\/index.php\/wp-json\/wp\/v2\/types\/product"}],"wp:attachment":[{"href":"https:\/\/roveyayinevi.com.tr\/index.php\/wp-json\/wp\/v2\/media?parent=728581"}],"wp:term":[{"taxonomy":"product_brand","embeddable":true,"href":"https:\/\/roveyayinevi.com.tr\/index.php\/wp-json\/wp\/v2\/product_brand?post=728581"},{"taxonomy":"product_cat","embeddable":true,"href":"https:\/\/roveyayinevi.com.tr\/index.php\/wp-json\/wp\/v2\/product_cat?post=728581"},{"taxonomy":"product_tag","embeddable":true,"href":"https:\/\/roveyayinevi.com.tr\/index.php\/wp-json\/wp\/v2\/product_tag?post=728581"}],"curies":[{"name":"wp","href":"https:\/\/api.w.org\/{rel}","templated":true}]}}