{"id":728579,"date":"2025-08-27T20:41:43","date_gmt":"2025-08-27T17:41:43","guid":{"rendered":"https:\/\/roveyayinevi.com.tr\/index.php\/urun\/merakli-adamin-on-gunu\/"},"modified":"2026-04-16T02:36:32","modified_gmt":"2026-04-15T23:36:32","slug":"merakli-adamin-on-gunu","status":"publish","type":"product","link":"https:\/\/roveyayinevi.com.tr\/index.php\/urun\/merakli-adamin-on-gunu\/","title":{"rendered":"Merakl\u0131 Adam\u0131n On G\u00fcn\u00fc"},"content":{"rendered":"<p>Korona gu\u0308nlerinde, maske karaborsaya du\u0308\u015fmu\u0308\u015f ve halk korkuyla eve kapanm\u0131\u015fken, Yans\u0131n Bu Du\u0308nya mahlasl\u0131 TikTok fenomeni gen\u00e7 bir kad\u0131n gizemli bir \u015fekilde ortadan kaybolur. Bu kaybolu\u015fla birlikte sosyal medyan\u0131n sanal \u00e2lemi ile ger\u00e7ek hayat\u0131n ac\u0131mas\u0131z yu\u0308zu\u0308 aras\u0131ndaki esrar perdesi aralanmaya ba\u015flar&#8230; Mehmet Ero\u011flu, \u0130yi Adam\u0131n On Gu\u0308nu\u0308 ve K\u00f6tu\u0308 Adam\u0131n On Gu\u0308nu\u0308 ile ba\u015flatt\u0131\u011f\u0131 polisiye kurgunun nevi \u015fahs\u0131na mu\u0308nhas\u0131r kahramanlar\u0131n\u0131, nefes kesen yeni bir seru\u0308ven i\u00e7in bulu\u015fturuyor. Merakl\u0131 Adam\u0131n On Gu\u0308nu\u0308, eski avukat Sad\u0131k Demir\u2019in, biraz edebi i\u015ftigal ama en \u00e7ok merak sonucu \u00e7\u0131kt\u0131\u011f\u0131 yolda u\u0308\u00e7 muammay\u0131 \u00e7\u00f6zmek i\u00e7in ge\u00e7irdi\u011fi on gu\u0308nu\u0308n hik\u00e2yesi. Sad\u0131k, bu sefer vigilante\u2019li\u011fe soyunuyor ve kurguda mu\u0308kemmeliyeti yakalamaya \u00e7al\u0131\u015f\u0131yor. \u201cBen de\u011fi\u015fiyorum. Fark\u0131nday\u0131m. \u0130ki ay \u00f6ncesine kadar g\u00f6z al\u0131c\u0131, beni di\u011fer homo sapienslerden farkl\u0131la\u015ft\u0131ran \u00f6nemli bir \u00f6zelli\u011fe sahiptim: \u2018\u0130nsanlardan nefret etme yetene\u011fi\u2026\u2019 \u015eimdi, en az ikisinin \u00e7atlak oldu\u011funu bildi\u011fim, be\u015f ki\u015fiyle k\u00f6fte yiyip, bir an \u00f6nce uyumay\u0131 du\u0308\u015flu\u0308yorum. Kurguda karakterin yazg\u0131s\u0131: De\u011fi\u015fmek.\u201d<\/p>\n","protected":false},"excerpt":{"rendered":"<p>Korona gu\u0308nlerinde, maske karaborsaya du\u0308\u015fmu\u0308\u015f ve halk korkuyla eve kapanm\u0131\u015fken, Yans\u0131n Bu Du\u0308nya mahlasl\u0131 TikTok fenomeni gen\u00e7 bir kad\u0131n gizemli bir \u015fekilde ortadan kaybolur. Bu kaybolu\u015fla<span class=\"excerpt-hellip\"> [\u2026]<\/span><\/p>\n","protected":false},"featured_media":0,"template":"","meta":{"_monsterinsights_skip_tracking":false,"_monsterinsights_sitenote_active":false,"_monsterinsights_sitenote_note":"","_monsterinsights_sitenote_category":0},"product_brand":[],"product_cat":[12291,12711],"product_tag":[],"class_list":{"0":"post-728579","1":"product","2":"type-product","3":"status-publish","5":"product_cat-edebiyat","6":"product_cat-roman-oyku","7":"pa_cilt-ciltsiz","8":"pa_tur-kitap","9":"pa_yayinevi-iletisim-yayinlari","10":"pa_yazar-mehmet-eroglu","12":"first","13":"instock","14":"sale","15":"shipping-taxable","16":"purchasable","17":"product-type-simple"},"_links":{"self":[{"href":"https:\/\/roveyayinevi.com.tr\/index.php\/wp-json\/wp\/v2\/product\/728579","targetHints":{"allow":["GET"]}}],"collection":[{"href":"https:\/\/roveyayinevi.com.tr\/index.php\/wp-json\/wp\/v2\/product"}],"about":[{"href":"https:\/\/roveyayinevi.com.tr\/index.php\/wp-json\/wp\/v2\/types\/product"}],"wp:attachment":[{"href":"https:\/\/roveyayinevi.com.tr\/index.php\/wp-json\/wp\/v2\/media?parent=728579"}],"wp:term":[{"taxonomy":"product_brand","embeddable":true,"href":"https:\/\/roveyayinevi.com.tr\/index.php\/wp-json\/wp\/v2\/product_brand?post=728579"},{"taxonomy":"product_cat","embeddable":true,"href":"https:\/\/roveyayinevi.com.tr\/index.php\/wp-json\/wp\/v2\/product_cat?post=728579"},{"taxonomy":"product_tag","embeddable":true,"href":"https:\/\/roveyayinevi.com.tr\/index.php\/wp-json\/wp\/v2\/product_tag?post=728579"}],"curies":[{"name":"wp","href":"https:\/\/api.w.org\/{rel}","templated":true}]}}