{"id":728574,"date":"2025-08-27T20:41:38","date_gmt":"2025-08-27T17:41:38","guid":{"rendered":"https:\/\/roveyayinevi.com.tr\/index.php\/urun\/ciglik-attigini-kimse-duymayacak-ciltli\/"},"modified":"2026-04-16T02:36:32","modified_gmt":"2026-04-15T23:36:32","slug":"ciglik-attigini-kimse-duymayacak-ciltli","status":"publish","type":"product","link":"https:\/\/roveyayinevi.com.tr\/index.php\/urun\/ciglik-attigini-kimse-duymayacak-ciltli\/","title":{"rendered":"\u00c7\u0131\u011fl\u0131k Att\u0131\u011f\u0131n\u0131 Kimse Duymayacak (Ciltli)"},"content":{"rendered":"<p>Makani Young,  bir y\u0131l \u00f6nce Nebraska\u2019daki b\u00fcy\u00fckannesinin yan\u0131na ta\u015f\u0131nd\u0131\u011f\u0131nda karanl\u0131k ge\u00e7mi\u015fini ard\u0131nda b\u0131rakabildi\u011fini san\u0131yordu. Yepyeni arkada\u015flar edinmi\u015fti ve hatta gizemli Ollie Larsson\u2019la arkada\u015ftan fazlas\u0131 olacaklar gibi g\u00f6r\u00fcn\u00fcyordu.   Tam da her \u015fey yoluna girdi diye d\u00fc\u015f\u00fcn\u00fcrken, lisesindeki pop\u00fcler \u00f6\u011frenciler teker teker \u00f6ld\u00fcr\u00fclmeye ba\u015flad\u0131. Her cinayet bir \u00f6ncekinden daha kanl\u0131, daha vah\u015fi ve daha ac\u0131mas\u0131zd\u0131. Katilin kim oldu\u011funu bulabilmek i\u00e7in onun gibi d\u00fc\u015f\u00fcnebilmek gerekiyordu ve Makani\u2019nin itiraf etmesi gereken \u015feyler vard\u0131.   \u201cStephanIe PerkIns okurlar\u0131na \u00f6nce kendini g\u00fcvende hissettiriyor, sonra da b\u0131\u00e7a\u011f\u0131 ac\u0131mas\u0131zca sapl\u0131yor.\u201d \u2014Publishers Weekly   \u201cBaz\u0131 sayfalar korkudan kan\u0131n\u0131z\u0131 donduracak, baz\u0131lar\u0131nda ise ate\u015fli bir romantizmin i\u00e7ine \u00e7ekileceksiniz.\u201d \u2014HelloGiggles   \u201cBir g\u00f6z\u00fcn\u00fcz a\u00e7\u0131k uyuyacaks\u0131n\u0131z.\u201d \u2014Booklist   \u201cOkumadan \u00f6nce evdeki t\u00fcm \u0131\u015f\u0131klar\u0131 a\u00e7t\u0131\u011f\u0131n\u0131zdan emin olun.\u201d \u2014Seventeen   \u201c\u00c7\u0131\u011fl\u0131k Att\u0131\u011f\u0131n\u0131 Kimse Duymayacak, s\u0131rad\u0131\u015f\u0131 karakterleri ve t\u00fcyler \u00fcrpertici atmosferiyle nefes kesici bir gerilim roman\u0131.\u201d \u2014Courtney Summers \u201cTam da \u00c7\u0131\u011fl\u0131k ve Ge\u00e7en Yaz Ne Yapt\u0131\u011f\u0131n\u0131 Biliyorum gibi modern slasher filmleri sevenlere g\u00f6re\u201d \u2014Mashable<\/p>\n","protected":false},"excerpt":{"rendered":"<p>Makani Young, bir y\u0131l \u00f6nce Nebraska\u2019daki b\u00fcy\u00fckannesinin yan\u0131na ta\u015f\u0131nd\u0131\u011f\u0131nda karanl\u0131k ge\u00e7mi\u015fini ard\u0131nda b\u0131rakabildi\u011fini san\u0131yordu. Yepyeni arkada\u015flar edinmi\u015fti ve hatta gizemli Ollie Larsson\u2019la arkada\u015ftan fazlas\u0131 olacaklar gibi<span class=\"excerpt-hellip\"> [\u2026]<\/span><\/p>\n","protected":false},"featured_media":0,"template":"","meta":{"_monsterinsights_skip_tracking":false,"_monsterinsights_sitenote_active":false,"_monsterinsights_sitenote_note":"","_monsterinsights_sitenote_category":0},"product_brand":[],"product_cat":[12291,17033],"product_tag":[],"class_list":{"0":"post-728574","1":"product","2":"type-product","3":"status-publish","5":"product_cat-edebiyat","6":"product_cat-korku-gerilim","7":"pa_cilt-ciltli","8":"pa_tur-kitap","9":"pa_yayinevi-yabanci-yayinevi","10":"pa_yazar-stephanie-perkins","12":"first","13":"instock","14":"sale","15":"shipping-taxable","16":"purchasable","17":"product-type-simple"},"_links":{"self":[{"href":"https:\/\/roveyayinevi.com.tr\/index.php\/wp-json\/wp\/v2\/product\/728574","targetHints":{"allow":["GET"]}}],"collection":[{"href":"https:\/\/roveyayinevi.com.tr\/index.php\/wp-json\/wp\/v2\/product"}],"about":[{"href":"https:\/\/roveyayinevi.com.tr\/index.php\/wp-json\/wp\/v2\/types\/product"}],"wp:attachment":[{"href":"https:\/\/roveyayinevi.com.tr\/index.php\/wp-json\/wp\/v2\/media?parent=728574"}],"wp:term":[{"taxonomy":"product_brand","embeddable":true,"href":"https:\/\/roveyayinevi.com.tr\/index.php\/wp-json\/wp\/v2\/product_brand?post=728574"},{"taxonomy":"product_cat","embeddable":true,"href":"https:\/\/roveyayinevi.com.tr\/index.php\/wp-json\/wp\/v2\/product_cat?post=728574"},{"taxonomy":"product_tag","embeddable":true,"href":"https:\/\/roveyayinevi.com.tr\/index.php\/wp-json\/wp\/v2\/product_tag?post=728574"}],"curies":[{"name":"wp","href":"https:\/\/api.w.org\/{rel}","templated":true}]}}