{"id":728572,"date":"2025-08-27T20:41:37","date_gmt":"2025-08-27T17:41:37","guid":{"rendered":"https:\/\/roveyayinevi.com.tr\/index.php\/urun\/zapt-et-ya-da-yok-et\/"},"modified":"2026-04-16T02:36:32","modified_gmt":"2026-04-15T23:36:32","slug":"zapt-et-ya-da-yok-et","status":"publish","type":"product","link":"https:\/\/roveyayinevi.com.tr\/index.php\/urun\/zapt-et-ya-da-yok-et\/","title":{"rendered":"Zapt Et ya da Yok Et"},"content":{"rendered":"<p>Kafkasya\u2019da \u00c7e\u00e7enlerin y\u00fczy\u0131llara yay\u0131lan \u00f6zg\u00fcrl\u00fck ve direni\u015f m\u00fccadelesi \u201csayg\u0131nl\u0131k\u201d ve \u201conur\u201d hisleri uyand\u0131r\u0131yor. \u0130nsanl\u0131\u011f\u0131n direni\u015f tarihinde b\u00fcy\u00fck bir anlat\u0131 bu. Ne yaz\u0131k ki bu anlat\u0131n\u0131n son b\u00f6l\u00fcm\u00fc iyi gitmedi.. Zakayev\u2019in 1990-2000 aras\u0131 s\u00fcreci kapsayan kitab\u0131 ki\u015fisel bilgi ve g\u00f6zlemlerimizi teyit eden, zenginle\u015ftiren ve kavrama g\u00fcc\u00fcm\u00fcz\u00fc art\u0131ran \u00e7ok \u00f6nemli ayr\u0131nt\u0131lar i\u00e7eriyor. Bir tiyatrocunun, bir bakan\u0131n, bir sava\u015f\u00e7\u0131n\u0131n, s\u00fcrg\u00fcnde bir ba\u015fbakan\u0131n, yaral\u0131 bir \u00c7e\u00e7en\u2019in an\u0131lar\u0131. -Fehim Ta\u015ftekin- <\/p>\n","protected":false},"excerpt":{"rendered":"<p>Kafkasya\u2019da \u00c7e\u00e7enlerin y\u00fczy\u0131llara yay\u0131lan \u00f6zg\u00fcrl\u00fck ve direni\u015f m\u00fccadelesi \u201csayg\u0131nl\u0131k\u201d ve \u201conur\u201d hisleri uyand\u0131r\u0131yor. \u0130nsanl\u0131\u011f\u0131n direni\u015f tarihinde b\u00fcy\u00fck bir anlat\u0131 bu. Ne yaz\u0131k ki bu anlat\u0131n\u0131n son<span class=\"excerpt-hellip\"> [\u2026]<\/span><\/p>\n","protected":false},"featured_media":0,"template":"","meta":{"_monsterinsights_skip_tracking":false,"_monsterinsights_sitenote_active":false,"_monsterinsights_sitenote_note":"","_monsterinsights_sitenote_category":0},"product_brand":[],"product_cat":[12337],"product_tag":[],"class_list":{"0":"post-728572","1":"product","2":"type-product","3":"status-publish","5":"product_cat-politika-siyaset","6":"pa_cilt-ciltsiz","7":"pa_tur-kitap","8":"pa_yayinevi-koyusiyah-kitap","9":"pa_yazar-ahmed-zakayev","11":"first","12":"instock","13":"sale","14":"shipping-taxable","15":"purchasable","16":"product-type-simple"},"_links":{"self":[{"href":"https:\/\/roveyayinevi.com.tr\/index.php\/wp-json\/wp\/v2\/product\/728572","targetHints":{"allow":["GET"]}}],"collection":[{"href":"https:\/\/roveyayinevi.com.tr\/index.php\/wp-json\/wp\/v2\/product"}],"about":[{"href":"https:\/\/roveyayinevi.com.tr\/index.php\/wp-json\/wp\/v2\/types\/product"}],"wp:attachment":[{"href":"https:\/\/roveyayinevi.com.tr\/index.php\/wp-json\/wp\/v2\/media?parent=728572"}],"wp:term":[{"taxonomy":"product_brand","embeddable":true,"href":"https:\/\/roveyayinevi.com.tr\/index.php\/wp-json\/wp\/v2\/product_brand?post=728572"},{"taxonomy":"product_cat","embeddable":true,"href":"https:\/\/roveyayinevi.com.tr\/index.php\/wp-json\/wp\/v2\/product_cat?post=728572"},{"taxonomy":"product_tag","embeddable":true,"href":"https:\/\/roveyayinevi.com.tr\/index.php\/wp-json\/wp\/v2\/product_tag?post=728572"}],"curies":[{"name":"wp","href":"https:\/\/api.w.org\/{rel}","templated":true}]}}