{"id":728571,"date":"2025-08-27T20:41:36","date_gmt":"2025-08-27T17:41:36","guid":{"rendered":"https:\/\/roveyayinevi.com.tr\/index.php\/urun\/karadeniz-ve-avrupa-yakin-dogu-asya-erken-donem-uygarliklari\/"},"modified":"2026-04-16T02:36:32","modified_gmt":"2026-04-15T23:36:32","slug":"karadeniz-ve-avrupa-yakin-dogu-asya-erken-donem-uygarliklari","status":"publish","type":"product","link":"https:\/\/roveyayinevi.com.tr\/index.php\/urun\/karadeniz-ve-avrupa-yakin-dogu-asya-erken-donem-uygarliklari\/","title":{"rendered":"Karadeniz ve Avrupa, Yak\u0131n Do\u011fu, Asya Erken D\u00f6nem Uygarl\u0131klar\u0131"},"content":{"rendered":"<p>Bug\u00fcne de\u011fin Karadeniz, k\u0131y\u0131lar\u0131, havzas\u0131 ve periferi ile ilgili yap\u0131lm\u0131\u015f arkeolojik \u00e7al\u0131\u015fmalarla ilgili genel bir de\u011ferlendirilme yap\u0131ld\u0131\u011f\u0131nda, bilinenlerin bilinmeyenlerden \u00e7ok daha az oldu\u011fu rahatl\u0131kla g\u00f6r\u00fclebilmektedir. Mariya Ivanova elinizde tuttu\u011funuz bu \u00f6nemli \u00e7al\u0131\u015fmada var olan arkeolojik bilgiyi sosyo-ekonomik disiplin temelinde kullanarak \u00f6nemli sonu\u00e7lara ula\u015fm\u0131\u015ft\u0131r. Ivanova, Karadeniz\u2019i merkeze alarak olu\u015fturdu\u011fu bak\u0131\u015f a\u00e7\u0131s\u0131 ile, k\u00fclt\u00fcrlerin denizden k\u0131y\u0131ya, k\u0131y\u0131dan hinterlanda, hinterlanttan havzaya ge\u00e7i\u015flerini ve kar\u015f\u0131l\u0131kl\u0131 etkile\u015fimlerini perifer b\u00f6lgeleri de inceleyerek ba\u015far\u0131l\u0131 bir \u015fekilde de\u011ferlendirmi\u015ftir. Titiz bir bi\u00e7imde haz\u0131rlanm\u0131\u015f, gerek arazi ara\u015ft\u0131rmalar\u0131 gerek m\u00fcze incelemeleri ve gerekse k\u00fct\u00fcphane \u00e7al\u0131\u015fmalar\u0131 i\u00e7in yo\u011fun bir emek harcanm\u0131\u015f, Tar\u0131k \u00d6zbek ile \u00dcmit Keskin taraf\u0131ndan do\u011fru bir dil ile T\u00fcrk\u00e7eye ve T\u00fcrk arkeolojisine kazand\u0131r\u0131lm\u0131\u015f olan Mariya Ivanova\u2019n\u0131n bu de\u011ferli eseri, konu edindi\u011fi geni\u015f co\u011frafyay\u0131 arkeolojik a\u00e7\u0131dan do\u011fru bir bi\u00e7imde yans\u0131tmay\u0131 ba\u015farm\u0131\u015ft\u0131r. Karadeniz arkeolojisi ile ilgilenenler i\u00e7in bir ba\u015fvuru kayna\u011f\u0131 niteli\u011findeki bu kitab\u0131n yazar\u0131 Mariya Ivanova\u2019y\u0131 bizlere b\u00f6yle de\u011ferli bir eser kazand\u0131rd\u0131\u011f\u0131 i\u00e7in tebrik ederim.<\/p>\n","protected":false},"excerpt":{"rendered":"<p>Bug\u00fcne de\u011fin Karadeniz, k\u0131y\u0131lar\u0131, havzas\u0131 ve periferi ile ilgili yap\u0131lm\u0131\u015f arkeolojik \u00e7al\u0131\u015fmalarla ilgili genel bir de\u011ferlendirilme yap\u0131ld\u0131\u011f\u0131nda, bilinenlerin bilinmeyenlerden \u00e7ok daha az oldu\u011fu rahatl\u0131kla g\u00f6r\u00fclebilmektedir. Mariya<span class=\"excerpt-hellip\"> [\u2026]<\/span><\/p>\n","protected":false},"featured_media":0,"template":"","meta":{"_monsterinsights_skip_tracking":false,"_monsterinsights_sitenote_active":false,"_monsterinsights_sitenote_note":"","_monsterinsights_sitenote_category":0},"product_brand":[],"product_cat":[52477,52478],"product_tag":[],"class_list":{"0":"post-728571","1":"product","2":"type-product","3":"status-publish","5":"product_cat-arastirma","6":"product_cat-arkeoloji","7":"pa_cilt-ciltsiz","8":"pa_tur-kitap","9":"pa_yayinevi-koyusiyah-kitap","10":"pa_yazar-mariya-ivanova","12":"first","13":"instock","14":"sale","15":"shipping-taxable","16":"purchasable","17":"product-type-simple"},"_links":{"self":[{"href":"https:\/\/roveyayinevi.com.tr\/index.php\/wp-json\/wp\/v2\/product\/728571","targetHints":{"allow":["GET"]}}],"collection":[{"href":"https:\/\/roveyayinevi.com.tr\/index.php\/wp-json\/wp\/v2\/product"}],"about":[{"href":"https:\/\/roveyayinevi.com.tr\/index.php\/wp-json\/wp\/v2\/types\/product"}],"wp:attachment":[{"href":"https:\/\/roveyayinevi.com.tr\/index.php\/wp-json\/wp\/v2\/media?parent=728571"}],"wp:term":[{"taxonomy":"product_brand","embeddable":true,"href":"https:\/\/roveyayinevi.com.tr\/index.php\/wp-json\/wp\/v2\/product_brand?post=728571"},{"taxonomy":"product_cat","embeddable":true,"href":"https:\/\/roveyayinevi.com.tr\/index.php\/wp-json\/wp\/v2\/product_cat?post=728571"},{"taxonomy":"product_tag","embeddable":true,"href":"https:\/\/roveyayinevi.com.tr\/index.php\/wp-json\/wp\/v2\/product_tag?post=728571"}],"curies":[{"name":"wp","href":"https:\/\/api.w.org\/{rel}","templated":true}]}}