{"id":728570,"date":"2025-08-27T20:41:36","date_gmt":"2025-08-27T17:41:36","guid":{"rendered":"https:\/\/roveyayinevi.com.tr\/index.php\/urun\/kayip-kita-mu-2\/"},"modified":"2026-04-16T02:36:32","modified_gmt":"2026-04-15T23:36:32","slug":"kayip-kita-mu-2","status":"publish","type":"product","link":"https:\/\/roveyayinevi.com.tr\/index.php\/urun\/kayip-kita-mu-2\/","title":{"rendered":"Kay\u0131p K\u0131ta Mu"},"content":{"rendered":"<p>Hindistan\u2019daki bir tap\u0131nakta bulunan ve bilgili bir rahibin yard\u0131m\u0131yla \u015fifreleri \u00e7\u00f6z\u00fclen kutsal tabletler, son y\u0131llarda insanlar\u0131n ilgisini giderek daha \u00e7ok \u00e7eken Kay\u0131p K\u0131ta Mu\u2019nun varl\u0131\u011f\u0131na i\u015faret ediyor. M\u0131s\u0131r, Burma, Hindistan, Japonya, \u00c7in, G\u00fcney Denizi Adalar\u0131, Orta Amerika, G\u00fcney Amerika ile baz\u0131 Kuzey Amerika K\u0131z\u0131lderili kabileleri ve di\u011fer eski medeniyetlerin ya\u015fad\u0131\u011f\u0131 yerlerde bulunan eski semboller ve s\u00fcrd\u00fcr\u00fclen geleneklerin evrensel bir niteli\u011fe sahip olu\u015fu da,bu kay\u0131p k\u0131tan\u0131n varl\u0131\u011f\u0131n\u0131 g\u00fc\u00e7lendiren veriler aras\u0131nda yer al\u0131yor. James Churchward\u2019\u0131n bu kitapta yer verilen ara\u015ft\u0131rmalar\u0131 da, insanl\u0131\u011f\u0131n ilk kez ortaya \u00e7\u0131kt\u0131\u011f\u0131 iddia edilen Mu K\u0131tas\u0131 hakk\u0131nda detayl\u0131 bilgiler sunuyor. <\/p>\n","protected":false},"excerpt":{"rendered":"<p>Hindistan\u2019daki bir tap\u0131nakta bulunan ve bilgili bir rahibin yard\u0131m\u0131yla \u015fifreleri \u00e7\u00f6z\u00fclen kutsal tabletler, son y\u0131llarda insanlar\u0131n ilgisini giderek daha \u00e7ok \u00e7eken Kay\u0131p K\u0131ta Mu\u2019nun varl\u0131\u011f\u0131na i\u015faret<span class=\"excerpt-hellip\"> [\u2026]<\/span><\/p>\n","protected":false},"featured_media":0,"template":"","meta":{"_monsterinsights_skip_tracking":false,"_monsterinsights_sitenote_active":false,"_monsterinsights_sitenote_note":"","_monsterinsights_sitenote_category":0},"product_brand":[],"product_cat":[12370,12304],"product_tag":[],"class_list":{"0":"post-728570","1":"product","2":"type-product","3":"status-publish","5":"product_cat-arastirma-inceleme","6":"product_cat-tarih","7":"pa_cilt-ciltsiz","8":"pa_tur-kitap","9":"pa_yayinevi-mirhan-kitap","10":"pa_yazar-james-churchward","12":"first","13":"instock","14":"sale","15":"shipping-taxable","16":"purchasable","17":"product-type-simple"},"_links":{"self":[{"href":"https:\/\/roveyayinevi.com.tr\/index.php\/wp-json\/wp\/v2\/product\/728570","targetHints":{"allow":["GET"]}}],"collection":[{"href":"https:\/\/roveyayinevi.com.tr\/index.php\/wp-json\/wp\/v2\/product"}],"about":[{"href":"https:\/\/roveyayinevi.com.tr\/index.php\/wp-json\/wp\/v2\/types\/product"}],"wp:attachment":[{"href":"https:\/\/roveyayinevi.com.tr\/index.php\/wp-json\/wp\/v2\/media?parent=728570"}],"wp:term":[{"taxonomy":"product_brand","embeddable":true,"href":"https:\/\/roveyayinevi.com.tr\/index.php\/wp-json\/wp\/v2\/product_brand?post=728570"},{"taxonomy":"product_cat","embeddable":true,"href":"https:\/\/roveyayinevi.com.tr\/index.php\/wp-json\/wp\/v2\/product_cat?post=728570"},{"taxonomy":"product_tag","embeddable":true,"href":"https:\/\/roveyayinevi.com.tr\/index.php\/wp-json\/wp\/v2\/product_tag?post=728570"}],"curies":[{"name":"wp","href":"https:\/\/api.w.org\/{rel}","templated":true}]}}