{"id":728569,"date":"2025-08-27T20:41:35","date_gmt":"2025-08-27T17:41:35","guid":{"rendered":"https:\/\/roveyayinevi.com.tr\/index.php\/urun\/iletisimsizlik-becerisi\/"},"modified":"2026-04-16T02:36:32","modified_gmt":"2026-04-15T23:36:32","slug":"iletisimsizlik-becerisi","status":"publish","type":"product","link":"https:\/\/roveyayinevi.com.tr\/index.php\/urun\/iletisimsizlik-becerisi\/","title":{"rendered":"Ileti\u015fimsizlik Becerisi"},"content":{"rendered":"<p>A. Kadir \u00d6zer ileti\u015fim(siz)likle ilgili bu temel kitab\u0131nda, insan ile insan aras\u0131ndaki her t\u00fcrl\u00fc temas\u0131n neden ba\u015far\u0131s\u0131zl\u0131kla sonu\u00e7land\u0131\u011f\u0131n\u0131 vurgulay\u0131p, buna yol a\u00e7an yan\u0131lg\u0131lar\u0131 ve \u00e7\u00f6z\u00fcm yollar\u0131n\u0131 ele al\u0131yor&#8230; <\/p>\n","protected":false},"excerpt":{"rendered":"<p>A. Kadir \u00d6zer ileti\u015fim(siz)likle ilgili bu temel kitab\u0131nda, insan ile insan aras\u0131ndaki her t\u00fcrl\u00fc temas\u0131n neden ba\u015far\u0131s\u0131zl\u0131kla sonu\u00e7land\u0131\u011f\u0131n\u0131 vurgulay\u0131p, buna yol a\u00e7an yan\u0131lg\u0131lar\u0131 ve \u00e7\u00f6z\u00fcm yollar\u0131n\u0131<span class=\"excerpt-hellip\"> [\u2026]<\/span><\/p>\n","protected":false},"featured_media":0,"template":"","meta":{"_monsterinsights_skip_tracking":false,"_monsterinsights_sitenote_active":false,"_monsterinsights_sitenote_note":"","_monsterinsights_sitenote_category":0},"product_brand":[],"product_cat":[12358,12357],"product_tag":[],"class_list":{"0":"post-728569","1":"product","2":"type-product","3":"status-publish","5":"product_cat-genel-psikoloji","6":"product_cat-psikoloji","7":"pa_cilt-ciltsiz","8":"pa_tur-kitap","9":"pa_yayinevi-aura-kitaplari","10":"pa_yazar-a-kadir-ozer","12":"first","13":"instock","14":"sale","15":"shipping-taxable","16":"purchasable","17":"product-type-simple"},"_links":{"self":[{"href":"https:\/\/roveyayinevi.com.tr\/index.php\/wp-json\/wp\/v2\/product\/728569","targetHints":{"allow":["GET"]}}],"collection":[{"href":"https:\/\/roveyayinevi.com.tr\/index.php\/wp-json\/wp\/v2\/product"}],"about":[{"href":"https:\/\/roveyayinevi.com.tr\/index.php\/wp-json\/wp\/v2\/types\/product"}],"wp:attachment":[{"href":"https:\/\/roveyayinevi.com.tr\/index.php\/wp-json\/wp\/v2\/media?parent=728569"}],"wp:term":[{"taxonomy":"product_brand","embeddable":true,"href":"https:\/\/roveyayinevi.com.tr\/index.php\/wp-json\/wp\/v2\/product_brand?post=728569"},{"taxonomy":"product_cat","embeddable":true,"href":"https:\/\/roveyayinevi.com.tr\/index.php\/wp-json\/wp\/v2\/product_cat?post=728569"},{"taxonomy":"product_tag","embeddable":true,"href":"https:\/\/roveyayinevi.com.tr\/index.php\/wp-json\/wp\/v2\/product_tag?post=728569"}],"curies":[{"name":"wp","href":"https:\/\/api.w.org\/{rel}","templated":true}]}}