{"id":728568,"date":"2025-08-27T20:41:34","date_gmt":"2025-08-27T17:41:34","guid":{"rendered":"https:\/\/roveyayinevi.com.tr\/index.php\/urun\/sihirli-degnek-senin-elinde\/"},"modified":"2026-04-16T02:36:32","modified_gmt":"2026-04-15T23:36:32","slug":"sihirli-degnek-senin-elinde","status":"publish","type":"product","link":"https:\/\/roveyayinevi.com.tr\/index.php\/urun\/sihirli-degnek-senin-elinde\/","title":{"rendered":"Sihirli De\u011fnek Senin Elinde"},"content":{"rendered":"<p>\u201cSen \u00e7ok g\u00fc\u00e7l\u00fc ama k\u0131r\u0131lgan, \u00e7ok sevgi dolu ama korkan, \u00e7ok enerji dolu ama \u00e7ok\u00e7a yorgun, \u00e7ok kocaman y\u00fcreklisin\u2026 Kendine \u015fefkati, sevgiyi esirgeme. Sen iyi olacaks\u0131n ki bebe\u011fin iyi olsun, y\u00fcz\u00fcnde \u00e7i\u00e7ekler a\u00e7s\u0131n. \u0130nan\u0131yorum g\u00fczel anne, sen ne yaparsan g\u00fczel yapars\u0131n\u2026\u201d Anneler, bebekleri bir sorun ya\u015fad\u0131\u011f\u0131nda zaman zaman endi\u015feye kap\u0131labilirler. \u201cNeden a\u011fl\u0131yor? Yeteri kadar emmiyor! Bu uyku ona yetmeyecek, huzursuz olacak\u2026\u201d O zor anlarda \u015f\u00f6yle d\u00fc\u015f\u00fcnebilirler: \u201cKe\u015fke sihirli bir de\u011fne\u011fim olsa\u2026\u201d Bu kitap, anne-baba olma yolculu\u011funda ailelerin yoluna \u0131\u015f\u0131k tutmak, bilmediklerini \u00f6\u011fretmek ve bebeklerini b\u00fcy\u00fct\u00fcrken hem fiziksel hem psikolojik olarak kendilerini yeterli hissetmelerini sa\u011flamak amac\u0131yla yaz\u0131ld\u0131. Anne ve Bebek Ko\u00e7u, Bebek Hem\u015firesi G\u00f6zde Engin \u00c7iray; hamilelik, do\u011fum, do\u011fum sonras\u0131, yenido\u011fan bak\u0131m\u0131, emzirme, ayl\u0131k geli\u015fim takibi ve ek besin gibi s\u00fcre\u00e7lere de\u011finerek sihirli gibi g\u00f6r\u00fcnen \u00e7\u00f6z\u00fcmlerin asl\u0131nda ne kadar uygulanabilir oldu\u011funu g\u00f6steriyor ve sihirli de\u011fne\u011fi ailelerin eline uzat\u0131yor. \u201cG\u00f6zde Engin \u00c7iray, anne adaylar\u0131na ve annelere bebekleriyle ba\u015flad\u0131klar\u0131 yeni hayatlar\u0131nda harika bir yol arkada\u015f\u0131 olmaya devam ederken, inan\u0131yorum ki kaleme  ald\u0131\u011f\u0131 kitab\u0131yla da pek \u00e7ok ebeveyne rehberlik edecektir.\u201d Ay\u015fe \u00d6ner   \u201cSen \u00e7ok g\u00fc\u00e7l\u00fc ama k\u0131r\u0131lgan, \u00e7ok sevgi dolu ama korkan, \u00e7ok enerji dolu ama \u00e7ok\u00e7a yorgun, \u00e7ok kocaman y\u00fcreklisin\u2026 Kendine \u015fefkati, sevgiyi esirgeme. Sen iyi olacaks\u0131n ki bebe\u011fin iyi olsun, y\u00fcz\u00fcnde \u00e7i\u00e7ekler a\u00e7s\u0131n. \u0130nan\u0131yorum g\u00fczel anne, sen ne yaparsan g\u00fczel yapars\u0131n\u2026\u201d Anneler, bebekleri bir sorun ya\u015fad\u0131\u011f\u0131nda zaman zaman endi\u015feye kap\u0131labilirler. \u201cNeden a\u011fl\u0131yor? Yeteri kadar emmiyor! Bu uyku ona yetmeyecek, huzursuz olacak\u2026\u201d O zor anlarda \u015f\u00f6yle d\u00fc\u015f\u00fcnebilirler: \u201cKe\u015fke sihirli bir de\u011fne\u011fim olsa\u2026\u201d Bu kitap, anne-baba olma yolculu\u011funda ailelerin yoluna \u0131\u015f\u0131k tutmak, bilmediklerini \u00f6\u011fretmek ve bebeklerini b\u00fcy\u00fct\u00fcrken hem fiziksel hem psikolojik olarak kendilerini yeterli hissetmelerini sa\u011flamak amac\u0131yla yaz\u0131ld\u0131. Anne ve Bebek Ko\u00e7u, Bebek Hem\u015firesi G\u00f6zde Engin \u00c7iray; hamilelik, do\u011fum, do\u011fum sonras\u0131, yenido\u011fan bak\u0131m\u0131, emzirme, ayl\u0131k geli\u015fim takibi ve ek besin gibi s\u00fcre\u00e7lere de\u011finerek sihirli gibi g\u00f6r\u00fcnen \u00e7\u00f6z\u00fcmlerin asl\u0131nda ne kadar uygulanabilir oldu\u011funu g\u00f6steriyor ve sihirli de\u011fne\u011fi ailelerin eline uzat\u0131yor. \u201cG\u00f6zde Engin \u00c7iray, anne adaylar\u0131na ve annelere bebekleriyle ba\u015flad\u0131klar\u0131 yeni hayatlar\u0131nda harika bir yol arkada\u015f\u0131 olmaya devam ederken, inan\u0131yorum ki kaleme  ald\u0131\u011f\u0131 kitab\u0131yla da pek \u00e7ok ebeveyne rehberlik edecektir.\u201d Ay\u015fe \u00d6ner   <\/p>\n","protected":false},"excerpt":{"rendered":"<p>\u201cSen \u00e7ok g\u00fc\u00e7l\u00fc ama k\u0131r\u0131lgan, \u00e7ok sevgi dolu ama korkan, \u00e7ok enerji dolu ama \u00e7ok\u00e7a yorgun, \u00e7ok kocaman y\u00fcreklisin\u2026 Kendine \u015fefkati, sevgiyi esirgeme. Sen iyi olacaks\u0131n<span class=\"excerpt-hellip\"> [\u2026]<\/span><\/p>\n","protected":false},"featured_media":0,"template":"","meta":{"_monsterinsights_skip_tracking":false,"_monsterinsights_sitenote_active":false,"_monsterinsights_sitenote_note":"","_monsterinsights_sitenote_category":0},"product_brand":[],"product_cat":[12831,12324],"product_tag":[],"class_list":{"0":"post-728568","1":"product","2":"type-product","3":"status-publish","5":"product_cat-aile-ve-cocuk","6":"product_cat-sosyoloji","7":"pa_cilt-ciltsiz","8":"pa_tur-kitap","9":"pa_yayinevi-nemesis-kitap","10":"pa_yazar-gozde-engin-ciray","12":"first","13":"instock","14":"sale","15":"shipping-taxable","16":"purchasable","17":"product-type-simple"},"_links":{"self":[{"href":"https:\/\/roveyayinevi.com.tr\/index.php\/wp-json\/wp\/v2\/product\/728568","targetHints":{"allow":["GET"]}}],"collection":[{"href":"https:\/\/roveyayinevi.com.tr\/index.php\/wp-json\/wp\/v2\/product"}],"about":[{"href":"https:\/\/roveyayinevi.com.tr\/index.php\/wp-json\/wp\/v2\/types\/product"}],"wp:attachment":[{"href":"https:\/\/roveyayinevi.com.tr\/index.php\/wp-json\/wp\/v2\/media?parent=728568"}],"wp:term":[{"taxonomy":"product_brand","embeddable":true,"href":"https:\/\/roveyayinevi.com.tr\/index.php\/wp-json\/wp\/v2\/product_brand?post=728568"},{"taxonomy":"product_cat","embeddable":true,"href":"https:\/\/roveyayinevi.com.tr\/index.php\/wp-json\/wp\/v2\/product_cat?post=728568"},{"taxonomy":"product_tag","embeddable":true,"href":"https:\/\/roveyayinevi.com.tr\/index.php\/wp-json\/wp\/v2\/product_tag?post=728568"}],"curies":[{"name":"wp","href":"https:\/\/api.w.org\/{rel}","templated":true}]}}