{"id":728566,"date":"2025-08-27T20:41:32","date_gmt":"2025-08-27T17:41:32","guid":{"rendered":"https:\/\/roveyayinevi.com.tr\/index.php\/urun\/bangir-bangir-ferdi-caliyor-evde\/"},"modified":"2026-02-25T13:31:56","modified_gmt":"2026-02-25T10:31:56","slug":"bangir-bangir-ferdi-caliyor-evde","status":"publish","type":"product","link":"https:\/\/roveyayinevi.com.tr\/index.php\/urun\/bangir-bangir-ferdi-caliyor-evde\/","title":{"rendered":"Bang\u0131r Bang\u0131r Ferdi \u00c7al\u0131yor Evde"},"content":{"rendered":"<p>\u201cMaalesef,\u201d diye ba\u015flad\u0131 s\u00f6ze. Maalesef, beyaz bir k\u00e2\u011f\u0131d\u0131n tam ortas\u0131na damlayan kocaman bir m\u00fcrekkep lekesi gibi d\u00fc\u015ft\u00fc i\u00e7ime. Sanki iki mememin ortas\u0131nda bir yer, i\u00e7ine s\u0131cak su d\u00f6k\u00fclm\u00fc\u015f \u00e7ay barda\u011f\u0131 gibi patlad\u0131, k\u0131r\u0131klar\u0131 ci\u011ferlerime batt\u0131 sanki&#8230;\u0130lk bask\u0131s\u0131 2012\u2019de yap\u0131lan Bang\u0131r Bang\u0131r Ferdi \u00c7al\u0131yor Evde\u2026, Mahir \u00dcnsal Eri\u015f\u2019in ilk kitab\u0131. Ancak ilk kitaptan beklenmeyecek bir yetkinli\u011fe sahip, konu ve ki\u015fileri a\u00e7\u0131s\u0131ndan da \u015fa\u015f\u0131rt\u0131c\u0131 bir \u00e7e\u015fitlilik sergileyen bu birbirinden g\u00fczel \u00f6yk\u00fcler bazen bir \u00e7ocu\u011fun g\u00f6z\u00fcnden hayat yaras\u0131n\u0131, bazen bir yeti\u015fkinin umutsuzlu\u011funu, bazen ergenlerin yak\u0131c\u0131 ili\u015fkilerini, bazen de k\u00fc\u00e7\u00fck d\u00fcnyalara s\u0131\u011famayan b\u00fcy\u00fck umutlar\u0131 anlat\u0131yor. Bir k\u0131y\u0131 \u015fehrindeki hayata a\u00e7 gen\u00e7ler, bir meydan kavgas\u0131yla s\u00f6nen umutlar, rastlant\u0131lar\u0131n savurdu\u011fu hayatlar, sanc\u0131l\u0131 b\u00fcy\u00fcmeler, k\u00fc\u00e7\u00fck kasabalardaki b\u00fcy\u00fck aile trajedileri de bu sars\u0131c\u0131 ve dokunakl\u0131 \u00f6yk\u00fclere konu oluyor.Bu \u00fclke insanlar\u0131n\u0131n ya\u015fama gailesini gen\u00e7li\u011fine kar\u015f\u0131n alabildi\u011fine duyarl\u0131 ve olgun bir bak\u0131\u015fla i\u015fliyor Mahir \u00dcnsal Eri\u015f. Yeri geldi\u011finde kendine \u00f6zg\u00fc mizah\u0131n\u0131 da konu\u015fturarak her t\u00fcr insanl\u0131k haline terc\u00fcman oluyor. Ezc\u00fcmle, daha ilk kitab\u0131yla ustala\u015fan yazarlardan oldu\u011funu kan\u0131tl\u0131yor.<\/p>\n","protected":false},"excerpt":{"rendered":"<p>\u201cMaalesef,\u201d diye ba\u015flad\u0131 s\u00f6ze. Maalesef, beyaz bir k\u00e2\u011f\u0131d\u0131n tam ortas\u0131na damlayan kocaman bir m\u00fcrekkep lekesi gibi d\u00fc\u015ft\u00fc i\u00e7ime. Sanki iki mememin ortas\u0131nda bir yer, i\u00e7ine s\u0131cak<span class=\"excerpt-hellip\"> [\u2026]<\/span><\/p>\n","protected":false},"featured_media":0,"template":"","meta":{"_monsterinsights_skip_tracking":false,"_monsterinsights_sitenote_active":false,"_monsterinsights_sitenote_note":"","_monsterinsights_sitenote_category":0},"product_brand":[],"product_cat":[12291,12711],"product_tag":[],"class_list":{"0":"post-728566","1":"product","2":"type-product","3":"status-publish","5":"product_cat-edebiyat","6":"product_cat-roman-oyku","7":"pa_cilt-ciltsiz","8":"pa_tur-kitap","9":"pa_yayinevi-can-yayinlari","10":"pa_yazar-mahir-unsal-eris","12":"first","13":"instock","14":"sale","15":"shipping-taxable","16":"purchasable","17":"product-type-simple"},"_links":{"self":[{"href":"https:\/\/roveyayinevi.com.tr\/index.php\/wp-json\/wp\/v2\/product\/728566","targetHints":{"allow":["GET"]}}],"collection":[{"href":"https:\/\/roveyayinevi.com.tr\/index.php\/wp-json\/wp\/v2\/product"}],"about":[{"href":"https:\/\/roveyayinevi.com.tr\/index.php\/wp-json\/wp\/v2\/types\/product"}],"wp:attachment":[{"href":"https:\/\/roveyayinevi.com.tr\/index.php\/wp-json\/wp\/v2\/media?parent=728566"}],"wp:term":[{"taxonomy":"product_brand","embeddable":true,"href":"https:\/\/roveyayinevi.com.tr\/index.php\/wp-json\/wp\/v2\/product_brand?post=728566"},{"taxonomy":"product_cat","embeddable":true,"href":"https:\/\/roveyayinevi.com.tr\/index.php\/wp-json\/wp\/v2\/product_cat?post=728566"},{"taxonomy":"product_tag","embeddable":true,"href":"https:\/\/roveyayinevi.com.tr\/index.php\/wp-json\/wp\/v2\/product_tag?post=728566"}],"curies":[{"name":"wp","href":"https:\/\/api.w.org\/{rel}","templated":true}]}}