{"id":728565,"date":"2025-08-27T20:41:32","date_gmt":"2025-08-27T17:41:32","guid":{"rendered":"https:\/\/roveyayinevi.com.tr\/index.php\/urun\/duanin-kanatlarinda\/"},"modified":"2026-04-03T02:44:00","modified_gmt":"2026-04-02T23:44:00","slug":"duanin-kanatlarinda","status":"publish","type":"product","link":"https:\/\/roveyayinevi.com.tr\/index.php\/urun\/duanin-kanatlarinda\/","title":{"rendered":"Duan\u0131n Kanatlar\u0131nda"},"content":{"rendered":"<p>Kutsal bir ruh birli\u011finin ger\u00e7ek hayat hik\u00e2yesi Bir enerji-\u015fifa y\u00f6ntemi olan ThetaHealing\u00ae, hayat\u0131n her kesiminden insana yard\u0131m etme ve \u015fifa verme konusundaki inan\u0131lmaz g\u00fcc\u00fcyle t\u00fcm d\u00fcnyada tan\u0131n\u0131r hale gelmi\u015ftir. ThetaHealing\u00ae bir\u00e7ok ki\u015finin hayat\u0131na dokunmu\u015f olsa da \u00e7ok az insan onun yarat\u0131lmas\u0131n\u0131n yolunu a\u00e7an g\u00fczel a\u015fk hik\u00e2yesini biliyor. Duan\u0131n Kanatlar\u0131nda, Vianna ile Guy\u2019\u0131, \u00e7e\u015fitli varolu\u015f seviyelerindeki ki\u015fisel geli\u015fimler i\u00e7in, iyile\u015ftirme modelleri yaratmaya y\u00f6nlendiren mutlu anlar ve g\u00f6n\u00fcl yaralar\u0131 aras\u0131nda bir yolculuktur. Bu kitap, a\u015fk\u0131n as\u0131rlar boyu s\u00fcrece\u011fine inanma cesareti olan t\u00fcm romantiklere adanm\u0131\u015ft\u0131r. Vianna ve Guy Stibal, \u015fifa paradigmalar\u0131n\u0131 t\u00fcm d\u00fcnyaya yaymaya kararl\u0131d\u0131r. Vianna 150\u2019den fazla \u00fclkede \u00e7al\u0131\u015fan ThetaHealing\u00ae e\u011fitmenleri ve uygulay\u0131c\u0131lar\u0131na ders vermi\u015ftir. <\/p>\n","protected":false},"excerpt":{"rendered":"<p>Kutsal bir ruh birli\u011finin ger\u00e7ek hayat hik\u00e2yesi Bir enerji-\u015fifa y\u00f6ntemi olan ThetaHealing\u00ae, hayat\u0131n her kesiminden insana yard\u0131m etme ve \u015fifa verme konusundaki inan\u0131lmaz g\u00fcc\u00fcyle t\u00fcm d\u00fcnyada<span class=\"excerpt-hellip\"> [\u2026]<\/span><\/p>\n","protected":false},"featured_media":0,"template":"","meta":{"_monsterinsights_skip_tracking":false,"_monsterinsights_sitenote_active":false,"_monsterinsights_sitenote_note":"","_monsterinsights_sitenote_category":0},"product_brand":[],"product_cat":[12364,12376],"product_tag":[],"class_list":{"0":"post-728565","1":"product","2":"type-product","3":"status-publish","5":"product_cat-genel-konular","6":"product_cat-kisisel-gelisim","7":"pa_cilt-ciltsiz","8":"pa_tur-kitap","9":"pa_yayinevi-nemesis-kitap","10":"pa_yazar-vianna-stibal","12":"first","13":"instock","14":"sale","15":"shipping-taxable","16":"purchasable","17":"product-type-simple"},"_links":{"self":[{"href":"https:\/\/roveyayinevi.com.tr\/index.php\/wp-json\/wp\/v2\/product\/728565","targetHints":{"allow":["GET"]}}],"collection":[{"href":"https:\/\/roveyayinevi.com.tr\/index.php\/wp-json\/wp\/v2\/product"}],"about":[{"href":"https:\/\/roveyayinevi.com.tr\/index.php\/wp-json\/wp\/v2\/types\/product"}],"wp:attachment":[{"href":"https:\/\/roveyayinevi.com.tr\/index.php\/wp-json\/wp\/v2\/media?parent=728565"}],"wp:term":[{"taxonomy":"product_brand","embeddable":true,"href":"https:\/\/roveyayinevi.com.tr\/index.php\/wp-json\/wp\/v2\/product_brand?post=728565"},{"taxonomy":"product_cat","embeddable":true,"href":"https:\/\/roveyayinevi.com.tr\/index.php\/wp-json\/wp\/v2\/product_cat?post=728565"},{"taxonomy":"product_tag","embeddable":true,"href":"https:\/\/roveyayinevi.com.tr\/index.php\/wp-json\/wp\/v2\/product_tag?post=728565"}],"curies":[{"name":"wp","href":"https:\/\/api.w.org\/{rel}","templated":true}]}}