{"id":728564,"date":"2025-08-27T20:41:31","date_gmt":"2025-08-27T17:41:31","guid":{"rendered":"https:\/\/roveyayinevi.com.tr\/index.php\/urun\/pozitif-cocuk\/"},"modified":"2026-04-16T02:36:32","modified_gmt":"2026-04-15T23:36:32","slug":"pozitif-cocuk","status":"publish","type":"product","link":"https:\/\/roveyayinevi.com.tr\/index.php\/urun\/pozitif-cocuk\/","title":{"rendered":"Pozitif \u00c7ocuk"},"content":{"rendered":"<p>Sevilmekten mutlu olmayan \u00e7ocuk, duygu d\u00fcnyas\u0131 zarar g\u00f6rm\u00fc\u015f \u00e7ocuktur.\u00c7ocuklar bizlerle ayn\u0131 d\u00fcnyada ya\u015far fakat bizlerle ayn\u0131 g\u00f6zle d\u00fcnyaya bakmazlar. \u00c7ocu\u011funuzla ya\u015fad\u0131\u011f\u0131n\u0131z problemlerin hemen hemen hepsi onu ve d\u00fcnyas\u0131n\u0131 tan\u0131yamamaktan kaynaklan\u0131r. Bu hususta bir\u00e7ok ebeveynin endi\u015fesi ve \u00fcz\u00fcnt\u00fcs\u00fc benzerdir.\u00c7ocuk i\u00e7inde kodlanm\u0131\u015f olan ve bizim g\u00f6remedi\u011fimiz, bilemedi\u011fimiz ve fark\u0131na varamad\u0131\u011f\u0131m\u0131z kendisine has y\u00f6ntemleriyle kendini hayata haz\u0131rlar. O zaman biz kim oluyoruz? Bizler, onun kendi y\u00f6ntemlerini uygulayabilmesi i\u00e7in ona imk\u00e2n ve f\u0131rsat sa\u011flay\u0131c\u0131lar\u0131z. Bu nedenle ebeveynler olarak pozitif \u00e7ocuklar yeti\u015ftirebilmemiz i\u00e7in \u201c\u00e7ocu\u011fun y\u00f6ntemlerini\u201d ke\u015ffetmemiz gerekmektedir.Gerek ya\u015fad\u0131\u011f\u0131n\u0131z hayata anlam katabilmeniz gerek \u00e7ocuklar\u0131n\u0131zla ruhsal anlamda yak\u0131nla\u015fman\u0131z i\u00e7in pedagojik a\u00e7\u0131dan yap\u0131lmas\u0131 gerekenler konusundaki pratik y\u00f6ntemler bu kitapta sizi bekliyor<\/p>\n","protected":false},"excerpt":{"rendered":"<p>Sevilmekten mutlu olmayan \u00e7ocuk, duygu d\u00fcnyas\u0131 zarar g\u00f6rm\u00fc\u015f \u00e7ocuktur.\u00c7ocuklar bizlerle ayn\u0131 d\u00fcnyada ya\u015far fakat bizlerle ayn\u0131 g\u00f6zle d\u00fcnyaya bakmazlar. \u00c7ocu\u011funuzla ya\u015fad\u0131\u011f\u0131n\u0131z problemlerin hemen hemen hepsi onu<span class=\"excerpt-hellip\"> [\u2026]<\/span><\/p>\n","protected":false},"featured_media":0,"template":"","meta":{"_monsterinsights_skip_tracking":false,"_monsterinsights_sitenote_active":false,"_monsterinsights_sitenote_note":"","_monsterinsights_sitenote_category":0},"product_brand":[],"product_cat":[12364,12376],"product_tag":[],"class_list":{"0":"post-728564","1":"product","2":"type-product","3":"status-publish","5":"product_cat-genel-konular","6":"product_cat-kisisel-gelisim","7":"pa_cilt-ciltsiz","8":"pa_tur-kitap","9":"pa_yayinevi-peta-kitap","10":"pa_yazar-yasar-kuru","12":"first","13":"instock","14":"sale","15":"shipping-taxable","16":"purchasable","17":"product-type-simple"},"_links":{"self":[{"href":"https:\/\/roveyayinevi.com.tr\/index.php\/wp-json\/wp\/v2\/product\/728564","targetHints":{"allow":["GET"]}}],"collection":[{"href":"https:\/\/roveyayinevi.com.tr\/index.php\/wp-json\/wp\/v2\/product"}],"about":[{"href":"https:\/\/roveyayinevi.com.tr\/index.php\/wp-json\/wp\/v2\/types\/product"}],"wp:attachment":[{"href":"https:\/\/roveyayinevi.com.tr\/index.php\/wp-json\/wp\/v2\/media?parent=728564"}],"wp:term":[{"taxonomy":"product_brand","embeddable":true,"href":"https:\/\/roveyayinevi.com.tr\/index.php\/wp-json\/wp\/v2\/product_brand?post=728564"},{"taxonomy":"product_cat","embeddable":true,"href":"https:\/\/roveyayinevi.com.tr\/index.php\/wp-json\/wp\/v2\/product_cat?post=728564"},{"taxonomy":"product_tag","embeddable":true,"href":"https:\/\/roveyayinevi.com.tr\/index.php\/wp-json\/wp\/v2\/product_tag?post=728564"}],"curies":[{"name":"wp","href":"https:\/\/api.w.org\/{rel}","templated":true}]}}