{"id":728562,"date":"2025-08-27T20:41:29","date_gmt":"2025-08-27T17:41:29","guid":{"rendered":"https:\/\/roveyayinevi.com.tr\/index.php\/urun\/cise-bir-su-damlasinin-hayat-dongusu\/"},"modified":"2026-04-16T02:36:32","modified_gmt":"2026-04-15T23:36:32","slug":"cise-bir-su-damlasinin-hayat-dongusu","status":"publish","type":"product","link":"https:\/\/roveyayinevi.com.tr\/index.php\/urun\/cise-bir-su-damlasinin-hayat-dongusu\/","title":{"rendered":"\u00c7ise: Bir Su Damlas\u0131n\u0131n Hayat D\u00f6ng\u00fcs\u00fc"},"content":{"rendered":"<p>Su, \u015f\u00fcphesiz ki insan\u0131n ve ya\u015fam\u0131n vazge\u00e7ilmez bir ya\u015fam kayna\u011f\u0131d\u0131r. Her ge\u00e7en g\u00fcn insano\u011flunun etkileriyle de\u011fi\u015fmekte olan ve gelecek nesillere b\u0131rakaca\u011f\u0131m\u0131z d\u00fcnyam\u0131z\u0131 korumak i\u00e7in bu kayna\u011f\u0131m\u0131za gereken \u00f6zenin g\u00f6sterilmesi gerekmektedir.Bizler hem bir yeti\u015fkin hem de bir ebeveyn olarak \u00f6nce kendimizden ba\u015flamal\u0131, ard\u0131ndan \u00e7ocuklar\u0131m\u0131za suyun \u00f6nemini anlatmal\u0131 ve bu konuda fark\u0131ndal\u0131k kazand\u0131rmal\u0131y\u0131z. \u00c7ise: Bir Su Damlas\u0131n\u0131n Hayat D\u00f6ng\u00fcs\u00fc, hem e\u011flenceli ve s\u0131cac\u0131k resimleriyle \u00e7ocu\u011funuzun ilgisini kazanacak hem de ak\u0131c\u0131 hik\u00e2yesine eklenen temel bilgilerle suyun, insan ve do\u011fa i\u00e7in ne \u00f6nemli bir kaynak oldu\u011fu bilgisini a\u015f\u0131layacak.<\/p>\n","protected":false},"excerpt":{"rendered":"<p>Su, \u015f\u00fcphesiz ki insan\u0131n ve ya\u015fam\u0131n vazge\u00e7ilmez bir ya\u015fam kayna\u011f\u0131d\u0131r. Her ge\u00e7en g\u00fcn insano\u011flunun etkileriyle de\u011fi\u015fmekte olan ve gelecek nesillere b\u0131rakaca\u011f\u0131m\u0131z d\u00fcnyam\u0131z\u0131 korumak i\u00e7in bu kayna\u011f\u0131m\u0131za<span class=\"excerpt-hellip\"> [\u2026]<\/span><\/p>\n","protected":false},"featured_media":0,"template":"","meta":{"_monsterinsights_skip_tracking":false,"_monsterinsights_sitenote_active":false,"_monsterinsights_sitenote_note":"","_monsterinsights_sitenote_category":0},"product_brand":[],"product_cat":[12274,12523],"product_tag":[],"class_list":{"0":"post-728562","1":"product","2":"type-product","3":"status-publish","5":"product_cat-cocuk-ve-genclik-kitaplari","6":"product_cat-masallar","7":"pa_cilt-ciltsiz","8":"pa_tur-kitap","9":"pa_yayinevi-peta-kitap","10":"pa_yazar-gurcan-demirel-can-batin-demirel","12":"first","13":"instock","14":"sale","15":"shipping-taxable","16":"purchasable","17":"product-type-simple"},"_links":{"self":[{"href":"https:\/\/roveyayinevi.com.tr\/index.php\/wp-json\/wp\/v2\/product\/728562","targetHints":{"allow":["GET"]}}],"collection":[{"href":"https:\/\/roveyayinevi.com.tr\/index.php\/wp-json\/wp\/v2\/product"}],"about":[{"href":"https:\/\/roveyayinevi.com.tr\/index.php\/wp-json\/wp\/v2\/types\/product"}],"wp:attachment":[{"href":"https:\/\/roveyayinevi.com.tr\/index.php\/wp-json\/wp\/v2\/media?parent=728562"}],"wp:term":[{"taxonomy":"product_brand","embeddable":true,"href":"https:\/\/roveyayinevi.com.tr\/index.php\/wp-json\/wp\/v2\/product_brand?post=728562"},{"taxonomy":"product_cat","embeddable":true,"href":"https:\/\/roveyayinevi.com.tr\/index.php\/wp-json\/wp\/v2\/product_cat?post=728562"},{"taxonomy":"product_tag","embeddable":true,"href":"https:\/\/roveyayinevi.com.tr\/index.php\/wp-json\/wp\/v2\/product_tag?post=728562"}],"curies":[{"name":"wp","href":"https:\/\/api.w.org\/{rel}","templated":true}]}}