{"id":728560,"date":"2025-08-27T20:41:27","date_gmt":"2025-08-27T17:41:27","guid":{"rendered":"https:\/\/roveyayinevi.com.tr\/index.php\/urun\/hayvan-ciftligi-10\/"},"modified":"2026-04-16T02:36:32","modified_gmt":"2026-04-15T23:36:32","slug":"hayvan-ciftligi-10","status":"publish","type":"product","link":"https:\/\/roveyayinevi.com.tr\/index.php\/urun\/hayvan-ciftligi-10\/","title":{"rendered":"Hayvan \u00c7iftli\u011fi"},"content":{"rendered":"<p>Bir \u00e7iftlikte ya\u015fayan hayvanlar, kendilerini s\u00f6m\u00fcren insan efendilerini devirmi\u015f, adalet ve e\u015fitli\u011fin h\u00fck\u00fcm s\u00fcrd\u00fc\u011f\u00fc ideal bir hayvan toplumu kurmak i\u00e7in b\u00fcy\u00fck bir f\u0131rsat yakalam\u0131\u015flard\u0131r. Ancak di\u011fer hayvanlardan daha zeki olan iktidar d\u00fc\u015fk\u00fcn\u00fc domuzlar, zamanla devrimi yolundan sapt\u0131rarak, eskisinden daha ac\u0131mas\u0131z ve bask\u0131c\u0131 bir diktat\u00f6rl\u00fck kurarlar. Orwell 1945\u2019te yay\u0131mlanan bu kar\u015f\u0131-\u00fctopyac\u0131 n\u00fckteli ve fantastik siyasal fabl\u0131n\u0131 yazarken, hedefinde 1917 Rus Devrimi ve \u201cStalin\u2019in devrime ihaneti\u201d vard\u0131. Hayvan \u00c7iftli\u011fi, iktidarlar\u0131n\u0131 sa\u011flamla\u015ft\u0131r\u0131rken hak ve \u00f6zg\u00fcrl\u00fcklere g\u00f6z diken politikac\u0131lara, otoriter rejimlerin halklar\u0131 bask\u0131 alt\u0131nda tutmak i\u00e7in kulland\u0131klar\u0131 manip\u00fclasyon ve propaganda y\u00f6ntemlerine kar\u015f\u0131 bir uyar\u0131d\u0131r. \u0130ktidar\u0131n yozla\u015ft\u0131r\u0131c\u0131 etkisini hedef alan bu parlak hiciv, d\u00fcnyada bug\u00fcn de s\u00fcr\u00fcp giden adaletsizli\u011fe kar\u015f\u0131 h\u00e2l\u00e2 ge\u00e7erli mesaj\u0131yla \u201czamans\u0131z\u201d bir ba\u015fyap\u0131tt\u0131r. <\/p>\n","protected":false},"excerpt":{"rendered":"<p>Bir \u00e7iftlikte ya\u015fayan hayvanlar, kendilerini s\u00f6m\u00fcren insan efendilerini devirmi\u015f, adalet ve e\u015fitli\u011fin h\u00fck\u00fcm s\u00fcrd\u00fc\u011f\u00fc ideal bir hayvan toplumu kurmak i\u00e7in b\u00fcy\u00fck bir f\u0131rsat yakalam\u0131\u015flard\u0131r. Ancak di\u011fer<span class=\"excerpt-hellip\"> [\u2026]<\/span><\/p>\n","protected":false},"featured_media":0,"template":"","meta":{"_monsterinsights_skip_tracking":false,"_monsterinsights_sitenote_active":false,"_monsterinsights_sitenote_note":"","_monsterinsights_sitenote_category":0},"product_brand":[],"product_cat":[12291,26797],"product_tag":[],"class_list":{"0":"post-728560","1":"product","2":"type-product","3":"status-publish","5":"product_cat-edebiyat","6":"product_cat-modern-klasikler","7":"pa_cilt-ciltsiz","8":"pa_tur-kitap","9":"pa_yayinevi-is-bankasi-kultur-yayinlari","10":"pa_yazar-george-orwell","12":"first","13":"instock","14":"sale","15":"shipping-taxable","16":"purchasable","17":"product-type-simple"},"_links":{"self":[{"href":"https:\/\/roveyayinevi.com.tr\/index.php\/wp-json\/wp\/v2\/product\/728560","targetHints":{"allow":["GET"]}}],"collection":[{"href":"https:\/\/roveyayinevi.com.tr\/index.php\/wp-json\/wp\/v2\/product"}],"about":[{"href":"https:\/\/roveyayinevi.com.tr\/index.php\/wp-json\/wp\/v2\/types\/product"}],"wp:attachment":[{"href":"https:\/\/roveyayinevi.com.tr\/index.php\/wp-json\/wp\/v2\/media?parent=728560"}],"wp:term":[{"taxonomy":"product_brand","embeddable":true,"href":"https:\/\/roveyayinevi.com.tr\/index.php\/wp-json\/wp\/v2\/product_brand?post=728560"},{"taxonomy":"product_cat","embeddable":true,"href":"https:\/\/roveyayinevi.com.tr\/index.php\/wp-json\/wp\/v2\/product_cat?post=728560"},{"taxonomy":"product_tag","embeddable":true,"href":"https:\/\/roveyayinevi.com.tr\/index.php\/wp-json\/wp\/v2\/product_tag?post=728560"}],"curies":[{"name":"wp","href":"https:\/\/api.w.org\/{rel}","templated":true}]}}