{"id":728559,"date":"2025-08-27T20:41:26","date_gmt":"2025-08-27T17:41:26","guid":{"rendered":"https:\/\/roveyayinevi.com.tr\/index.php\/urun\/1984-7\/"},"modified":"2026-04-16T02:36:32","modified_gmt":"2026-04-15T23:36:32","slug":"1984-7","status":"publish","type":"product","link":"https:\/\/roveyayinevi.com.tr\/index.php\/urun\/1984-7\/","title":{"rendered":"1984"},"content":{"rendered":"<p>1984, hi\u00e7 ku\u015fkusuz 20. y\u00fczy\u0131lda yaz\u0131lm\u0131\u015f en g\u00fc\u00e7l\u00fc metinlerden biridir. Orwell\u2019in 1949\u2019da yay\u0131mlanan kar\u015f\u0131-\u00fctopyac\u0131 roman\u0131, k\u00e2busu and\u0131ran bir gelecek vizyonuyla her ku\u015faktan okuru derinden etkilemi\u015ftir. 1984, d\u00fcnyan\u0131n s\u00fcrekli birbiriyle sava\u015f halindeki \u00fc\u00e7 totaliter devletin egemenli\u011fi alt\u0131nda bulundu\u011fu d\u00fc\u015fsel bir gelecekte ge\u00e7er. Her \u015feyin devlet taraf\u0131ndan denetlendi\u011fi belleksiz ve muhalefetsiz bir toplum tehlikesine kar\u015f\u0131 sars\u0131c\u0131 bir uyar\u0131d\u0131r. Etkisi yay\u0131mlan\u0131\u015f\u0131n\u0131n \u00fczerinden ge\u00e7en yetmi\u015f y\u0131lda hi\u00e7 azalmad\u0131\u011f\u0131 gibi daha da artan roman, bug\u00fcn kolektif belle\u011fimize kaz\u0131nm\u0131\u015ft\u0131r adeta. Bunda \u00e7e\u015fitli sinema, televizyon ve sahne uyarlamalar\u0131n\u0131n yan\u0131 s\u0131ra ba\u015fka yap\u0131tlara ilham vermesinin de rol\u00fc b\u00fcy\u00fckt\u00fcr. Ge\u00e7en y\u00fczy\u0131ldan ba\u015fka hi\u00e7bir roman, g\u00fcc\u00fcnden bir \u015fey yitirmeden bu denli g\u00f6z \u00f6n\u00fcnde olmam\u0131\u015ft\u0131r. Bug\u00fcn 1984\u2019e at\u0131fta bulunmadan totaliter rejimlerden, propagandadan, g\u00f6zetlemeden ve ger\u00e7e\u011fin sapt\u0131r\u0131lmas\u0131ndan s\u00f6z etmek neredeyse imk\u00e2ns\u0131zd\u0131r. Roman ayr\u0131ca pop\u00fcler k\u00fclt\u00fcre \u201cB\u00fcy\u00fck Birader\u201d, \u201c\u00e7iftd\u00fc\u015f\u00fcn\u201d, \u201cd\u00fc\u015f\u00fcnsu\u00e7\u201d, \u201cyenikonu\u015f\u201d, \u201cD\u00fc\u015f\u00fcnce Polisi\u201d, \u201c101 No\u2019lu Oda\u201d gibi terimlerden olu\u015fan bir s\u00f6zda\u011far\u0131 arma\u011fan etmi\u015ftir. <\/p>\n","protected":false},"excerpt":{"rendered":"<p>1984, hi\u00e7 ku\u015fkusuz 20. y\u00fczy\u0131lda yaz\u0131lm\u0131\u015f en g\u00fc\u00e7l\u00fc metinlerden biridir. Orwell\u2019in 1949\u2019da yay\u0131mlanan kar\u015f\u0131-\u00fctopyac\u0131 roman\u0131, k\u00e2busu and\u0131ran bir gelecek vizyonuyla her ku\u015faktan okuru derinden etkilemi\u015ftir. 1984,<span class=\"excerpt-hellip\"> [\u2026]<\/span><\/p>\n","protected":false},"featured_media":0,"template":"","meta":{"_monsterinsights_skip_tracking":false,"_monsterinsights_sitenote_active":false,"_monsterinsights_sitenote_note":"","_monsterinsights_sitenote_category":0},"product_brand":[],"product_cat":[12291,26797],"product_tag":[],"class_list":{"0":"post-728559","1":"product","2":"type-product","3":"status-publish","5":"product_cat-edebiyat","6":"product_cat-modern-klasikler","7":"pa_cilt-ciltsiz","8":"pa_tur-kitap","9":"pa_yayinevi-is-bankasi-kultur-yayinlari","10":"pa_yazar-george-orwell","12":"first","13":"instock","14":"sale","15":"shipping-taxable","16":"purchasable","17":"product-type-simple"},"_links":{"self":[{"href":"https:\/\/roveyayinevi.com.tr\/index.php\/wp-json\/wp\/v2\/product\/728559","targetHints":{"allow":["GET"]}}],"collection":[{"href":"https:\/\/roveyayinevi.com.tr\/index.php\/wp-json\/wp\/v2\/product"}],"about":[{"href":"https:\/\/roveyayinevi.com.tr\/index.php\/wp-json\/wp\/v2\/types\/product"}],"wp:attachment":[{"href":"https:\/\/roveyayinevi.com.tr\/index.php\/wp-json\/wp\/v2\/media?parent=728559"}],"wp:term":[{"taxonomy":"product_brand","embeddable":true,"href":"https:\/\/roveyayinevi.com.tr\/index.php\/wp-json\/wp\/v2\/product_brand?post=728559"},{"taxonomy":"product_cat","embeddable":true,"href":"https:\/\/roveyayinevi.com.tr\/index.php\/wp-json\/wp\/v2\/product_cat?post=728559"},{"taxonomy":"product_tag","embeddable":true,"href":"https:\/\/roveyayinevi.com.tr\/index.php\/wp-json\/wp\/v2\/product_tag?post=728559"}],"curies":[{"name":"wp","href":"https:\/\/api.w.org\/{rel}","templated":true}]}}