{"id":728556,"date":"2025-08-27T20:41:24","date_gmt":"2025-08-27T17:41:24","guid":{"rendered":"https:\/\/roveyayinevi.com.tr\/index.php\/urun\/kirk-gun-kirk-gece\/"},"modified":"2026-04-16T02:36:32","modified_gmt":"2026-04-15T23:36:32","slug":"kirk-gun-kirk-gece","status":"publish","type":"product","link":"https:\/\/roveyayinevi.com.tr\/index.php\/urun\/kirk-gun-kirk-gece\/","title":{"rendered":"K\u0131rk G\u00fcn K\u0131rk Gece"},"content":{"rendered":"<p>Osmanl\u0131 \u015fenlikleri, T\u00fcrk g\u00f6sterim sanatlar\u0131n\u0131n hemen her t\u00fcr\u00fcn\u00fc incelemeye bir \u00f6m\u00fcr adam\u0131\u015f ve harcam\u0131\u015f olan Metin And i\u00e7in b\u00fcy\u00fck, geni\u015f bir ke\u015fif alan\u0131 gibiydi. 1950\u2019li y\u0131llardan ba\u015flayarak s\u00fcrekli geli\u015ftirdi\u011fi \u00e7al\u0131\u015fmalar\u0131n\u0131, makaleler ve kitaplar kaleme alarak ortaya koydu; biraz daha uzun ya\u015fayabilse, yeni bulu\u015f ve bulgular\u0131n\u0131 yans\u0131tabilse konu ger\u00e7ek bir \u201c\u015fenlik alan\u0131\u201dna d\u00f6nerdi.   K\u0131rk G\u00fcn K\u0131rk Gece, g\u00fczel bir kitap ad\u0131 olmakla birlikte s\u00f6zel k\u00fclt\u00fcr\u00fcn zirveleri olan masallardan da izler ta\u015f\u0131r. Masal kahramanlar\u0131n\u0131n ayr\u0131nt\u0131s\u0131 bilinmeyen d\u00fc\u011f\u00fcnleri ve \u00e7ekilen \u00e7ilelerin s\u0131rr\u0131n\u0131 a\u00e7\u0131\u011fa vurmayan yolculuklar\u0131 k\u0131rk g\u00fcn k\u0131rk gece s\u00fcrer, geriye d\u00f6n\u00fcl\u00fcp bak\u0131ld\u0131\u011f\u0131nda d\u00fcn gibi gelen, bir arpa boyu yol al\u0131nmam\u0131\u015f gibi anlat\u0131lan masallar\u0131n g\u00fcc\u00fcyle zenginle\u015fen \u015fenlikler, bize ger\u00e7ek bir uygarl\u0131k hik\u00e2yesi de anlat\u0131r.   K\u0131rk G\u00fcn K\u0131rk Gece, Osmanl\u0131 \u015fenliklerine bir sanat bile\u015fkesi olarak bakan And\u2019\u0131n tespitleri, yorumlar\u0131, \u201cerken\u201d ve \u201cy\u00f6nlendirici\u201d \u00f6nerileri sanat tarihi i\u00e7in de iyi niyetli de\u011finmeler i\u00e7eriyor. G\u00f6sterim sanatlar\u0131n\u0131n bu dal\u0131nda hedefe giden yolun ba\u015flar\u0131nda ve ortalar\u0131nda onun ola\u011fan\u00fcst\u00fc gayret ve sezgiyle a\u00e7t\u0131\u011f\u0131 \u201c\u00e7\u0131\u011f\u0131r\u201d ve b\u0131rakt\u0131\u011f\u0131 \u201cizler\u201d var. <\/p>\n","protected":false},"excerpt":{"rendered":"<p>Osmanl\u0131 \u015fenlikleri, T\u00fcrk g\u00f6sterim sanatlar\u0131n\u0131n hemen her t\u00fcr\u00fcn\u00fc incelemeye bir \u00f6m\u00fcr adam\u0131\u015f ve harcam\u0131\u015f olan Metin And i\u00e7in b\u00fcy\u00fck, geni\u015f bir ke\u015fif alan\u0131 gibiydi. 1950\u2019li y\u0131llardan<span class=\"excerpt-hellip\"> [\u2026]<\/span><\/p>\n","protected":false},"featured_media":0,"template":"","meta":{"_monsterinsights_skip_tracking":false,"_monsterinsights_sitenote_active":false,"_monsterinsights_sitenote_note":"","_monsterinsights_sitenote_category":0},"product_brand":[],"product_cat":[13517,12304],"product_tag":[],"class_list":{"0":"post-728556","1":"product","2":"type-product","3":"status-publish","5":"product_cat-osmanli-tarihi","6":"product_cat-tarih","7":"pa_cilt-ciltsiz","8":"pa_tur-kitap","9":"pa_yayinevi-yapi-kredi-yayinlari-sanat","10":"pa_yazar-metin-and","12":"first","13":"instock","14":"sale","15":"shipping-taxable","16":"purchasable","17":"product-type-simple"},"_links":{"self":[{"href":"https:\/\/roveyayinevi.com.tr\/index.php\/wp-json\/wp\/v2\/product\/728556","targetHints":{"allow":["GET"]}}],"collection":[{"href":"https:\/\/roveyayinevi.com.tr\/index.php\/wp-json\/wp\/v2\/product"}],"about":[{"href":"https:\/\/roveyayinevi.com.tr\/index.php\/wp-json\/wp\/v2\/types\/product"}],"wp:attachment":[{"href":"https:\/\/roveyayinevi.com.tr\/index.php\/wp-json\/wp\/v2\/media?parent=728556"}],"wp:term":[{"taxonomy":"product_brand","embeddable":true,"href":"https:\/\/roveyayinevi.com.tr\/index.php\/wp-json\/wp\/v2\/product_brand?post=728556"},{"taxonomy":"product_cat","embeddable":true,"href":"https:\/\/roveyayinevi.com.tr\/index.php\/wp-json\/wp\/v2\/product_cat?post=728556"},{"taxonomy":"product_tag","embeddable":true,"href":"https:\/\/roveyayinevi.com.tr\/index.php\/wp-json\/wp\/v2\/product_tag?post=728556"}],"curies":[{"name":"wp","href":"https:\/\/api.w.org\/{rel}","templated":true}]}}