{"id":728554,"date":"2025-08-27T20:41:22","date_gmt":"2025-08-27T17:41:22","guid":{"rendered":"https:\/\/roveyayinevi.com.tr\/index.php\/urun\/1984-6\/"},"modified":"2026-04-16T02:36:32","modified_gmt":"2026-04-15T23:36:32","slug":"1984-6","status":"publish","type":"product","link":"https:\/\/roveyayinevi.com.tr\/index.php\/urun\/1984-6\/","title":{"rendered":"1984"},"content":{"rendered":"<p>George Orwell Bin Dokuz Y\u00fcz Seksen D\u00f6rt roman\u0131nda \u00fctopik bir d\u00fcnya sunar. Okyanusya, ya\u015fanan \u00e7a\u011f\u0131n ger\u00e7ekli\u011finin \u00e7ok \u00f6tesinde olmayan bir kara par\u00e7as\u0131d\u0131r. \u0130\u015fte o \u201cyok\u00fclke\u201d deolup bitenler, ya\u015fanan sava\u015f \u00e7a\u011f\u0131n\u0131n sanr\u0131lar\u0131n\u0131, itirazlar\u0131n\u0131, \u00f6fkesini yans\u0131t\u0131r bir bak\u0131ma da. Orwell, sava\u015flar\u0131n \u00f6n\u00fcn\u00fc a\u00e7t\u0131\u011f\u0131 yeni y\u00fczy\u0131l\u0131n insanl\u0131k tarihine d\u00fc\u015f\u00fcrece\u011fi g\u00f6lgeleri de hissederek, gelecek y\u0131k\u0131mlar\u0131 da anlat\u0131r. \u0130nsan\u0131 hi\u00e7leyen otoriter y\u00f6netimlerin g\u00fc\u00e7-iktidar h\u0131rs\u0131 yok edicilik anlay\u0131\u015f\u0131n\u0131n g\u00fcn\u00fcm\u00fczde nas\u0131l egemenlik kurabilece\u011fini de \u00f6ng\u00f6r\u00fcl\u00fc bi\u00e7imde hat\u0131rlat\u0131r bize. \u201cBu kitap bir bilimkurgu mu yoksa \u00e7ok ger\u00e7ek\u00e7i bir kitap m\u0131? Ta ba\u015ftan beri s\u00f6yleyegeldi\u011fim \u015feyleri d\u00fc\u015f\u00fcnd\u00fc\u011f\u00fcm zaman bana hi\u00e7 bilimkurguymu\u015f gibi gelmiyor.\u201d <\/p>\n","protected":false},"excerpt":{"rendered":"<p>George Orwell Bin Dokuz Y\u00fcz Seksen D\u00f6rt roman\u0131nda \u00fctopik bir d\u00fcnya sunar. Okyanusya, ya\u015fanan \u00e7a\u011f\u0131n ger\u00e7ekli\u011finin \u00e7ok \u00f6tesinde olmayan bir kara par\u00e7as\u0131d\u0131r. \u0130\u015fte o \u201cyok\u00fclke\u201d deolup<span class=\"excerpt-hellip\"> [\u2026]<\/span><\/p>\n","protected":false},"featured_media":0,"template":"","meta":{"_monsterinsights_skip_tracking":false,"_monsterinsights_sitenote_active":false,"_monsterinsights_sitenote_note":"","_monsterinsights_sitenote_category":0},"product_brand":[],"product_cat":[12291,12711],"product_tag":[],"class_list":{"0":"post-728554","1":"product","2":"type-product","3":"status-publish","5":"product_cat-edebiyat","6":"product_cat-roman-oyku","7":"pa_cilt-ciltsiz","8":"pa_tur-kitap","9":"pa_yayinevi-eksik-parca-yayinlari","10":"pa_yazar-george-orwell","12":"first","13":"instock","14":"sale","15":"shipping-taxable","16":"purchasable","17":"product-type-simple"},"_links":{"self":[{"href":"https:\/\/roveyayinevi.com.tr\/index.php\/wp-json\/wp\/v2\/product\/728554","targetHints":{"allow":["GET"]}}],"collection":[{"href":"https:\/\/roveyayinevi.com.tr\/index.php\/wp-json\/wp\/v2\/product"}],"about":[{"href":"https:\/\/roveyayinevi.com.tr\/index.php\/wp-json\/wp\/v2\/types\/product"}],"wp:attachment":[{"href":"https:\/\/roveyayinevi.com.tr\/index.php\/wp-json\/wp\/v2\/media?parent=728554"}],"wp:term":[{"taxonomy":"product_brand","embeddable":true,"href":"https:\/\/roveyayinevi.com.tr\/index.php\/wp-json\/wp\/v2\/product_brand?post=728554"},{"taxonomy":"product_cat","embeddable":true,"href":"https:\/\/roveyayinevi.com.tr\/index.php\/wp-json\/wp\/v2\/product_cat?post=728554"},{"taxonomy":"product_tag","embeddable":true,"href":"https:\/\/roveyayinevi.com.tr\/index.php\/wp-json\/wp\/v2\/product_tag?post=728554"}],"curies":[{"name":"wp","href":"https:\/\/api.w.org\/{rel}","templated":true}]}}