{"id":728553,"date":"2025-08-27T20:41:21","date_gmt":"2025-08-27T17:41:21","guid":{"rendered":"https:\/\/roveyayinevi.com.tr\/index.php\/urun\/roman-hayattir\/"},"modified":"2026-04-16T02:36:32","modified_gmt":"2026-04-15T23:36:32","slug":"roman-hayattir","status":"publish","type":"product","link":"https:\/\/roveyayinevi.com.tr\/index.php\/urun\/roman-hayattir\/","title":{"rendered":"Roman Hayatt\u0131r"},"content":{"rendered":"<p>\u201cYazar yorumlamamal\u0131d\u0131r. Ama neden ve nas\u0131l yazd\u0131\u011f\u0131n\u0131 anlatabilir.\u201d Umberto Eco\u2019nun bu c\u00fcmlelerini okudu\u011fumda, Roman Hayatt\u0131r\u2019\u0131n ilk be\u015f b\u00f6l\u00fcm\u00fcn\u00fc yazmay\u0131 tamamlam\u0131\u015ft\u0131m. Kimseye ders vermeden, yazar adaylar\u0131n\u0131 y\u00f6nlendirmeden ve tabiri caizse ahk\u00e2m kesmeden romanlar\u0131m\u0131 nas\u0131l yazd\u0131\u011f\u0131m\u0131 anlatmak istiyordum. Romanlar\u0131m\u0131 okuyanlar, her kar\u015f\u0131la\u015fmam\u0131zda sorduklar\u0131 sorular\u0131n yan\u0131tlar\u0131n\u0131 alabilecek, roman yazmak isteyenlerse dokuz roman\u0131 yay\u0131mlanm\u0131\u015f bir yazar\u0131n yazma ser\u00fcvenini \u00f6\u011frenecek ve kendi yollar\u0131nda daha g\u00fcvenli ilerlerken deneyimlerimden de yararlanabileceklerdi. H\u0131rsla sar\u0131ld\u0131m kalemime ve romanlar\u0131mdan \u00f6rnek b\u00f6l\u00fcmler de ekleyerek tam 100 B\u00f6l\u00fcm i\u00e7eren bir kitap haz\u0131rlad\u0131m. Ba\u015fl\u0131klar\u0131n baz\u0131lar\u0131: Ahk\u00e2m Kesmiyor ve \u0130lham Beklemeksizin Kendi Yazma Ser\u00fcvenimi Anlat\u0131yorum Roman\u0131 Yazmaya Ba\u015flamadan \u00d6nce Ana Karakterleri Belirlemeli miyim? Her Yerde Yazabilir miyim? Kullanaca\u011f\u0131m Dil, Karakterlere G\u00f6re Farkl\u0131la\u015fmal\u0131 m\u0131d\u0131r? Roman\u0131 Yazmaya Ba\u015flamadan \u00d6nce Kurgunun T\u00fcm\u00fcn\u00fc Belirlemeli miyim? Nitelikli Roman\u0131n Anlatt\u0131\u011f\u0131 Nedir? Roman\u0131 Ana ve Alt B\u00f6l\u00fcmlere Ay\u0131rarak Yazmak Gerekli midir? \u00d6nce Noktalama \u0130\u015faretleri, Daha Sonra da Yaz\u0131m Kurallar\u0131; Bunlar\u0131 Kavramadan Roman Yaz\u0131labilir mi? \u0130lk Ad\u0131m, Olaylar\u0131 Ya\u015fatmak, Gerilim, S\u00fcr\u00fckleyicilik,Oyunlar ve Ayr\u0131nt\u0131lar Ki\u015filer: Karakterler, Kahramanlar, Tipler, Ana Ki\u015fi ve Yan Ki\u015filer <\/p>\n","protected":false},"excerpt":{"rendered":"<p>\u201cYazar yorumlamamal\u0131d\u0131r. Ama neden ve nas\u0131l yazd\u0131\u011f\u0131n\u0131 anlatabilir.\u201d Umberto Eco\u2019nun bu c\u00fcmlelerini okudu\u011fumda, Roman Hayatt\u0131r\u2019\u0131n ilk be\u015f b\u00f6l\u00fcm\u00fcn\u00fc yazmay\u0131 tamamlam\u0131\u015ft\u0131m. Kimseye ders vermeden, yazar adaylar\u0131n\u0131 y\u00f6nlendirmeden<span class=\"excerpt-hellip\"> [\u2026]<\/span><\/p>\n","protected":false},"featured_media":0,"template":"","meta":{"_monsterinsights_skip_tracking":false,"_monsterinsights_sitenote_active":false,"_monsterinsights_sitenote_note":"","_monsterinsights_sitenote_category":0},"product_brand":[],"product_cat":[13072,12291],"product_tag":[],"class_list":{"0":"post-728553","1":"product","2":"type-product","3":"status-publish","5":"product_cat-arastirma-inceleme-referans","6":"product_cat-edebiyat","7":"pa_cilt-ciltsiz","8":"pa_tur-kitap","9":"pa_yayinevi-yeni-insan-yayinlari","10":"pa_yazar-necdet-ozkaya","12":"first","13":"instock","14":"sale","15":"shipping-taxable","16":"purchasable","17":"product-type-simple"},"_links":{"self":[{"href":"https:\/\/roveyayinevi.com.tr\/index.php\/wp-json\/wp\/v2\/product\/728553","targetHints":{"allow":["GET"]}}],"collection":[{"href":"https:\/\/roveyayinevi.com.tr\/index.php\/wp-json\/wp\/v2\/product"}],"about":[{"href":"https:\/\/roveyayinevi.com.tr\/index.php\/wp-json\/wp\/v2\/types\/product"}],"wp:attachment":[{"href":"https:\/\/roveyayinevi.com.tr\/index.php\/wp-json\/wp\/v2\/media?parent=728553"}],"wp:term":[{"taxonomy":"product_brand","embeddable":true,"href":"https:\/\/roveyayinevi.com.tr\/index.php\/wp-json\/wp\/v2\/product_brand?post=728553"},{"taxonomy":"product_cat","embeddable":true,"href":"https:\/\/roveyayinevi.com.tr\/index.php\/wp-json\/wp\/v2\/product_cat?post=728553"},{"taxonomy":"product_tag","embeddable":true,"href":"https:\/\/roveyayinevi.com.tr\/index.php\/wp-json\/wp\/v2\/product_tag?post=728553"}],"curies":[{"name":"wp","href":"https:\/\/api.w.org\/{rel}","templated":true}]}}