{"id":728551,"date":"2025-08-27T20:41:20","date_gmt":"2025-08-27T17:41:20","guid":{"rendered":"https:\/\/roveyayinevi.com.tr\/index.php\/urun\/leibniz\/"},"modified":"2026-04-16T02:36:32","modified_gmt":"2026-04-15T23:36:32","slug":"leibniz","status":"publish","type":"product","link":"https:\/\/roveyayinevi.com.tr\/index.php\/urun\/leibniz\/","title":{"rendered":"Leibniz"},"content":{"rendered":"<p>\u201cLeibniz, Bat\u0131 gelene\u011finin ku\u015fkusuz en \u00f6nemli filozoflar\u0131ndan biridir, ama ayn\u0131 zamanda al\u0131\u015f\u0131lmad\u0131k derecede zor bir filozoftur. \u2026 \u00c7o\u011fu okur monadlar kuram\u0131na ve bu d\u00fcnyan\u0131n olanakl\u0131 d\u00fcnyalar\u0131n en iyisi oldu\u011fu sav\u0131na g\u00f6sterdikleri ilk direncin \u00fcstesinden gelmekte zorlan\u0131r. Nitekim olanakl\u0131 d\u00fcnyalar\u0131n en iyisi sav\u0131 Leibniz\u2019i, Candide\u2019de Voltaire\u2019in ellerinde kolay bir hedef haline getirmi\u015ftir. Zorlu\u011fun ba\u015fka bir kayna\u011f\u0131 ise tamamen farkl\u0131 bir t\u00fcrdendir. Bir felsefi kitap yay\u0131mlam\u0131\u015f olmas\u0131na ra\u011fmen Leibniz, felsefi kuram ve iddialar\u0131n\u0131n tam bir anlat\u0131m\u0131n\u0131 hi\u00e7 \u00fcretmemi\u015ftir.\u201d Nas\u0131l bir filozofla kar\u015f\u0131 kar\u015f\u0131ya oldu\u011fumuzu bu c\u00fcmlelerle ifade eden Nicholas Jolley\u2019in elinizdeki kitab\u0131, b\u00fct\u00fcn bu g\u00fc\u00e7l\u00fcklerin \u00fcstesinden titizlikle gelen, Leibniz\u2019in kavramlar\u0131n\u0131 ve felsefi anlay\u0131\u015f\u0131n\u0131 a\u00e7\u0131k bir anlat\u0131mla b\u00fct\u00fcnl\u00fc\u011fe kavu\u015fturan bir \u00e7al\u0131\u015fma. Jolley, bu do\u011frultuda, Leibniz\u2019i Descartes, Spinoza, Locke gibi filozoflarla olan tart\u0131\u015fmalar\u0131 \u00e7er\u00e7evesinde konumland\u0131rman\u0131n yan\u0131 s\u0131ra Leibniz \u00e7al\u0131\u015fmalar\u0131nda g\u00f6zden ka\u00e7an ahlak ve siyaset felsefesine ili\u015fkin g\u00f6r\u00fc\u015flerini ele almay\u0131 da ihmal etmiyor. Betrand Russell\u2019\u0131n, \u201ct\u00fcm zamanlar\u0131n en \u00fcst\u00fcn zek\u00e2lar\u0131ndan biri\u201d olarak and\u0131\u011f\u0131 Leibniz i\u00e7in Jolley\u2019in kitab\u0131 vazge\u00e7ilmez bir rehber olmaya aday. <\/p>\n","protected":false},"excerpt":{"rendered":"<p>\u201cLeibniz, Bat\u0131 gelene\u011finin ku\u015fkusuz en \u00f6nemli filozoflar\u0131ndan biridir, ama ayn\u0131 zamanda al\u0131\u015f\u0131lmad\u0131k derecede zor bir filozoftur. \u2026 \u00c7o\u011fu okur monadlar kuram\u0131na ve bu d\u00fcnyan\u0131n olanakl\u0131 d\u00fcnyalar\u0131n<span class=\"excerpt-hellip\"> [\u2026]<\/span><\/p>\n","protected":false},"featured_media":0,"template":"","meta":{"_monsterinsights_skip_tracking":false,"_monsterinsights_sitenote_active":false,"_monsterinsights_sitenote_note":"","_monsterinsights_sitenote_category":0},"product_brand":[],"product_cat":[12388,26788],"product_tag":[],"class_list":{"0":"post-728551","1":"product","2":"type-product","3":"status-publish","5":"product_cat-felsefe","6":"product_cat-filozoflar","7":"pa_cilt-ciltsiz","8":"pa_tur-kitap","9":"pa_yayinevi-alfa-yayinlari","10":"pa_yazar-nicholas-jolley","12":"first","13":"instock","14":"sale","15":"shipping-taxable","16":"purchasable","17":"product-type-simple"},"_links":{"self":[{"href":"https:\/\/roveyayinevi.com.tr\/index.php\/wp-json\/wp\/v2\/product\/728551","targetHints":{"allow":["GET"]}}],"collection":[{"href":"https:\/\/roveyayinevi.com.tr\/index.php\/wp-json\/wp\/v2\/product"}],"about":[{"href":"https:\/\/roveyayinevi.com.tr\/index.php\/wp-json\/wp\/v2\/types\/product"}],"wp:attachment":[{"href":"https:\/\/roveyayinevi.com.tr\/index.php\/wp-json\/wp\/v2\/media?parent=728551"}],"wp:term":[{"taxonomy":"product_brand","embeddable":true,"href":"https:\/\/roveyayinevi.com.tr\/index.php\/wp-json\/wp\/v2\/product_brand?post=728551"},{"taxonomy":"product_cat","embeddable":true,"href":"https:\/\/roveyayinevi.com.tr\/index.php\/wp-json\/wp\/v2\/product_cat?post=728551"},{"taxonomy":"product_tag","embeddable":true,"href":"https:\/\/roveyayinevi.com.tr\/index.php\/wp-json\/wp\/v2\/product_tag?post=728551"}],"curies":[{"name":"wp","href":"https:\/\/api.w.org\/{rel}","templated":true}]}}