{"id":728550,"date":"2025-08-27T20:41:19","date_gmt":"2025-08-27T17:41:19","guid":{"rendered":"https:\/\/roveyayinevi.com.tr\/index.php\/urun\/puskul-adinda-bir-kedi\/"},"modified":"2026-04-16T02:36:32","modified_gmt":"2026-04-15T23:36:32","slug":"puskul-adinda-bir-kedi","status":"publish","type":"product","link":"https:\/\/roveyayinevi.com.tr\/index.php\/urun\/puskul-adinda-bir-kedi\/","title":{"rendered":"P\u00fcsk\u00fcl Ad\u0131nda Bir Kedi"},"content":{"rendered":"<p>Jasmine\u2019in babas\u0131 bir \u00e7ift\u00e7i, annesi ise bir veteriner. Jasmine bu yu\u0308zden vaktinin \u00e7o\u011funu hayvanlarlailgilenerek ve onlar\u0131 beladan uzak tutmaya \u00e7al\u0131\u015farak ge\u00e7iriyor. Ne yaz\u0131k ki \u00e7o\u011fu zaman bunu ba\u015faramay\u0131p ba\u015f\u0131n\u0131 bu\u0308yu\u0308k dertlere sokuyor\u2026 Jasmine ve Tom terk edilmi\u015f bir kedi yavrusu Pu\u0308sku\u0308l\u2019u\u0308 kurtar\u0131rlar. Jasmine, bu sevimli yavruyu o kadar sever ki onu sahiplenmek ister. Fakat i\u015fler du\u0308\u015fu\u0308ndu\u0308\u011fu\u0308 gibi gitmez. Pu\u0308sku\u0308l \u2019u\u0308n bir ailesi vard\u0131r, onu satmak isteyen bir aile! Acaba Jasmine ve Tom, Pu\u0308sku\u0308l\u2019e gelmi\u015f ge\u00e7mi\u015f en iyi Noel hediyesini verebilecek mi? <\/p>\n","protected":false},"excerpt":{"rendered":"<p>Jasmine\u2019in babas\u0131 bir \u00e7ift\u00e7i, annesi ise bir veteriner. Jasmine bu yu\u0308zden vaktinin \u00e7o\u011funu hayvanlarlailgilenerek ve onlar\u0131 beladan uzak tutmaya \u00e7al\u0131\u015farak ge\u00e7iriyor. Ne yaz\u0131k ki \u00e7o\u011fu zaman<span class=\"excerpt-hellip\"> [\u2026]<\/span><\/p>\n","protected":false},"featured_media":0,"template":"","meta":{"_monsterinsights_skip_tracking":false,"_monsterinsights_sitenote_active":false,"_monsterinsights_sitenote_note":"","_monsterinsights_sitenote_category":0},"product_brand":[],"product_cat":[12913,12274],"product_tag":[],"class_list":{"0":"post-728550","1":"product","2":"type-product","3":"status-publish","5":"product_cat-3-6-yas-kitaplari","6":"product_cat-cocuk-ve-genclik-kitaplari","7":"pa_cilt-ciltsiz","8":"pa_tur-kitap","9":"pa_yayinevi-buyulu-fener-yayinlari","10":"pa_yazar-helen-peters","12":"first","13":"instock","14":"sale","15":"shipping-taxable","16":"purchasable","17":"product-type-simple"},"_links":{"self":[{"href":"https:\/\/roveyayinevi.com.tr\/index.php\/wp-json\/wp\/v2\/product\/728550","targetHints":{"allow":["GET"]}}],"collection":[{"href":"https:\/\/roveyayinevi.com.tr\/index.php\/wp-json\/wp\/v2\/product"}],"about":[{"href":"https:\/\/roveyayinevi.com.tr\/index.php\/wp-json\/wp\/v2\/types\/product"}],"wp:attachment":[{"href":"https:\/\/roveyayinevi.com.tr\/index.php\/wp-json\/wp\/v2\/media?parent=728550"}],"wp:term":[{"taxonomy":"product_brand","embeddable":true,"href":"https:\/\/roveyayinevi.com.tr\/index.php\/wp-json\/wp\/v2\/product_brand?post=728550"},{"taxonomy":"product_cat","embeddable":true,"href":"https:\/\/roveyayinevi.com.tr\/index.php\/wp-json\/wp\/v2\/product_cat?post=728550"},{"taxonomy":"product_tag","embeddable":true,"href":"https:\/\/roveyayinevi.com.tr\/index.php\/wp-json\/wp\/v2\/product_tag?post=728550"}],"curies":[{"name":"wp","href":"https:\/\/api.w.org\/{rel}","templated":true}]}}