{"id":728549,"date":"2025-08-27T20:41:18","date_gmt":"2025-08-27T17:41:18","guid":{"rendered":"https:\/\/roveyayinevi.com.tr\/index.php\/urun\/omer-seyfettinin-hikayelerinde-turk-kimligi-ve-milliyetci-soylem\/"},"modified":"2026-04-16T02:36:32","modified_gmt":"2026-04-15T23:36:32","slug":"omer-seyfettinin-hikayelerinde-turk-kimligi-ve-milliyetci-soylem","status":"publish","type":"product","link":"https:\/\/roveyayinevi.com.tr\/index.php\/urun\/omer-seyfettinin-hikayelerinde-turk-kimligi-ve-milliyetci-soylem\/","title":{"rendered":"\u00d6mer Seyfettin\u2019in Hikayelerinde T\u00fcrk Kimli\u011fi Ve Milliyet\u00e7i S\u00f6ylem"},"content":{"rendered":"<p>Tanzimat\u2019tan itibaren Osmanl\u0131\u2019da bir kimlik krizi ba\u015f g\u00f6sterir. Devletin genel siyasetinin ne olmas\u0131 gerekti\u011fi \u00fczerinde fikir y\u00fcr\u00fcten ayd\u0131nlar, ayn\u0131 zamanda kamuoyunun \u00f6nemini fark ederek halk\u0131n benimsemesini arzu ettikleri kimlik tiplerinin i\u00e7ini doldurmaya gayret ederler. Bu \u00e7abalar Osmanl\u0131 ayd\u0131nlar\u0131n\u0131 muhalif bir \u00e7er\u00e7eveye oturturken \u00f6te yandan onlar\u0131 \u201cdevleti kaybetme\u201d psikolojisine do\u011fru s\u00fcr\u00fckler. 1908\u2019e gelindi\u011finde art\u0131k d\u00fcnyada ulus devlet modelleri yayg\u0131nla\u015fm\u0131\u015ft\u0131r. \u00c7ok uluslu bir devlet olarak par\u00e7alanmaya ba\u015flayan Osmanl\u0131\u2019n\u0131n da\u011f\u0131lmas\u0131 \u00f6n\u00fcnde \u00e7areler arayan ayd\u0131nlar\u0131n \u00e7o\u011fu programs\u0131z ve hedefsiz hareketlerinden \u00f6t\u00fcr\u00fc ba\u015far\u0131s\u0131z olmu\u015flard\u0131r. Hem kimlik siyaseti, hem de ayr\u0131l\u0131k\u00e7\u0131 mill\u00ee hareketler imparatorlu\u011fun d\u00f6rt bir yan\u0131n\u0131 sarm\u0131\u015fken, devletin asl\u00ee unsurlar\u0131 ad\u0131na T\u00fcrk milliyet\u00e7ili\u011fini halk temelli bir siyaset olarak savunan, yarat\u0131c\u0131l\u0131\u011f\u0131yla ilgiyi \u00fczerine \u00e7eken bir isim \u00f6ne \u00e7\u0131kar: \u00d6mer Seyfettin <\/p>\n","protected":false},"excerpt":{"rendered":"<p>Tanzimat\u2019tan itibaren Osmanl\u0131\u2019da bir kimlik krizi ba\u015f g\u00f6sterir. Devletin genel siyasetinin ne olmas\u0131 gerekti\u011fi \u00fczerinde fikir y\u00fcr\u00fcten ayd\u0131nlar, ayn\u0131 zamanda kamuoyunun \u00f6nemini fark ederek halk\u0131n benimsemesini<span class=\"excerpt-hellip\"> [\u2026]<\/span><\/p>\n","protected":false},"featured_media":0,"template":"","meta":{"_monsterinsights_skip_tracking":false,"_monsterinsights_sitenote_active":false,"_monsterinsights_sitenote_note":"","_monsterinsights_sitenote_category":0},"product_brand":[],"product_cat":[13072,12291],"product_tag":[],"class_list":{"0":"post-728549","1":"product","2":"type-product","3":"status-publish","5":"product_cat-arastirma-inceleme-referans","6":"product_cat-edebiyat","7":"pa_cilt-ciltsiz","8":"pa_tur-kitap","9":"pa_yayinevi-altinordu-yayinlari","10":"pa_yazar-atilla-aktas","12":"first","13":"instock","14":"sale","15":"shipping-taxable","16":"purchasable","17":"product-type-simple"},"_links":{"self":[{"href":"https:\/\/roveyayinevi.com.tr\/index.php\/wp-json\/wp\/v2\/product\/728549","targetHints":{"allow":["GET"]}}],"collection":[{"href":"https:\/\/roveyayinevi.com.tr\/index.php\/wp-json\/wp\/v2\/product"}],"about":[{"href":"https:\/\/roveyayinevi.com.tr\/index.php\/wp-json\/wp\/v2\/types\/product"}],"wp:attachment":[{"href":"https:\/\/roveyayinevi.com.tr\/index.php\/wp-json\/wp\/v2\/media?parent=728549"}],"wp:term":[{"taxonomy":"product_brand","embeddable":true,"href":"https:\/\/roveyayinevi.com.tr\/index.php\/wp-json\/wp\/v2\/product_brand?post=728549"},{"taxonomy":"product_cat","embeddable":true,"href":"https:\/\/roveyayinevi.com.tr\/index.php\/wp-json\/wp\/v2\/product_cat?post=728549"},{"taxonomy":"product_tag","embeddable":true,"href":"https:\/\/roveyayinevi.com.tr\/index.php\/wp-json\/wp\/v2\/product_tag?post=728549"}],"curies":[{"name":"wp","href":"https:\/\/api.w.org\/{rel}","templated":true}]}}