{"id":728547,"date":"2025-08-27T20:41:16","date_gmt":"2025-08-27T17:41:16","guid":{"rendered":"https:\/\/roveyayinevi.com.tr\/index.php\/urun\/kolay-solfej\/"},"modified":"2026-04-16T02:36:32","modified_gmt":"2026-04-15T23:36:32","slug":"kolay-solfej","status":"publish","type":"product","link":"https:\/\/roveyayinevi.com.tr\/index.php\/urun\/kolay-solfej\/","title":{"rendered":"Kolay Solfej"},"content":{"rendered":"<p>\u00c7alg\u0131 e\u011fitimi, \u00e7ocu\u011funuzu ya\u015fam\u0131 boyunca olumlu etkileyecek, ba\u015fta akademik ve sosyal alanlarda olmak \u00fczere bir \u00e7ok disiplinde ba\u015far\u0131l\u0131 olmas\u0131na katk\u0131 sa\u011flayacak bir s\u00fcre\u00e7tir. Zihinsel kapasitede art\u0131\u015f, ritm duygusu ve reflekslerde geli\u015fme, sab\u0131r, yo\u011funla\u015fabilmede kolayl\u0131k, disiplinli \u00e7al\u0131\u015fma al\u0131\u015fkanl\u0131\u011f\u0131, birlikte i\u015f yapabilme yetene\u011fi gibi konularda do\u011fru ve ilerleyen y\u0131llarda ya\u015fam\u0131n\u0131 kolayla\u015ft\u0131racak de\u011ferler kazand\u0131r\u0131r. Bu kitap, ger\u00e7ekle\u015fecek olan \u00e7al\u0131\u015fmalarda \u00e7ocuklar\u0131m\u0131z\u0131n ihtiyac\u0131 olan, \u201cm\u00fcziksel i\u015fitme-okuma-yazma\u201d  a\u015famas\u0131na destek olacakt\u0131r. \u00dclke ger\u00e7eklerinden yola \u00e7\u0131karak, \u00e7o\u011funlukla ayr\u0131ca solfej e\u011fitimine olanak sa\u011flanamad\u0131\u011f\u0131 i\u00e7in, bu  piyano eksenli \u00e7\u00f6z\u00fcm d\u00fc\u015f\u00fcn\u00fclm\u00fc\u015ft\u00fcr. Amac\u0131m\u0131z k\u00fc\u00e7\u00fck ya\u015f gruplar\u0131na solfeji sevdirmek ve solfej e\u011fitimini kolayla\u015ft\u0131rmakt\u0131r. <\/p>\n","protected":false},"excerpt":{"rendered":"<p>\u00c7alg\u0131 e\u011fitimi, \u00e7ocu\u011funuzu ya\u015fam\u0131 boyunca olumlu etkileyecek, ba\u015fta akademik ve sosyal alanlarda olmak \u00fczere bir \u00e7ok disiplinde ba\u015far\u0131l\u0131 olmas\u0131na katk\u0131 sa\u011flayacak bir s\u00fcre\u00e7tir. Zihinsel kapasitede art\u0131\u015f,<span class=\"excerpt-hellip\"> [\u2026]<\/span><\/p>\n","protected":false},"featured_media":0,"template":"","meta":{"_monsterinsights_skip_tracking":false,"_monsterinsights_sitenote_active":false,"_monsterinsights_sitenote_note":"","_monsterinsights_sitenote_category":0},"product_brand":[],"product_cat":[14591,14556],"product_tag":[],"class_list":{"0":"post-728547","1":"product","2":"type-product","3":"status-publish","5":"product_cat-genel-kavramlar-kuram-ve-tarihce","6":"product_cat-muzik","7":"pa_cilt-ciltsiz","8":"pa_tur-kitap","9":"pa_yayinevi-alfa-yayinlari","10":"pa_yazar-sevinc-ereren","12":"first","13":"instock","14":"sale","15":"shipping-taxable","16":"purchasable","17":"product-type-simple"},"_links":{"self":[{"href":"https:\/\/roveyayinevi.com.tr\/index.php\/wp-json\/wp\/v2\/product\/728547","targetHints":{"allow":["GET"]}}],"collection":[{"href":"https:\/\/roveyayinevi.com.tr\/index.php\/wp-json\/wp\/v2\/product"}],"about":[{"href":"https:\/\/roveyayinevi.com.tr\/index.php\/wp-json\/wp\/v2\/types\/product"}],"wp:attachment":[{"href":"https:\/\/roveyayinevi.com.tr\/index.php\/wp-json\/wp\/v2\/media?parent=728547"}],"wp:term":[{"taxonomy":"product_brand","embeddable":true,"href":"https:\/\/roveyayinevi.com.tr\/index.php\/wp-json\/wp\/v2\/product_brand?post=728547"},{"taxonomy":"product_cat","embeddable":true,"href":"https:\/\/roveyayinevi.com.tr\/index.php\/wp-json\/wp\/v2\/product_cat?post=728547"},{"taxonomy":"product_tag","embeddable":true,"href":"https:\/\/roveyayinevi.com.tr\/index.php\/wp-json\/wp\/v2\/product_tag?post=728547"}],"curies":[{"name":"wp","href":"https:\/\/api.w.org\/{rel}","templated":true}]}}